{"id":40794,"date":"2020-08-14T15:19:10","date_gmt":"2020-08-14T15:19:10","guid":{"rendered":"https:\/\/hurt123.com\/ubicaciones\/pittsburgh\/"},"modified":"2020-08-14T15:19:10","modified_gmt":"2020-08-14T15:19:10","slug":"pittsburgh","status":"publish","type":"page","link":"https:\/\/hurt123.com\/es\/ubicaciones\/pittsburgh\/","title":{"rendered":"Pittsburgh"},"content":{"rendered":"\n\n\t<h3 id=\"fancy-title-16\">ACERCA DE J. FINE LAW<\/h3>\n<p>Como firma de lesiones personales, nos dedicamos a trabajar con una amplia gama de casos, incluidos accidentes automovil\u00edsticos, lugares de trabajo peligrosos, accidentes por resbalones y ca\u00eddas, instalaciones inseguras, violaciones de los derechos civiles y m\u00e1s. Si usted o un ser querido sufri\u00f3 una lesi\u00f3n personal grave, cont\u00e1ctenos hoy. <\/p>\n<details open=\"\">\n<summary>Descripci\u00f3n general de la empresa<\/summary>\n<p>Jason E. Fine, su \u00abAbogado Big Al\u00bb local para todo Pensilvania y Nueva Jersey, con oficinas en Filadelfia, Pittsburgh y Nueva Jersey, incluidos todos los condados circundantes, es nominado seis veces para Pennsylvania Super Lawyers, de los cuales solo se selecciona el 5% de los mejores abogados. Se especializa en representar a v\u00edctimas que sufren lesiones causadas por veh\u00edculos motorizados, resbalones y ca\u00eddas, negligencia en hogares de ancianos, accidentes en sitios de construcci\u00f3n, accidentes laborales y negligencia del personal de seguridad. <\/p>\n<p>Jason ha juzgado muchos casos de alto perfil y ha obtenido enormes premios para sus clientes. Negoci\u00f3 con \u00e9xito un acuerdo de seis cifras para un menor que fue agredido en una guarder\u00eda por un maestro, quien fue procesado penalmente. En otro caso, el cliente de Jason recibi\u00f3 un disparo en la pierna en un bar en la secci\u00f3n Old City de Filadelfia, sufriendo lesiones graves y permanentes. Las habilidades de negociaci\u00f3n y persuasi\u00f3n de Jason dieron como resultado otro acuerdo de seis cifras para su cliente y un cierre forzado del bar. El incidente fue el tema de una historia de la revista Philadelphia. En un tercer caso, Jason negoci\u00f3 con \u00e9xito un acuerdo de $520,000 para la v\u00edctima de un accidente automovil\u00edstico a pesar de que no se requirieron cirug\u00edas ni estad\u00edas en el hospital. En 2016, Jason recibi\u00f3 uno de los mejores veredictos del jurado para todos los juicios por accidentes en el estado de Pensilvania. Tan recientemente como en 2019, juzg\u00f3 un caso en un tribunal federal contra una de las compa\u00f1\u00edas de seguros m\u00e1s grandes. La compa\u00f1\u00eda no hizo ninguna oferta y el abogado Fine obtuvo un veredicto de $ 400,000 para su cliente.        <\/p>\n<p>En su oficina, J Fine Law Group, Jason est\u00e1 respaldado por 20 a\u00f1os de experiencia en juicios y se especializa en todo tipo de accidentes. El abogado Big Al, Jason Fine, puede manejarlo todo. <\/p>\n<p>Cuando se vea involucrado en cualquier tipo de accidente, llame a J. Fine Law, tambi\u00e9n conocido como Attorney Big Al, las 24 horas del d\u00eda, los 7 d\u00edas de la semana para obtener ayuda. Simplemente marque 1.800.HURT.123. Hable directamente con un abogado hoy, no con un asistente legal, \u00e9l responder\u00e1. A lo largo de su carrera de 20 a\u00f1os, el Sr. Fine y su firma han resuelto con \u00e9xito miles de casos de lesiones personales desde Filadelfia hasta Pittsburgh. J. Fine Law ha obtenido m\u00e1s de $25 millones en veredictos y ha negociado acuerdos importantes para sus clientes.    <\/p>\n<\/details>\n<details>\n<summary>Resultados de casos<\/summary>\n<p>\u00a1Pr\u00f3ximamente!<\/p>\n<\/details>\n\t\t\t<p>Mi experiencia con Big Al fue incre\u00edble. Trabajaron duro para representarme y obtener el mejor resultado para mi accidente. Extremadamente comunicativo yo mientras pasaba por el proceso. \u00a1No hay otro abogado de lesiones al que acudir\u00eda! <strong>Junio T.<\/strong><br>Cliente de Florida   <\/p>\t\t\n\t\t\t<p>El abogado Big Al y su personal fueron maravillosos. Desde el momento en que lo contrat\u00e9 como mi abogado durante el proceso de liquidaci\u00f3n, Big Al no solo me mantuvo informado sobre lo que estaba sucediendo con mi caso, sino que siempre me trat\u00f3 como a una familia. Incluso despu\u00e9s de que mi caso se resolvi\u00f3, Big Al se asegur\u00f3 de que se resolvieran todas mis facturas m\u00e9dicas. Cada vez que me preguntan sobre la contrataci\u00f3n de un abogado de lesiones personales, les digo que llamen a Big <strong>Al.Theresa O.<\/strong><br>Cliente de Florida   <\/p>\t\t\n\t\t\t<p>Lo que me encanta de esta firma es que todos parecen preocuparse realmente por los clientes. <strong>Linda R.<\/strong><br>Cliente de Atlanta  <\/p>\t\t\n\t\t\t<p>Lo que me encanta de esta firma es que todos parecen preocuparse realmente por los clientes. <strong>Linda R.<\/strong><br>Cliente de Atlanta<\/p>\t\t\n\t\t\t<p>S\u00e9 que llam\u00e9 mucho, pero siempre me ayudaste y fuiste muy amable. Incluso llamaste para ver c\u00f3mo estaba. Eres el m\u00e1s grande. <strong>Betty M.<\/strong><br>Cliente de Atlanta  <\/p>\t\t\n\t\t\t\t<img fetchpriority=\"high\" decoding=\"async\" src=\"https:\/\/hurt123.com\/wp-content\/uploads\/2024\/03\/jason-fine.jpeg\" alt=\"Jason-Bien\" itemprop=\"image\" height=\"2179\" width=\"2179\" title=\"Jason-Bien\" onerror=\"this.style.display='none'\">\n\t\t<link itemprop=\"url\" href=\"https:\/\/hurt123.com\">\n\t\t<a itemprop=\"sameAs\" href=\"https:\/\/www.facebook.com\/jfinelaw\" target=\"_blank\" title=\"Facebook\" aria-label=\"Facebook\" role=\"button\" rel=\"noopener noreferrer external\">\n\t\t\t\t\t<\/a>\n\t\t\t<a href=\"http:\/\/jfinelaw.com\/\" target=\"_blank\" rel=\"noopener\">\n  Visite nuestro sitio web\n\t\t\t\t\t<\/a>\n\t<p><strong>Abogado de lesiones personales<\/strong><\/p>\n<p><strong>S\u00faper abogado<\/strong><\/p>\n500 Grant Street, Suite 2900<br>Pittsburgh, PA 15219<br>Tel\u00e9fono: 1-800-HURT-123\n\t<iframe src=\"https:\/\/www.google.com\/maps\/embed?pb=!1m14!1m8!1m3!1d12146.441615455822!2d-79.995861!3d40.439625!3m2!1i1024!2i768!4f13.1!3m3!1m2!1s0x8834f1599220dd61%3A0x293a5c4dd0df63d5!2sBNY%20Mellon%20Center%2C%20500%20Fifth%20Ave%20%232900%2C%20Pittsburgh%2C%20PA%2015219!5e0!3m2!1sen!2sus!4v1710958704179!5m2!1sen!2sus\" width=\"600\" height=\"250\" allowfullscreen=\"\" loading=\"lazy\" referrerpolicy=\"no-referrer-when-downgrade\"><\/iframe>\n\n","protected":false},"excerpt":{"rendered":"","protected":false},"author":12,"featured_media":37842,"parent":40935,"menu_order":0,"comment_status":"closed","ping_status":"closed","template":"","meta":{"_acf_changed":false,"footnotes":""},"class_list":["post-40794","page","type-page","status-publish","has-post-thumbnail","hentry"],"acf":[],"_links":{"self":[{"href":"https:\/\/hurt123.com\/es\/wp-json\/wp\/v2\/pages\/40794","targetHints":{"allow":["GET"]}}],"collection":[{"href":"https:\/\/hurt123.com\/es\/wp-json\/wp\/v2\/pages"}],"about":[{"href":"https:\/\/hurt123.com\/es\/wp-json\/wp\/v2\/types\/page"}],"author":[{"embeddable":true,"href":"https:\/\/hurt123.com\/es\/wp-json\/wp\/v2\/users\/12"}],"replies":[{"embeddable":true,"href":"https:\/\/hurt123.com\/es\/wp-json\/wp\/v2\/comments?post=40794"}],"version-history":[{"count":0,"href":"https:\/\/hurt123.com\/es\/wp-json\/wp\/v2\/pages\/40794\/revisions"}],"up":[{"embeddable":true,"href":"https:\/\/hurt123.com\/es\/wp-json\/wp\/v2\/pages\/40935"}],"wp:featuredmedia":[{"embeddable":true,"href":"https:\/\/hurt123.com\/es\/wp-json\/wp\/v2\/media\/37842"}],"wp:attachment":[{"href":"https:\/\/hurt123.com\/es\/wp-json\/wp\/v2\/media?parent=40794"}],"curies":[{"name":"wp","href":"https:\/\/api.w.org\/{rel}","templated":true}]}}