{"id":40795,"date":"2015-03-10T10:59:36","date_gmt":"2015-03-10T10:59:36","guid":{"rendered":"https:\/\/hurt123.com\/ubicaciones\/san-francisco-oakland-y-area-de-la-bahia\/"},"modified":"2015-03-10T10:59:36","modified_gmt":"2015-03-10T10:59:36","slug":"san-francisco-oakland-y-area-de-la-bahia","status":"publish","type":"page","link":"https:\/\/hurt123.com\/es\/ubicaciones\/san-francisco-oakland-y-area-de-la-bahia\/","title":{"rendered":"San Francisco\/Oakland y \u00c1rea de la Bah\u00eda"},"content":{"rendered":"<p>Casi cada cinco segundos alguien se ve involucrado en un accidente automovil\u00edstico. En la mayor\u00eda de las situaciones, estos accidentes automovil\u00edsticos ocurren como resultado de descuido o negligencia. De hecho, los accidentes automovil\u00edsticos son la principal causa de lesiones y muerte para los estadounidenses menores de 35 a\u00f1os. Seg\u00fan la Asociaci\u00f3n Nacional de Tr\u00e1fico de Seguridad en las Carreteras, m\u00e1s de 40,000 personas murieron y m\u00e1s de 2.5 millones resultaron heridas en los Estados Unidos solo en 2007. California tiene el mayor n\u00famero de muertes relacionadas con autom\u00f3viles con m\u00e1s de 3,300 por a\u00f1o. Con demasiada frecuencia, estas lesiones y muertes podr\u00edan haberse evitado. Afortunadamente, existen leyes para proteger a las v\u00edctimas de negligencia automovil\u00edstica.      <\/p>\n<p>Kenneth Klein es su \u00abAbogado Big Al\u00bb local en el \u00c1rea de la Bah\u00eda de San Francisco. Es un abogado calificado en lesiones personales, se ha ganado la reputaci\u00f3n de ayudar con \u00e9xito a las v\u00edctimas de accidentes a obtener justicia y compensaci\u00f3n por sus reclamos y casos de lesiones personales. Nuestro equipo est\u00e1 capacitado para manejar cualquier accidente automovil\u00edstico, grande o peque\u00f1o, de manera justa y r\u00e1pida. Buscamos compensaci\u00f3n por el dolor y el sufrimiento de nuestros clientes, los gastos m\u00e9dicos no pagados y los salarios perdidos. Manejamos casos en base a honorarios de contingencia, que es un porcentaje de su recuperaci\u00f3n. Nuestra firma no cobra ni cobra honorarios ni costos a menos que haya un acuerdo o veredicto a su favor.     <\/p>\n<p>\u00a1Ll\u00e1menos hoy para ver c\u00f3mo nuestros abogados de lesiones pueden brindarle una excelente representaci\u00f3n legal para todos sus reclamos por lesiones personales!<\/p>\n<p>Bienvenido al bufete de abogados de lesiones personales de Kenneth Klein, donde la b\u00fasqueda de la justicia y la equidad es nuestra misi\u00f3n. Tenemos una larga tradici\u00f3n de brindar a nuestros clientes representaci\u00f3n legal profesional durante su momento de necesidad. Todos y cada uno de los miembros de nuestro equipo legal, incluidos asistentes legales, investigadores y profesionales m\u00e9dicos, han sido seleccionados para garantizar una representaci\u00f3n legal de primer nivel para nuestros clientes. Somos un bufete de abogados orientado a resultados que representa a clientes exclusivamente en base a honorarios de contingencia. Esto significa que solo se nos paga cuando resolvemos con \u00e9xito un caso mediante un acuerdo monetario o un veredicto del jurado.    <\/p>\n<p>Entendemos que las v\u00edctimas de lesiones han sufrido mucho y nuestro objetivo es que nuestros clientes reciban una compensaci\u00f3n justa y r\u00e1pida. Puede estar seguro de que no solo tenemos los conocimientos legales para representar a una v\u00edctima lesionada, sino que tambi\u00e9n tenemos los recursos financieros para consultar y retener a los mejores expertos en cualquier campo, lo que nos permite enfrentarnos a las compa\u00f1\u00edas de seguros m\u00e1s grandes con confianza. <\/p>\n<p>Le invitamos a pasar los pr\u00f3ximos minutos navegando por nuestro sitio web, para que pueda aprender m\u00e1s sobre qui\u00e9nes somos y c\u00f3mo hemos luchado por la justicia para clientes con problemas similares a los suyos. Si tiene preguntas o simplemente desea tener una discusi\u00f3n preliminar, esperamos que no dude en contactarnos por correo electr\u00f3nico o por tel\u00e9fono para una consulta gratuita con uno de nuestros abogados de lesiones. <\/p>\n","protected":false},"excerpt":{"rendered":"<p>Casi cada cinco segundos alguien se ve involucrado en un accidente automovil\u00edstico. [&hellip;]<\/p>\n","protected":false},"author":12,"featured_media":0,"parent":40935,"menu_order":0,"comment_status":"open","ping_status":"open","template":"","meta":{"_acf_changed":false,"footnotes":""},"class_list":["post-40795","page","type-page","status-publish","hentry"],"acf":[],"_links":{"self":[{"href":"https:\/\/hurt123.com\/es\/wp-json\/wp\/v2\/pages\/40795","targetHints":{"allow":["GET"]}}],"collection":[{"href":"https:\/\/hurt123.com\/es\/wp-json\/wp\/v2\/pages"}],"about":[{"href":"https:\/\/hurt123.com\/es\/wp-json\/wp\/v2\/types\/page"}],"author":[{"embeddable":true,"href":"https:\/\/hurt123.com\/es\/wp-json\/wp\/v2\/users\/12"}],"replies":[{"embeddable":true,"href":"https:\/\/hurt123.com\/es\/wp-json\/wp\/v2\/comments?post=40795"}],"version-history":[{"count":0,"href":"https:\/\/hurt123.com\/es\/wp-json\/wp\/v2\/pages\/40795\/revisions"}],"up":[{"embeddable":true,"href":"https:\/\/hurt123.com\/es\/wp-json\/wp\/v2\/pages\/40935"}],"wp:attachment":[{"href":"https:\/\/hurt123.com\/es\/wp-json\/wp\/v2\/media?parent=40795"}],"curies":[{"name":"wp","href":"https:\/\/api.w.org\/{rel}","templated":true}]}}