{"id":40925,"date":"2025-04-15T02:35:15","date_gmt":"2025-04-15T02:35:15","guid":{"rendered":"https:\/\/hurt123.com\/sobre-nosotros\/abogado-alon-barzakay\/"},"modified":"2025-09-30T22:46:08","modified_gmt":"2025-09-30T22:46:08","slug":"abogado-alon-barzakay","status":"publish","type":"page","link":"https:\/\/hurt123.com\/es\/sobre-nosotros\/abogado-alon-barzakay\/","title":{"rendered":"Abogado Alon Barzakay"},"content":{"rendered":"\t\t<div data-elementor-type=\"wp-page\" data-elementor-id=\"40925\" class=\"elementor elementor-40925 elementor-36681\">\n\t\t\t\t<div class=\"elementor-element elementor-element-418de91e e-flex e-con-boxed e-con e-parent\" data-id=\"418de91e\" data-element_type=\"container\" data-e-type=\"container\">\n\t\t\t\t\t<div class=\"e-con-inner\">\n\t\t<div class=\"elementor-element elementor-element-662e2d7e e-con-full e-flex e-con e-child\" data-id=\"662e2d7e\" data-element_type=\"container\" data-e-type=\"container\">\n\t\t<div class=\"elementor-element elementor-element-4b59f25c e-con-full sticky-column e-flex e-con e-child\" data-id=\"4b59f25c\" data-element_type=\"container\" data-e-type=\"container\">\n\t\t<div class=\"elementor-element elementor-element-abe9ae e-con-full e-flex e-con e-child\" data-id=\"abe9ae\" data-element_type=\"container\" data-e-type=\"container\">\n\t\t\t\t<div class=\"elementor-element elementor-element-1173038 at-shiny-glass-effect team-single-img at-image-animation at-animation-image-style-1 elementor-widget elementor-widget-image\" data-id=\"1173038\" data-element_type=\"widget\" data-e-type=\"widget\" data-settings=\"{&quot;ekit_we_effect_on&quot;:&quot;none&quot;}\" data-widget_type=\"image.default\">\n\t\t\t\t\t\t\t\t\t\t\t\t\t\t\t<img fetchpriority=\"high\" decoding=\"async\" width=\"1200\" height=\"840\" src=\"https:\/\/hurt123.com\/wp-content\/uploads\/2025\/04\/slider-alon-b-min.png\" class=\"attachment-full size-full wp-image-38548\" alt=\"\" srcset=\"https:\/\/hurt123.com\/wp-content\/uploads\/2025\/04\/slider-alon-b-min.png 1200w, https:\/\/hurt123.com\/wp-content\/uploads\/2025\/04\/slider-alon-b-min-300x210.png 300w, https:\/\/hurt123.com\/wp-content\/uploads\/2025\/04\/slider-alon-b-min-1024x717.png 1024w, https:\/\/hurt123.com\/wp-content\/uploads\/2025\/04\/slider-alon-b-min-768x538.png 768w\" sizes=\"(max-width: 1200px) 100vw, 1200px\" \/>\t\t\t\t\t\t\t\t\t\t\t\t\t\t\t<\/div>\n\t\t\t\t<div class=\"elementor-element elementor-element-16302d6f team-social-icon elementor-invisible elementor-widget elementor-widget-elementskit-social-media\" data-id=\"16302d6f\" data-element_type=\"widget\" data-e-type=\"widget\" data-settings=\"{&quot;_animation&quot;:&quot;fadeInUp&quot;,&quot;ekit_we_effect_on&quot;:&quot;none&quot;}\" data-widget_type=\"elementskit-social-media.default\">\n\t\t\t\t<div class=\"elementor-widget-container\">\n\t\t\t\t\t<div class=\"ekit-wid-con\" >\t\t\t <ul class=\"ekit_social_media\">\n\t\t\t\t\t\t\t\t\t\t\t\t\t\t<li class=\"elementor-repeater-item-62f7a9a\">\n\t\t\t\t\t    <a href=\"https:\/\/www.facebook.com\/attorneybigal\" aria-label=\"Facebook\" class=\"facebook\" target=\"_blank\" rel=\"noopener\">\n\t\t\t\t\t\t\t\n\t\t\t\t\t\t\t<i aria-hidden=\"true\" class=\"icon icon-facebook\"><\/i>\n                                                                                                            <\/a>\n                    <\/li>\n                    \t\t\t\t\t\t\t\t\t\t\t\t\t\t<li class=\"elementor-repeater-item-f79c186\">\n\t\t\t\t\t    <a href=\"https:\/\/x.com\/attorneybigal\" aria-label=\"X twitter\" class=\"twitter\">\n\t\t\t\t\t\t\t\n\t\t\t\t\t\t\t<svg aria-hidden=\"true\" class=\"e-font-icon-svg e-fab-x-twitter\" viewBox=\"0 0 512 512\" xmlns=\"http:\/\/www.w3.org\/2000\/svg\"><path d=\"M389.2 48h70.6L305.6 224.2 487 464H345L233.7 318.6 106.5 464H35.8L200.7 275.5 26.8 48H172.4L272.9 180.9 389.2 48zM364.4 421.8h39.1L151.1 88h-42L364.4 421.8z\"><\/path><\/svg>\n                                                                                                            <\/a>\n                    <\/li>\n                    \t\t\t\t\t\t\t\t\t\t\t\t\t\t<li class=\"elementor-repeater-item-29aeb9c\">\n\t\t\t\t\t    <a href=\"https:\/\/www.instagram.com\/attorneybigal\/\" aria-label=\"Instagram\" class=\"instagram\" target=\"_blank\" rel=\"noopener\">\n\t\t\t\t\t\t\t\n\t\t\t\t\t\t\t<svg aria-hidden=\"true\" class=\"e-font-icon-svg e-fab-instagram\" viewBox=\"0 0 448 512\" xmlns=\"http:\/\/www.w3.org\/2000\/svg\"><path d=\"M224.1 141c-63.6 0-114.9 51.3-114.9 114.9s51.3 114.9 114.9 114.9S339 319.5 339 255.9 287.7 141 224.1 141zm0 189.6c-41.1 0-74.7-33.5-74.7-74.7s33.5-74.7 74.7-74.7 74.7 33.5 74.7 74.7-33.6 74.7-74.7 74.7zm146.4-194.3c0 14.9-12 26.8-26.8 26.8-14.9 0-26.8-12-26.8-26.8s12-26.8 26.8-26.8 26.8 12 26.8 26.8zm76.1 27.2c-1.7-35.9-9.9-67.7-36.2-93.9-26.2-26.2-58-34.4-93.9-36.2-37-2.1-147.9-2.1-184.9 0-35.8 1.7-67.6 9.9-93.9 36.1s-34.4 58-36.2 93.9c-2.1 37-2.1 147.9 0 184.9 1.7 35.9 9.9 67.7 36.2 93.9s58 34.4 93.9 36.2c37 2.1 147.9 2.1 184.9 0 35.9-1.7 67.7-9.9 93.9-36.2 26.2-26.2 34.4-58 36.2-93.9 2.1-37 2.1-147.8 0-184.8zM398.8 388c-7.8 19.6-22.9 34.7-42.6 42.6-29.5 11.7-99.5 9-132.1 9s-102.7 2.6-132.1-9c-19.6-7.8-34.7-22.9-42.6-42.6-11.7-29.5-9-99.5-9-132.1s-2.6-102.7 9-132.1c7.8-19.6 22.9-34.7 42.6-42.6 29.5-11.7 99.5-9 132.1-9s102.7-2.6 132.1 9c19.6 7.8 34.7 22.9 42.6 42.6 11.7 29.5 9 99.5 9 132.1s2.7 102.7-9 132.1z\"><\/path><\/svg>\n                                                                                                            <\/a>\n                    <\/li>\n                    \t\t\t\t\t\t\t<\/ul>\n\t\t<\/div>\t\t\t\t<\/div>\n\t\t\t\t<\/div>\n\t\t\t\t<\/div>\n\t\t\t\t<\/div>\n\t\t\t\t<\/div>\n\t\t<div class=\"elementor-element elementor-element-e195bc1 e-con-full e-flex e-con e-child\" data-id=\"e195bc1\" data-element_type=\"container\" data-e-type=\"container\">\n\t\t\t\t<div class=\"elementor-element elementor-element-7d3e46b at-heading-animation at-animation-heading-none elementor-widget elementor-widget-elementskit-heading\" data-id=\"7d3e46b\" data-element_type=\"widget\" data-e-type=\"widget\" data-settings=\"{&quot;ekit_we_effect_on&quot;:&quot;none&quot;}\" data-widget_type=\"elementskit-heading.default\">\n\t\t\t\t\t<div class=\"ekit-wid-con\" ><div class=\"ekit-heading elementskit-section-title-wraper text_left   ekit_heading_tablet-   ekit_heading_mobile-\"><h2 class=\"ekit-heading--title elementskit-section-title \">Acerca de <span><span>Alon Barzakay<\/span><\/span><\/h2><\/div><\/div>\t\t\t\t<\/div>\n\t\t\t\t<div class=\"elementor-element elementor-element-1d2d8030 elementor-widget elementor-widget-text-editor\" data-id=\"1d2d8030\" data-element_type=\"widget\" data-e-type=\"widget\" data-settings=\"{&quot;ekit_we_effect_on&quot;:&quot;none&quot;}\" data-widget_type=\"text-editor.default\">\n\t\t\t\t\t\t\t\t\t\n<p>El Sr. Barzakay es el socio gerente de la firma y enfoca su pr\u00e1ctica en la ley de lesiones personales y muerte por negligencia. Complet\u00f3 sus estudios universitarios en la prestigiosa Universidad de York en Toronto, Canad\u00e1, donde obtuvo una licenciatura en Ciencias Pol\u00edticas en solo tres a\u00f1os. En 1996, el Sr. Barzakay comenz\u00f3 sus estudios legales en la Facultad de Derecho de la Universidad Estatal de Michigan. Durante su segundo a\u00f1o en la facultad de derecho, el Sr. Barzakay tuvo el honor de ser seleccionado como miembro de la Junta de Revisi\u00f3n de Leyes, donde finalmente se convirti\u00f3 en uno de los cuatro editores gerentes.   <\/p>\n<p>En 1999, el Sr. Barzakay se gradu\u00f3 cum laude de la Facultad de Derecho de la Universidad Estatal de Michigan e inmediatamente se mud\u00f3 a Hollywood, Florida, donde actualmente reside con su esposa y sus tres hijos.<\/p>\n<p>Entre sus compa\u00f1eros, el Sr. Barzakay se ha ganado la reputaci\u00f3n de ser un abogado litigante sensato que con gusto se encarga de algunos de los casos de lesiones personales m\u00e1s complejos. Es miembro del Colegio de Abogados de Florida y tiene licencia para ejercer en tribunales estatales y federales. Tambi\u00e9n es miembro activo de la Asociaci\u00f3n de Justicia de Florida, anteriormente conocida como la Academia de Abogados Litigantes de Florida, y de los Colegios de Abogados de los Condados de Broward y Dade.  <\/p>\n\t\t\t\t\t\t\t\t<\/div>\n\t\t\t\t<\/div>\n\t\t\t\t\t<\/div>\n\t\t\t\t<\/div>\n\t\t\t\t<\/div>\n\t\t","protected":false},"excerpt":{"rendered":"<p>Acerca de Alon Barzakay El Sr. Barzakay es el socio gerente de [&hellip;]<\/p>\n","protected":false},"author":12,"featured_media":0,"parent":40902,"menu_order":0,"comment_status":"closed","ping_status":"closed","template":"elementor_header_footer","meta":{"_acf_changed":false,"footnotes":""},"class_list":["post-40925","page","type-page","status-publish","hentry"],"acf":[],"_links":{"self":[{"href":"https:\/\/hurt123.com\/es\/wp-json\/wp\/v2\/pages\/40925","targetHints":{"allow":["GET"]}}],"collection":[{"href":"https:\/\/hurt123.com\/es\/wp-json\/wp\/v2\/pages"}],"about":[{"href":"https:\/\/hurt123.com\/es\/wp-json\/wp\/v2\/types\/page"}],"author":[{"embeddable":true,"href":"https:\/\/hurt123.com\/es\/wp-json\/wp\/v2\/users\/12"}],"replies":[{"embeddable":true,"href":"https:\/\/hurt123.com\/es\/wp-json\/wp\/v2\/comments?post=40925"}],"version-history":[{"count":0,"href":"https:\/\/hurt123.com\/es\/wp-json\/wp\/v2\/pages\/40925\/revisions"}],"up":[{"embeddable":true,"href":"https:\/\/hurt123.com\/es\/wp-json\/wp\/v2\/pages\/40902"}],"wp:attachment":[{"href":"https:\/\/hurt123.com\/es\/wp-json\/wp\/v2\/media?parent=40925"}],"curies":[{"name":"wp","href":"https:\/\/api.w.org\/{rel}","templated":true}]}}