{"id":40929,"date":"2025-04-15T03:01:55","date_gmt":"2025-04-15T03:01:55","guid":{"rendered":"https:\/\/hurt123.com\/sobre-nosotros\/abogado-craig-shandler\/"},"modified":"2025-09-30T22:56:22","modified_gmt":"2025-09-30T22:56:22","slug":"abogado-craig-shandler","status":"publish","type":"page","link":"https:\/\/hurt123.com\/es\/sobre-nosotros\/abogado-craig-shandler\/","title":{"rendered":"Abogado Craig Shandler"},"content":{"rendered":"\t\t<div data-elementor-type=\"wp-page\" data-elementor-id=\"40929\" class=\"elementor elementor-40929 elementor-36706\">\n\t\t\t\t<div class=\"elementor-element elementor-element-3ef1787a e-flex e-con-boxed e-con e-parent\" data-id=\"3ef1787a\" data-element_type=\"container\" data-e-type=\"container\">\n\t\t\t\t\t<div class=\"e-con-inner\">\n\t\t<div class=\"elementor-element elementor-element-22ce77f2 e-con-full e-flex e-con e-child\" data-id=\"22ce77f2\" data-element_type=\"container\" data-e-type=\"container\">\n\t\t<div class=\"elementor-element elementor-element-4afa1d1 e-con-full sticky-column e-flex e-con e-child\" data-id=\"4afa1d1\" data-element_type=\"container\" data-e-type=\"container\">\n\t\t<div class=\"elementor-element elementor-element-9da80d2 e-con-full e-flex e-con e-child\" data-id=\"9da80d2\" data-element_type=\"container\" data-e-type=\"container\">\n\t\t\t\t<div class=\"elementor-element elementor-element-674c0b3d at-shiny-glass-effect team-single-img at-image-animation at-animation-image-style-1 elementor-widget elementor-widget-image\" data-id=\"674c0b3d\" data-element_type=\"widget\" data-e-type=\"widget\" data-settings=\"{&quot;ekit_we_effect_on&quot;:&quot;none&quot;}\" data-widget_type=\"image.default\">\n\t\t\t\t\t\t\t\t\t\t\t\t\t\t\t<img fetchpriority=\"high\" decoding=\"async\" width=\"515\" height=\"618\" src=\"https:\/\/hurt123.com\/wp-content\/uploads\/2025\/04\/profile-craig-s.jpg\" class=\"attachment-full size-full wp-image-38533\" alt=\"Craig Shandler attorney in dark blue suit\" srcset=\"https:\/\/hurt123.com\/wp-content\/uploads\/2025\/04\/profile-craig-s.jpg 515w, https:\/\/hurt123.com\/wp-content\/uploads\/2025\/04\/profile-craig-s-250x300.jpg 250w\" sizes=\"(max-width: 515px) 100vw, 515px\" \/>\t\t\t\t\t\t\t\t\t\t\t\t\t\t\t<\/div>\n\t\t\t\t<div class=\"elementor-element elementor-element-3aca1144 team-social-icon elementor-invisible elementor-widget elementor-widget-elementskit-social-media\" data-id=\"3aca1144\" data-element_type=\"widget\" data-e-type=\"widget\" data-settings=\"{&quot;_animation&quot;:&quot;fadeInUp&quot;,&quot;ekit_we_effect_on&quot;:&quot;none&quot;}\" data-widget_type=\"elementskit-social-media.default\">\n\t\t\t\t<div class=\"elementor-widget-container\">\n\t\t\t\t\t<div class=\"ekit-wid-con\" >\t\t\t <ul class=\"ekit_social_media\">\n\t\t\t\t\t\t\t\t\t\t\t\t\t\t<li class=\"elementor-repeater-item-62f7a9a\">\n\t\t\t\t\t    <a href=\"https:\/\/www.facebook.com\/attorneybigal\" aria-label=\"Facebook\" class=\"facebook\" target=\"_blank\" rel=\"noopener\">\n\t\t\t\t\t\t\t\n\t\t\t\t\t\t\t<i aria-hidden=\"true\" class=\"icon icon-facebook\"><\/i>\n                                                                                                            <\/a>\n                    <\/li>\n                    \t\t\t\t\t\t\t\t\t\t\t\t\t\t<li class=\"elementor-repeater-item-f79c186\">\n\t\t\t\t\t    <a href=\"https:\/\/x.com\/attorneybigal\" aria-label=\"X twitter\" class=\"twitter\">\n\t\t\t\t\t\t\t\n\t\t\t\t\t\t\t<svg aria-hidden=\"true\" class=\"e-font-icon-svg e-fab-x-twitter\" viewBox=\"0 0 512 512\" xmlns=\"http:\/\/www.w3.org\/2000\/svg\"><path d=\"M389.2 48h70.6L305.6 224.2 487 464H345L233.7 318.6 106.5 464H35.8L200.7 275.5 26.8 48H172.4L272.9 180.9 389.2 48zM364.4 421.8h39.1L151.1 88h-42L364.4 421.8z\"><\/path><\/svg>\n                                                                                                            <\/a>\n                    <\/li>\n                    \t\t\t\t\t\t\t\t\t\t\t\t\t\t<li class=\"elementor-repeater-item-29aeb9c\">\n\t\t\t\t\t    <a href=\"https:\/\/www.instagram.com\/attorneybigal\/\" aria-label=\"Instagram\" class=\"instagram\" target=\"_blank\" rel=\"noopener\">\n\t\t\t\t\t\t\t\n\t\t\t\t\t\t\t<svg aria-hidden=\"true\" class=\"e-font-icon-svg e-fab-instagram\" viewBox=\"0 0 448 512\" xmlns=\"http:\/\/www.w3.org\/2000\/svg\"><path d=\"M224.1 141c-63.6 0-114.9 51.3-114.9 114.9s51.3 114.9 114.9 114.9S339 319.5 339 255.9 287.7 141 224.1 141zm0 189.6c-41.1 0-74.7-33.5-74.7-74.7s33.5-74.7 74.7-74.7 74.7 33.5 74.7 74.7-33.6 74.7-74.7 74.7zm146.4-194.3c0 14.9-12 26.8-26.8 26.8-14.9 0-26.8-12-26.8-26.8s12-26.8 26.8-26.8 26.8 12 26.8 26.8zm76.1 27.2c-1.7-35.9-9.9-67.7-36.2-93.9-26.2-26.2-58-34.4-93.9-36.2-37-2.1-147.9-2.1-184.9 0-35.8 1.7-67.6 9.9-93.9 36.1s-34.4 58-36.2 93.9c-2.1 37-2.1 147.9 0 184.9 1.7 35.9 9.9 67.7 36.2 93.9s58 34.4 93.9 36.2c37 2.1 147.9 2.1 184.9 0 35.9-1.7 67.7-9.9 93.9-36.2 26.2-26.2 34.4-58 36.2-93.9 2.1-37 2.1-147.8 0-184.8zM398.8 388c-7.8 19.6-22.9 34.7-42.6 42.6-29.5 11.7-99.5 9-132.1 9s-102.7 2.6-132.1-9c-19.6-7.8-34.7-22.9-42.6-42.6-11.7-29.5-9-99.5-9-132.1s-2.6-102.7 9-132.1c7.8-19.6 22.9-34.7 42.6-42.6 29.5-11.7 99.5-9 132.1-9s102.7-2.6 132.1 9c19.6 7.8 34.7 22.9 42.6 42.6 11.7 29.5 9 99.5 9 132.1s2.7 102.7-9 132.1z\"><\/path><\/svg>\n                                                                                                            <\/a>\n                    <\/li>\n                    \t\t\t\t\t\t\t<\/ul>\n\t\t<\/div>\t\t\t\t<\/div>\n\t\t\t\t<\/div>\n\t\t\t\t<\/div>\n\t\t\t\t<\/div>\n\t\t\t\t<\/div>\n\t\t<div class=\"elementor-element elementor-element-63201386 e-con-full e-flex e-con e-child\" data-id=\"63201386\" data-element_type=\"container\" data-e-type=\"container\">\n\t\t<div class=\"elementor-element elementor-element-50c53bb e-con-full e-flex e-con e-child\" data-id=\"50c53bb\" data-element_type=\"container\" data-e-type=\"container\">\n\t\t\t\t<div class=\"elementor-element elementor-element-02b777a at-heading-animation at-animation-heading-none elementor-widget elementor-widget-elementskit-heading\" data-id=\"02b777a\" data-element_type=\"widget\" data-e-type=\"widget\" data-settings=\"{&quot;ekit_we_effect_on&quot;:&quot;none&quot;}\" data-widget_type=\"elementskit-heading.default\">\n\t\t\t\t\t<div class=\"ekit-wid-con\" ><div class=\"ekit-heading elementskit-section-title-wraper text_left   ekit_heading_tablet-   ekit_heading_mobile-\"><h2 class=\"ekit-heading--title elementskit-section-title \">Acerca de <span><span>Craig Shandler<\/span><\/span><\/h2><\/div><\/div>\t\t\t\t<\/div>\n\t\t\t\t<div class=\"elementor-element elementor-element-384945a4 elementor-invisible elementor-widget elementor-widget-text-editor\" data-id=\"384945a4\" data-element_type=\"widget\" data-e-type=\"widget\" data-settings=\"{&quot;_animation&quot;:&quot;fadeInUp&quot;,&quot;ekit_we_effect_on&quot;:&quot;none&quot;}\" data-widget_type=\"text-editor.default\">\n\t\t\t\t\t\t\t\t\t<p><\/p>\n<p>Craig Shandler naci\u00f3 en Queens, Nueva York y creci\u00f3 en el sur de Florida. En 2010, Craig obtuvo su licenciatura en Marketing de la Universidad de Florida Central. A partir de entonces, obtuvo una beca y se gradu\u00f3 del Centro de Derecho Shepard Broad de la Universidad Nova Southeastern. Craig fue admitido en el Colegio de Abogados de Florida en 2013 y tiene una experiencia significativa litigando a favor y en contra de las principales compa\u00f1\u00edas de seguros.   <\/p>\n<p>Craig enfoca su pr\u00e1ctica en la ley de lesiones personales, que incluyen, entre otros, accidentes automovil\u00edsticos, resbalones y ca\u00eddas y muertes por negligencia. Entre sus clientes y compa\u00f1eros, Craig se ha ganado la reputaci\u00f3n de ser honesto, confiable y trabajador. La celosa representaci\u00f3n de Craig de sus clientes y sus astutas habilidades de negociaci\u00f3n han dado como resultado innumerables acuerdos en el mejor inter\u00e9s de sus clientes, y se enorgullece de administrar y resolver sus casos de manera eficiente. A Craig le gusta estar al aire libre, pasar tiempo con su esposa y sus dos hijas, y jugar y ver baloncesto.   <\/p>\n<p><\/p>\t\t\t\t\t\t\t\t<\/div>\n\t\t\t\t<\/div>\n\t\t\t\t<\/div>\n\t\t\t\t\t<\/div>\n\t\t\t\t<\/div>\n\t\t<div class=\"elementor-element elementor-element-460bcda2 e-flex e-con-boxed e-con e-parent\" data-id=\"460bcda2\" data-element_type=\"container\" data-e-type=\"container\">\n\t\t\t\t\t<div class=\"e-con-inner\">\n\t\t\t\t\t<\/div>\n\t\t\t\t<\/div>\n\t\t\t\t<\/div>\n\t\t","protected":false},"excerpt":{"rendered":"<p>Acerca de Craig Shandler Craig Shandler naci\u00f3 en Queens, Nueva York y [&hellip;]<\/p>\n","protected":false},"author":12,"featured_media":0,"parent":40902,"menu_order":0,"comment_status":"closed","ping_status":"closed","template":"elementor_header_footer","meta":{"_acf_changed":false,"footnotes":""},"class_list":["post-40929","page","type-page","status-publish","hentry"],"acf":[],"_links":{"self":[{"href":"https:\/\/hurt123.com\/es\/wp-json\/wp\/v2\/pages\/40929","targetHints":{"allow":["GET"]}}],"collection":[{"href":"https:\/\/hurt123.com\/es\/wp-json\/wp\/v2\/pages"}],"about":[{"href":"https:\/\/hurt123.com\/es\/wp-json\/wp\/v2\/types\/page"}],"author":[{"embeddable":true,"href":"https:\/\/hurt123.com\/es\/wp-json\/wp\/v2\/users\/12"}],"replies":[{"embeddable":true,"href":"https:\/\/hurt123.com\/es\/wp-json\/wp\/v2\/comments?post=40929"}],"version-history":[{"count":0,"href":"https:\/\/hurt123.com\/es\/wp-json\/wp\/v2\/pages\/40929\/revisions"}],"up":[{"embeddable":true,"href":"https:\/\/hurt123.com\/es\/wp-json\/wp\/v2\/pages\/40902"}],"wp:attachment":[{"href":"https:\/\/hurt123.com\/es\/wp-json\/wp\/v2\/media?parent=40929"}],"curies":[{"name":"wp","href":"https:\/\/api.w.org\/{rel}","templated":true}]}}