{"id":40933,"date":"2025-04-15T03:10:30","date_gmt":"2025-04-15T03:10:30","guid":{"rendered":"https:\/\/hurt123.com\/sobre-nosotros\/abogado-jorge-calil\/"},"modified":"2025-09-30T22:59:45","modified_gmt":"2025-09-30T22:59:45","slug":"abogado-jorge-calil","status":"publish","type":"page","link":"https:\/\/hurt123.com\/es\/sobre-nosotros\/abogado-jorge-calil\/","title":{"rendered":"Abogado Jorge Calil"},"content":{"rendered":"\t\t<div data-elementor-type=\"wp-page\" data-elementor-id=\"40933\" class=\"elementor elementor-40933 elementor-36715\">\n\t\t\t\t<div class=\"elementor-element elementor-element-4f5ccf05 e-flex e-con-boxed e-con e-parent\" data-id=\"4f5ccf05\" data-element_type=\"container\" data-e-type=\"container\">\n\t\t\t\t\t<div class=\"e-con-inner\">\n\t\t<div class=\"elementor-element elementor-element-1c012aa e-con-full e-flex e-con e-child\" data-id=\"1c012aa\" data-element_type=\"container\" data-e-type=\"container\">\n\t\t<div class=\"elementor-element elementor-element-1414b9e8 e-con-full sticky-column e-flex e-con e-child\" data-id=\"1414b9e8\" data-element_type=\"container\" data-e-type=\"container\">\n\t\t<div class=\"elementor-element elementor-element-206b1aa4 e-con-full e-flex e-con e-child\" data-id=\"206b1aa4\" data-element_type=\"container\" data-e-type=\"container\">\n\t\t\t\t<div class=\"elementor-element elementor-element-40244e6a at-shiny-glass-effect team-single-img at-image-animation at-animation-image-style-1 elementor-widget elementor-widget-image\" data-id=\"40244e6a\" data-element_type=\"widget\" data-e-type=\"widget\" data-settings=\"{&quot;ekit_we_effect_on&quot;:&quot;none&quot;}\" data-widget_type=\"image.default\">\n\t\t\t\t\t\t\t\t\t\t\t\t\t\t\t<img fetchpriority=\"high\" decoding=\"async\" width=\"515\" height=\"618\" src=\"https:\/\/hurt123.com\/wp-content\/uploads\/2025\/04\/profile-jorge-c.jpg\" class=\"attachment-full size-full wp-image-38534\" alt=\"Jorge Calil attorney in dark blue suit\" srcset=\"https:\/\/hurt123.com\/wp-content\/uploads\/2025\/04\/profile-jorge-c.jpg 515w, https:\/\/hurt123.com\/wp-content\/uploads\/2025\/04\/profile-jorge-c-250x300.jpg 250w\" sizes=\"(max-width: 515px) 100vw, 515px\" \/>\t\t\t\t\t\t\t\t\t\t\t\t\t\t\t<\/div>\n\t\t\t\t<div class=\"elementor-element elementor-element-6d360731 team-social-icon elementor-invisible elementor-widget elementor-widget-elementskit-social-media\" data-id=\"6d360731\" data-element_type=\"widget\" data-e-type=\"widget\" data-settings=\"{&quot;_animation&quot;:&quot;fadeInUp&quot;,&quot;ekit_we_effect_on&quot;:&quot;none&quot;}\" data-widget_type=\"elementskit-social-media.default\">\n\t\t\t\t<div class=\"elementor-widget-container\">\n\t\t\t\t\t<div class=\"ekit-wid-con\" >\t\t\t <ul class=\"ekit_social_media\">\n\t\t\t\t\t\t\t\t\t\t\t\t\t\t<li class=\"elementor-repeater-item-62f7a9a\">\n\t\t\t\t\t    <a href=\"https:\/\/www.facebook.com\/attorneybigal\" aria-label=\"Facebook\" class=\"facebook\" target=\"_blank\" rel=\"noopener\">\n\t\t\t\t\t\t\t\n\t\t\t\t\t\t\t<i aria-hidden=\"true\" class=\"icon icon-facebook\"><\/i>\n                                                                                                            <\/a>\n                    <\/li>\n                    \t\t\t\t\t\t\t\t\t\t\t\t\t\t<li class=\"elementor-repeater-item-f79c186\">\n\t\t\t\t\t    <a href=\"https:\/\/x.com\/attorneybigal\" aria-label=\"X twitter\" class=\"twitter\">\n\t\t\t\t\t\t\t\n\t\t\t\t\t\t\t<svg aria-hidden=\"true\" class=\"e-font-icon-svg e-fab-x-twitter\" viewBox=\"0 0 512 512\" xmlns=\"http:\/\/www.w3.org\/2000\/svg\"><path d=\"M389.2 48h70.6L305.6 224.2 487 464H345L233.7 318.6 106.5 464H35.8L200.7 275.5 26.8 48H172.4L272.9 180.9 389.2 48zM364.4 421.8h39.1L151.1 88h-42L364.4 421.8z\"><\/path><\/svg>\n                                                                                                            <\/a>\n                    <\/li>\n                    \t\t\t\t\t\t\t\t\t\t\t\t\t\t<li class=\"elementor-repeater-item-29aeb9c\">\n\t\t\t\t\t    <a href=\"https:\/\/www.instagram.com\/attorneybigal\/\" aria-label=\"Instagram\" class=\"instagram\" target=\"_blank\" rel=\"noopener\">\n\t\t\t\t\t\t\t\n\t\t\t\t\t\t\t<svg aria-hidden=\"true\" class=\"e-font-icon-svg e-fab-instagram\" viewBox=\"0 0 448 512\" xmlns=\"http:\/\/www.w3.org\/2000\/svg\"><path d=\"M224.1 141c-63.6 0-114.9 51.3-114.9 114.9s51.3 114.9 114.9 114.9S339 319.5 339 255.9 287.7 141 224.1 141zm0 189.6c-41.1 0-74.7-33.5-74.7-74.7s33.5-74.7 74.7-74.7 74.7 33.5 74.7 74.7-33.6 74.7-74.7 74.7zm146.4-194.3c0 14.9-12 26.8-26.8 26.8-14.9 0-26.8-12-26.8-26.8s12-26.8 26.8-26.8 26.8 12 26.8 26.8zm76.1 27.2c-1.7-35.9-9.9-67.7-36.2-93.9-26.2-26.2-58-34.4-93.9-36.2-37-2.1-147.9-2.1-184.9 0-35.8 1.7-67.6 9.9-93.9 36.1s-34.4 58-36.2 93.9c-2.1 37-2.1 147.9 0 184.9 1.7 35.9 9.9 67.7 36.2 93.9s58 34.4 93.9 36.2c37 2.1 147.9 2.1 184.9 0 35.9-1.7 67.7-9.9 93.9-36.2 26.2-26.2 34.4-58 36.2-93.9 2.1-37 2.1-147.8 0-184.8zM398.8 388c-7.8 19.6-22.9 34.7-42.6 42.6-29.5 11.7-99.5 9-132.1 9s-102.7 2.6-132.1-9c-19.6-7.8-34.7-22.9-42.6-42.6-11.7-29.5-9-99.5-9-132.1s-2.6-102.7 9-132.1c7.8-19.6 22.9-34.7 42.6-42.6 29.5-11.7 99.5-9 132.1-9s102.7-2.6 132.1 9c19.6 7.8 34.7 22.9 42.6 42.6 11.7 29.5 9 99.5 9 132.1s2.7 102.7-9 132.1z\"><\/path><\/svg>\n                                                                                                            <\/a>\n                    <\/li>\n                    \t\t\t\t\t\t\t<\/ul>\n\t\t<\/div>\t\t\t\t<\/div>\n\t\t\t\t<\/div>\n\t\t\t\t<\/div>\n\t\t\t\t<\/div>\n\t\t\t\t<\/div>\n\t\t<div class=\"elementor-element elementor-element-4d23c7fc e-con-full e-flex e-con e-child\" data-id=\"4d23c7fc\" data-element_type=\"container\" data-e-type=\"container\">\n\t\t<div class=\"elementor-element elementor-element-528794df e-con-full e-flex e-con e-child\" data-id=\"528794df\" data-element_type=\"container\" data-e-type=\"container\">\n\t\t\t\t<div class=\"elementor-element elementor-element-5e53e2b at-heading-animation at-animation-heading-none elementor-widget elementor-widget-elementskit-heading\" data-id=\"5e53e2b\" data-element_type=\"widget\" data-e-type=\"widget\" data-settings=\"{&quot;ekit_we_effect_on&quot;:&quot;none&quot;}\" data-widget_type=\"elementskit-heading.default\">\n\t\t\t\t\t<div class=\"ekit-wid-con\" ><div class=\"ekit-heading elementskit-section-title-wraper text_left   ekit_heading_tablet-   ekit_heading_mobile-\"><h2 class=\"ekit-heading--title elementskit-section-title \">About <span><span>Jorge Calil<\/span><\/span><\/h2><\/div><\/div>\t\t\t\t<\/div>\n\t\t\t\t<div class=\"elementor-element elementor-element-4ee688b6 elementor-invisible elementor-widget elementor-widget-text-editor\" data-id=\"4ee688b6\" data-element_type=\"widget\" data-e-type=\"widget\" data-settings=\"{&quot;_animation&quot;:&quot;fadeInUp&quot;,&quot;ekit_we_effect_on&quot;:&quot;none&quot;}\" data-widget_type=\"text-editor.default\">\n\t\t\t\t\t\t\t\t\t<p>Jorge \u00abGeorge\u00bb Calil es un abogado litigante senior altamente calificado en Barzakay Law Firm, que aporta m\u00e1s de 20 a\u00f1os de experiencia en litigios y un distinguido historial de \u00e9xito en lesiones personales, disputas de seguros, derechos civiles y casos complejos de agravios. Habiendo vivido en el sur de Florida durante m\u00e1s de 50 a\u00f1os, Jorge posee un profundo conocimiento de la comunidad local y los desaf\u00edos legales \u00fanicos que enfrentan sus residentes.<\/p>\n<p>Con fluidez en ingl\u00e9s y espa\u00f1ol, Jorge es conocido no solo por su experiencia legal, sino tambi\u00e9n por su integridad, accesibilidad y compromiso con las relaciones a largo plazo con los clientes. Muchos de sus clientes regresan para recibir orientaci\u00f3n en una variedad de asuntos legales, un testimonio de la confianza y los resultados que ofrece constantemente.<\/p>\n<p>Jorge es ampliamente respetado en la comunidad legal por su fortaleza en la corte, su pensamiento estrat\u00e9gico y su incansable defensa. Ha juzgado con \u00e9xito casos de alto riesgo que van desde lesiones personales graves hasta violaciones de los derechos civiles. En un notable juicio con jurado, obtuvo un veredicto de seis cifras para un cliente lesionado en un accidente de motocicleta, superando h\u00e1bilmente los argumentos de culpa comparativa y la causalidad m\u00e9dica compleja. En otro caso impactante, represent\u00f3 a una v\u00edctima de arresto falso y fuerza excesiva, logrando una victoria en un juicio con jurado que responsabiliz\u00f3 a las fuerzas del orden y brind\u00f3 justicia a su cliente. Tambi\u00e9n juzg\u00f3 con \u00e9xito un caso de responsabilidad de locales que involucraba un resbal\u00f3n y ca\u00edda en una propiedad comercial, negociando un acuerdo favorable a mitad del juicio frente a una responsabilidad muy disputada y evidencia de vigilancia cr\u00edtica.<\/p>\n<p>M\u00e1s que un simple litigante, Jorge es un solucionador de problemas dedicado. Su carrera se ha definido por la resiliencia, el servicio y una fuerte creencia en proteger a aquellos que no pueden protegerse a s\u00ed mismos. En Barzakay Law Firm, contin\u00faa manteniendo los m\u00e1s altos est\u00e1ndares de profesionalismo y atenci\u00f3n al cliente, abordando cada caso con precisi\u00f3n, empat\u00eda y determinaci\u00f3n.<\/p>\n<p><\/p>\t\t\t\t\t\t\t\t<\/div>\n\t\t\t\t<\/div>\n\t\t\t\t<\/div>\n\t\t\t\t\t<\/div>\n\t\t\t\t<\/div>\n\t\t\t\t<\/div>\n\t\t","protected":false},"excerpt":{"rendered":"<p>About Jorge Calil Jorge \u00abGeorge\u00bb Calil es un abogado litigante senior altamente [&hellip;]<\/p>\n","protected":false},"author":12,"featured_media":0,"parent":40902,"menu_order":0,"comment_status":"closed","ping_status":"closed","template":"elementor_header_footer","meta":{"_acf_changed":false,"footnotes":""},"class_list":["post-40933","page","type-page","status-publish","hentry"],"acf":[],"_links":{"self":[{"href":"https:\/\/hurt123.com\/es\/wp-json\/wp\/v2\/pages\/40933","targetHints":{"allow":["GET"]}}],"collection":[{"href":"https:\/\/hurt123.com\/es\/wp-json\/wp\/v2\/pages"}],"about":[{"href":"https:\/\/hurt123.com\/es\/wp-json\/wp\/v2\/types\/page"}],"author":[{"embeddable":true,"href":"https:\/\/hurt123.com\/es\/wp-json\/wp\/v2\/users\/12"}],"replies":[{"embeddable":true,"href":"https:\/\/hurt123.com\/es\/wp-json\/wp\/v2\/comments?post=40933"}],"version-history":[{"count":0,"href":"https:\/\/hurt123.com\/es\/wp-json\/wp\/v2\/pages\/40933\/revisions"}],"up":[{"embeddable":true,"href":"https:\/\/hurt123.com\/es\/wp-json\/wp\/v2\/pages\/40902"}],"wp:attachment":[{"href":"https:\/\/hurt123.com\/es\/wp-json\/wp\/v2\/media?parent=40933"}],"curies":[{"name":"wp","href":"https:\/\/api.w.org\/{rel}","templated":true}]}}