{"id":40935,"date":"2015-03-10T04:51:36","date_gmt":"2015-03-10T04:51:36","guid":{"rendered":"https:\/\/hurt123.com\/ubicaciones\/"},"modified":"2025-11-25T06:41:25","modified_gmt":"2025-11-25T06:41:25","slug":"ubicaciones","status":"publish","type":"page","link":"https:\/\/hurt123.com\/es\/ubicaciones\/","title":{"rendered":"Ubicaciones"},"content":{"rendered":"\t\t<div data-elementor-type=\"wp-page\" data-elementor-id=\"40935\" class=\"elementor elementor-40935 elementor-191\">\n\t\t\t\t<div data-ekitparallax=\"{&quot;ekit_section_parallax_bg&quot;:&quot;yes&quot;,&quot;ekit_section_parallax_bg_speed&quot;:0.5,&quot;elementor_lazy_load&quot;:&quot;1&quot;}\" class=\"elementor-element elementor-element-1dc6074c page-header-ultimate e-flex e-con-boxed e-con e-parent\" data-id=\"1dc6074c\" data-element_type=\"container\" data-e-type=\"container\" data-settings=\"{&quot;background_background&quot;:&quot;classic&quot;}\">\n\t\t\t\t\t<div class=\"e-con-inner\">\n\t\t<div class=\"elementor-element elementor-element-72441a9d e-con-full e-flex e-con e-child\" data-id=\"72441a9d\" data-element_type=\"container\" data-e-type=\"container\">\n\t\t\t\t<div class=\"elementor-element elementor-element-169631d3 at-heading-animation at-animation-heading-style-2 elementor-widget elementor-widget-heading\" data-id=\"169631d3\" data-element_type=\"widget\" data-e-type=\"widget\" data-settings=\"{&quot;ekit_we_effect_on&quot;:&quot;none&quot;}\" data-widget_type=\"heading.default\">\n\t\t\t\t\t<h1 class=\"elementor-heading-title elementor-size-default\">Ubicaciones<\/h1>\t\t\t\t<\/div>\n\t\t\t\t<div class=\"elementor-element elementor-element-32c92faf elementor-invisible elementor-widget elementor-widget-justiq-breadcrumb\" data-id=\"32c92faf\" data-element_type=\"widget\" data-e-type=\"widget\" data-settings=\"{&quot;_animation&quot;:&quot;fadeInUp&quot;,&quot;ekit_we_effect_on&quot;:&quot;none&quot;}\" data-widget_type=\"justiq-breadcrumb.default\">\n\t\t\t\t<div class=\"elementor-widget-container\">\n\t\t\t\t\t<div role=\"navigation\" aria-label=\"Breadcrumbs\" class=\"breadcrumb-trail breadcrumbs\"><ol class=\"trail-items\"><li class=\"trail-item trail-begin\"><a href=\"https:\/\/hurt123.com\/es\/\" rel=\"home\"><span>Home<\/span><\/a><\/li><li class=\"trail-item trail-end\"><span><span>Ubicaciones<\/span><\/span><\/li><\/ol><\/div>\t\t\t\t<\/div>\n\t\t\t\t<\/div>\n\t\t\t\t<\/div>\n\t\t\t\t\t<\/div>\n\t\t\t\t<\/div>\n\t\t<div class=\"elementor-element elementor-element-67e6af0 e-flex e-con-boxed e-con e-parent\" data-id=\"67e6af0\" data-element_type=\"container\" data-e-type=\"container\">\n\t\t\t\t\t<div class=\"e-con-inner\">\n\t\t\t\t<div class=\"elementor-element elementor-element-05db958 at-heading-animation at-animation-heading-none elementor-widget elementor-widget-elementskit-heading\" data-id=\"05db958\" data-element_type=\"widget\" data-e-type=\"widget\" data-settings=\"{&quot;ekit_we_effect_on&quot;:&quot;none&quot;}\" data-widget_type=\"elementskit-heading.default\">\n\t\t\t\t\t<div class=\"ekit-wid-con\" ><div class=\"ekit-heading elementskit-section-title-wraper text_left   ekit_heading_tablet-   ekit_heading_mobile-\"><h2 class=\"ekit-heading--title elementskit-section-title \">  <span><span>Quiero hablar con<\/span><\/span> \u00bfAbogado Big Al?<\/h2>\t\t\t\t<div class='ekit-heading__description'>\n\t\t\t\t\t<p>Hurt123 se enorgullece de servir a v\u00edctimas lesionadas en m\u00faltiples comunidades, lo que facilita la conexi\u00f3n con el abogado Big Al y nuestro equipo donde sea que nos necesite.<\/p>\n\t\t\t\t<\/div>\n\t\t\t<\/div><\/div>\t\t\t\t<\/div>\n\t\t\t\t\t<\/div>\n\t\t\t\t<\/div>\n\t\t<div class=\"elementor-element elementor-element-de5b8a7 e-flex e-con-boxed e-con e-parent\" data-id=\"de5b8a7\" data-element_type=\"container\" data-e-type=\"container\">\n\t\t\t\t\t<div class=\"e-con-inner\">\n\t\t<div class=\"elementor-element elementor-element-710feef e-grid e-con-full e-con e-child\" data-id=\"710feef\" data-element_type=\"container\" data-e-type=\"container\">\n\t\t<a class=\"elementor-element elementor-element-ac939d7 e-con-full e-flex e-con e-child\" data-id=\"ac939d7\" data-element_type=\"container\" data-e-type=\"container\" data-settings=\"{&quot;background_background&quot;:&quot;classic&quot;}\" href=\"https:\/\/hurt123.com\/locations\/los-angeles\/\">\n\t\t\t\t<div class=\"elementor-element elementor-element-360bc63 at-image-animation at-animation-image-style-1 at-shiny-glass-effect elementor-widget elementor-widget-image\" data-id=\"360bc63\" data-element_type=\"widget\" data-e-type=\"widget\" data-settings=\"{&quot;ekit_we_effect_on&quot;:&quot;none&quot;}\" data-widget_type=\"image.default\">\n\t\t\t\t\t\t\t\t\t\t\t\t\t\t\t<img fetchpriority=\"high\" decoding=\"async\" width=\"800\" height=\"534\" src=\"https:\/\/hurt123.com\/wp-content\/uploads\/2025\/08\/7331-1024x683.jpg\" class=\"attachment-large size-large wp-image-40750\" alt=\"\" srcset=\"https:\/\/hurt123.com\/wp-content\/uploads\/2025\/08\/7331-1024x683.jpg 1024w, https:\/\/hurt123.com\/wp-content\/uploads\/2025\/08\/7331-300x200.jpg 300w, https:\/\/hurt123.com\/wp-content\/uploads\/2025\/08\/7331-768x512.jpg 768w, https:\/\/hurt123.com\/wp-content\/uploads\/2025\/08\/7331.jpg 1500w\" sizes=\"(max-width: 800px) 100vw, 800px\" \/>\t\t\t\t\t\t\t\t\t\t\t\t\t\t\t<\/div>\n\t\t\t\t<div class=\"elementor-element elementor-element-d521bec at-heading-animation at-animation-heading-none elementor-widget elementor-widget-heading\" data-id=\"d521bec\" data-element_type=\"widget\" data-e-type=\"widget\" data-settings=\"{&quot;ekit_we_effect_on&quot;:&quot;none&quot;}\" data-widget_type=\"heading.default\">\n\t\t\t\t\t<h3 class=\"elementor-heading-title elementor-size-default\">California<\/h3>\t\t\t\t<\/div>\n\t\t\t\t<div class=\"elementor-element elementor-element-acda3b1 elementor-widget elementor-widget-text-editor\" data-id=\"acda3b1\" data-element_type=\"widget\" data-e-type=\"widget\" data-settings=\"{&quot;ekit_we_effect_on&quot;:&quot;none&quot;}\" data-widget_type=\"text-editor.default\">\n\t\t\t\t\t\t\t\t\t<p>Al servicio de v\u00edctimas lesionadas en todo California, el abogado Big Al y Hurt123 luchan por la justicia en la costa oeste.<\/p>\t\t\t\t\t\t\t\t<\/div>\n\t\t\t\t<\/a>\n\t\t<a class=\"elementor-element elementor-element-136bd14 e-con-full e-flex e-con e-child\" data-id=\"136bd14\" data-element_type=\"container\" data-e-type=\"container\" data-settings=\"{&quot;background_background&quot;:&quot;classic&quot;}\" href=\"https:\/\/hurt123.com\/locations\/georgia\/\">\n\t\t\t\t<div class=\"elementor-element elementor-element-2096ba9 at-image-animation at-animation-image-style-1 at-shiny-glass-effect elementor-widget elementor-widget-image\" data-id=\"2096ba9\" data-element_type=\"widget\" data-e-type=\"widget\" data-settings=\"{&quot;ekit_we_effect_on&quot;:&quot;none&quot;}\" data-widget_type=\"image.default\">\n\t\t\t\t\t\t\t\t\t\t\t\t\t\t\t<img decoding=\"async\" width=\"800\" height=\"534\" src=\"https:\/\/hurt123.com\/wp-content\/uploads\/2025\/08\/29681-1024x683.jpg\" class=\"attachment-large size-large wp-image-40751\" alt=\"\" srcset=\"https:\/\/hurt123.com\/wp-content\/uploads\/2025\/08\/29681-1024x683.jpg 1024w, https:\/\/hurt123.com\/wp-content\/uploads\/2025\/08\/29681-300x200.jpg 300w, https:\/\/hurt123.com\/wp-content\/uploads\/2025\/08\/29681-768x513.jpg 768w, https:\/\/hurt123.com\/wp-content\/uploads\/2025\/08\/29681.jpg 1500w\" sizes=\"(max-width: 800px) 100vw, 800px\" \/>\t\t\t\t\t\t\t\t\t\t\t\t\t\t\t<\/div>\n\t\t\t\t<div class=\"elementor-element elementor-element-0b9ade7 at-heading-animation at-animation-heading-none elementor-widget elementor-widget-heading\" data-id=\"0b9ade7\" data-element_type=\"widget\" data-e-type=\"widget\" data-settings=\"{&quot;ekit_we_effect_on&quot;:&quot;none&quot;}\" data-widget_type=\"heading.default\">\n\t\t\t\t\t<h3 class=\"elementor-heading-title elementor-size-default\">Georgia<\/h3>\t\t\t\t<\/div>\n\t\t\t\t<div class=\"elementor-element elementor-element-c026d9d elementor-widget elementor-widget-text-editor\" data-id=\"c026d9d\" data-element_type=\"widget\" data-e-type=\"widget\" data-settings=\"{&quot;ekit_we_effect_on&quot;:&quot;none&quot;}\" data-widget_type=\"text-editor.default\">\n\t\t\t\t\t\t\t\t\t<p>Desde Atlanta hasta las comunidades de Georgia, nuestro equipo se mantiene firme para las v\u00edctimas despu\u00e9s de accidentes graves.<\/p>\t\t\t\t\t\t\t\t<\/div>\n\t\t\t\t<\/a>\n\t\t<a class=\"elementor-element elementor-element-e986d35 e-con-full e-flex e-con e-child\" data-id=\"e986d35\" data-element_type=\"container\" data-e-type=\"container\" data-settings=\"{&quot;background_background&quot;:&quot;classic&quot;}\" href=\"https:\/\/hurt123.com\/locations\/baltimore\/\">\n\t\t\t\t<div class=\"elementor-element elementor-element-183dd45 at-image-animation at-animation-image-style-1 at-shiny-glass-effect elementor-widget elementor-widget-image\" data-id=\"183dd45\" data-element_type=\"widget\" data-e-type=\"widget\" data-settings=\"{&quot;ekit_we_effect_on&quot;:&quot;none&quot;}\" data-widget_type=\"image.default\">\n\t\t\t\t\t\t\t\t\t\t\t\t\t\t\t<img decoding=\"async\" width=\"800\" height=\"532\" src=\"https:\/\/hurt123.com\/wp-content\/uploads\/2025\/08\/53731-1024x681.jpg\" class=\"attachment-large size-large wp-image-40752\" alt=\"\" srcset=\"https:\/\/hurt123.com\/wp-content\/uploads\/2025\/08\/53731-1024x681.jpg 1024w, https:\/\/hurt123.com\/wp-content\/uploads\/2025\/08\/53731-300x200.jpg 300w, https:\/\/hurt123.com\/wp-content\/uploads\/2025\/08\/53731-768x511.jpg 768w, https:\/\/hurt123.com\/wp-content\/uploads\/2025\/08\/53731.jpg 1500w\" sizes=\"(max-width: 800px) 100vw, 800px\" \/>\t\t\t\t\t\t\t\t\t\t\t\t\t\t\t<\/div>\n\t\t\t\t<div class=\"elementor-element elementor-element-fcdb1c1 at-heading-animation at-animation-heading-none elementor-widget elementor-widget-heading\" data-id=\"fcdb1c1\" data-element_type=\"widget\" data-e-type=\"widget\" data-settings=\"{&quot;ekit_we_effect_on&quot;:&quot;none&quot;}\" data-widget_type=\"heading.default\">\n\t\t\t\t\t<h3 class=\"elementor-heading-title elementor-size-default\">Maryland<\/h3>\t\t\t\t<\/div>\n\t\t\t\t<div class=\"elementor-element elementor-element-28b3559 elementor-widget elementor-widget-text-editor\" data-id=\"28b3559\" data-element_type=\"widget\" data-e-type=\"widget\" data-settings=\"{&quot;ekit_we_effect_on&quot;:&quot;none&quot;}\" data-widget_type=\"text-editor.default\">\n\t\t\t\t\t\t\t\t\t<p>Hurt123 protege los derechos de las v\u00edctimas de lesiones en todo Maryland con orientaci\u00f3n y apoyo legal confiables.<\/p>\t\t\t\t\t\t\t\t<\/div>\n\t\t\t\t<\/a>\n\t\t<a class=\"elementor-element elementor-element-33d4b4b e-con-full e-flex e-con e-child\" data-id=\"33d4b4b\" data-element_type=\"container\" data-e-type=\"container\" data-settings=\"{&quot;background_background&quot;:&quot;classic&quot;}\" href=\"https:\/\/hurt123.com\/new-jersey\/\">\n\t\t\t\t<div class=\"elementor-element elementor-element-e9310ea at-image-animation at-animation-image-style-1 at-shiny-glass-effect elementor-widget elementor-widget-image\" data-id=\"e9310ea\" data-element_type=\"widget\" data-e-type=\"widget\" data-settings=\"{&quot;ekit_we_effect_on&quot;:&quot;none&quot;}\" data-widget_type=\"image.default\">\n\t\t\t\t\t\t\t\t\t\t\t\t\t\t\t<img loading=\"lazy\" decoding=\"async\" width=\"800\" height=\"534\" src=\"https:\/\/hurt123.com\/wp-content\/uploads\/2025\/08\/exchange-place-new-jersey-usa-2025-03-23-23-54-50-utc-1024x684.jpg\" class=\"attachment-large size-large wp-image-40754\" alt=\"\" srcset=\"https:\/\/hurt123.com\/wp-content\/uploads\/2025\/08\/exchange-place-new-jersey-usa-2025-03-23-23-54-50-utc-1024x684.jpg 1024w, https:\/\/hurt123.com\/wp-content\/uploads\/2025\/08\/exchange-place-new-jersey-usa-2025-03-23-23-54-50-utc-300x200.jpg 300w, https:\/\/hurt123.com\/wp-content\/uploads\/2025\/08\/exchange-place-new-jersey-usa-2025-03-23-23-54-50-utc-768x513.jpg 768w, https:\/\/hurt123.com\/wp-content\/uploads\/2025\/08\/exchange-place-new-jersey-usa-2025-03-23-23-54-50-utc.jpg 1200w\" sizes=\"(max-width: 800px) 100vw, 800px\" \/>\t\t\t\t\t\t\t\t\t\t\t\t\t\t\t<\/div>\n\t\t\t\t<div class=\"elementor-element elementor-element-76930ff at-heading-animation at-animation-heading-none elementor-widget elementor-widget-heading\" data-id=\"76930ff\" data-element_type=\"widget\" data-e-type=\"widget\" data-settings=\"{&quot;ekit_we_effect_on&quot;:&quot;none&quot;}\" data-widget_type=\"heading.default\">\n\t\t\t\t\t<h3 class=\"elementor-heading-title elementor-size-default\">New Jersey<\/h3>\t\t\t\t<\/div>\n\t\t\t\t<div class=\"elementor-element elementor-element-486e027 elementor-widget elementor-widget-text-editor\" data-id=\"486e027\" data-element_type=\"widget\" data-e-type=\"widget\" data-settings=\"{&quot;ekit_we_effect_on&quot;:&quot;none&quot;}\" data-widget_type=\"text-editor.default\">\n\t\t\t\t\t\t\t\t\t<p>El abogado Big Al representa con orgullo a clientes lesionados en todo Nueva Jersey, luchando por la m\u00e1xima compensaci\u00f3n.<\/p>\t\t\t\t\t\t\t\t<\/div>\n\t\t\t\t<\/a>\n\t\t<a class=\"elementor-element elementor-element-3db071f e-con-full e-flex e-con e-child\" data-id=\"3db071f\" data-element_type=\"container\" data-e-type=\"container\" data-settings=\"{&quot;background_background&quot;:&quot;classic&quot;}\" href=\"https:\/\/hurt123.com\/locations\/newyork\/\">\n\t\t\t\t<div class=\"elementor-element elementor-element-d3d9646 at-image-animation at-animation-image-style-1 at-shiny-glass-effect elementor-widget elementor-widget-image\" data-id=\"d3d9646\" data-element_type=\"widget\" data-e-type=\"widget\" data-settings=\"{&quot;ekit_we_effect_on&quot;:&quot;none&quot;}\" data-widget_type=\"image.default\">\n\t\t\t\t\t\t\t\t\t\t\t\t\t\t\t<img loading=\"lazy\" decoding=\"async\" width=\"800\" height=\"533\" src=\"https:\/\/hurt123.com\/wp-content\/uploads\/2025\/08\/beautiful-brooklyn-bridge-in-new-york-city-usa-2025-02-02-13-46-52-utc-1024x682.jpg\" class=\"attachment-large size-large wp-image-40755\" alt=\"\" srcset=\"https:\/\/hurt123.com\/wp-content\/uploads\/2025\/08\/beautiful-brooklyn-bridge-in-new-york-city-usa-2025-02-02-13-46-52-utc-1024x682.jpg 1024w, https:\/\/hurt123.com\/wp-content\/uploads\/2025\/08\/beautiful-brooklyn-bridge-in-new-york-city-usa-2025-02-02-13-46-52-utc-300x200.jpg 300w, https:\/\/hurt123.com\/wp-content\/uploads\/2025\/08\/beautiful-brooklyn-bridge-in-new-york-city-usa-2025-02-02-13-46-52-utc-768x511.jpg 768w, https:\/\/hurt123.com\/wp-content\/uploads\/2025\/08\/beautiful-brooklyn-bridge-in-new-york-city-usa-2025-02-02-13-46-52-utc.jpg 1200w\" sizes=\"(max-width: 800px) 100vw, 800px\" \/>\t\t\t\t\t\t\t\t\t\t\t\t\t\t\t<\/div>\n\t\t\t\t<div class=\"elementor-element elementor-element-66a8e91 at-heading-animation at-animation-heading-none elementor-widget elementor-widget-heading\" data-id=\"66a8e91\" data-element_type=\"widget\" data-e-type=\"widget\" data-settings=\"{&quot;ekit_we_effect_on&quot;:&quot;none&quot;}\" data-widget_type=\"heading.default\">\n\t\t\t\t\t<h3 class=\"elementor-heading-title elementor-size-default\">Nueva York<\/h3>\t\t\t\t<\/div>\n\t\t\t\t<div class=\"elementor-element elementor-element-7a1af99 elementor-widget elementor-widget-text-editor\" data-id=\"7a1af99\" data-element_type=\"widget\" data-e-type=\"widget\" data-settings=\"{&quot;ekit_we_effect_on&quot;:&quot;none&quot;}\" data-widget_type=\"text-editor.default\">\n\t\t\t\t\t\t\t\t\t<p>En el coraz\u00f3n de Nueva York, Hurt123 ofrece una defensa incansable para las v\u00edctimas de accidentes y sus familias.<\/p>\t\t\t\t\t\t\t\t<\/div>\n\t\t\t\t<\/a>\n\t\t<a class=\"elementor-element elementor-element-da19003 e-con-full e-flex e-con e-child\" data-id=\"da19003\" data-element_type=\"container\" data-e-type=\"container\" data-settings=\"{&quot;background_background&quot;:&quot;classic&quot;}\" href=\"https:\/\/hurt123.com\/locations\/philadelphia\/\">\n\t\t\t\t<div class=\"elementor-element elementor-element-45c8bd5 at-image-animation at-animation-image-style-1 at-shiny-glass-effect elementor-widget elementor-widget-image\" data-id=\"45c8bd5\" data-element_type=\"widget\" data-e-type=\"widget\" data-settings=\"{&quot;ekit_we_effect_on&quot;:&quot;none&quot;}\" data-widget_type=\"image.default\">\n\t\t\t\t\t\t\t\t\t\t\t\t\t\t\t<img loading=\"lazy\" decoding=\"async\" width=\"800\" height=\"533\" src=\"https:\/\/hurt123.com\/wp-content\/uploads\/2025\/08\/city-hall-philadelphia-pennsylvania-usa-2025-04-02-13-23-33-utc1-e1755726306326-1024x682.jpg\" class=\"attachment-large size-large wp-image-40756\" alt=\"\" srcset=\"https:\/\/hurt123.com\/wp-content\/uploads\/2025\/08\/city-hall-philadelphia-pennsylvania-usa-2025-04-02-13-23-33-utc1-e1755726306326-1024x682.jpg 1024w, https:\/\/hurt123.com\/wp-content\/uploads\/2025\/08\/city-hall-philadelphia-pennsylvania-usa-2025-04-02-13-23-33-utc1-e1755726306326-300x200.jpg 300w, https:\/\/hurt123.com\/wp-content\/uploads\/2025\/08\/city-hall-philadelphia-pennsylvania-usa-2025-04-02-13-23-33-utc1-e1755726306326-768x512.jpg 768w, https:\/\/hurt123.com\/wp-content\/uploads\/2025\/08\/city-hall-philadelphia-pennsylvania-usa-2025-04-02-13-23-33-utc1-e1755726306326.jpg 1198w\" sizes=\"(max-width: 800px) 100vw, 800px\" \/>\t\t\t\t\t\t\t\t\t\t\t\t\t\t\t<\/div>\n\t\t\t\t<div class=\"elementor-element elementor-element-57f9059 at-heading-animation at-animation-heading-none elementor-widget elementor-widget-heading\" data-id=\"57f9059\" data-element_type=\"widget\" data-e-type=\"widget\" data-settings=\"{&quot;ekit_we_effect_on&quot;:&quot;none&quot;}\" data-widget_type=\"heading.default\">\n\t\t\t\t\t<h3 class=\"elementor-heading-title elementor-size-default\">Pensilvania<\/h3>\t\t\t\t<\/div>\n\t\t\t\t<div class=\"elementor-element elementor-element-482108b elementor-widget elementor-widget-text-editor\" data-id=\"482108b\" data-element_type=\"widget\" data-e-type=\"widget\" data-settings=\"{&quot;ekit_we_effect_on&quot;:&quot;none&quot;}\" data-widget_type=\"text-editor.default\">\n\t\t\t\t\t\t\t\t\t<p>Desde Filadelfia hasta Pittsburgh y m\u00e1s all\u00e1, ayudamos a las v\u00edctimas de accidentes de Pensilvania a buscar justicia y recuperaci\u00f3n.<\/p>\t\t\t\t\t\t\t\t<\/div>\n\t\t\t\t<\/a>\n\t\t<a class=\"elementor-element elementor-element-90cea4f e-con-full e-flex e-con e-child\" data-id=\"90cea4f\" data-element_type=\"container\" data-e-type=\"container\" data-settings=\"{&quot;background_background&quot;:&quot;classic&quot;}\" href=\"https:\/\/hurt123.com\/locations\/virginia\/\">\n\t\t\t\t<div class=\"elementor-element elementor-element-1427b1c at-image-animation at-animation-image-style-1 at-shiny-glass-effect elementor-widget elementor-widget-image\" data-id=\"1427b1c\" data-element_type=\"widget\" data-e-type=\"widget\" data-settings=\"{&quot;ekit_we_effect_on&quot;:&quot;none&quot;}\" data-widget_type=\"image.default\">\n\t\t\t\t\t\t\t\t\t\t\t\t\t\t\t<img loading=\"lazy\" decoding=\"async\" width=\"800\" height=\"534\" src=\"https:\/\/hurt123.com\/wp-content\/uploads\/2025\/08\/richmond-virginia-usa-downtown-cityscape-2025-03-24-00-40-19-utc1-1024x684.jpg\" class=\"attachment-large size-large wp-image-40757\" alt=\"\" srcset=\"https:\/\/hurt123.com\/wp-content\/uploads\/2025\/08\/richmond-virginia-usa-downtown-cityscape-2025-03-24-00-40-19-utc1-1024x684.jpg 1024w, https:\/\/hurt123.com\/wp-content\/uploads\/2025\/08\/richmond-virginia-usa-downtown-cityscape-2025-03-24-00-40-19-utc1-300x200.jpg 300w, https:\/\/hurt123.com\/wp-content\/uploads\/2025\/08\/richmond-virginia-usa-downtown-cityscape-2025-03-24-00-40-19-utc1-768x513.jpg 768w, https:\/\/hurt123.com\/wp-content\/uploads\/2025\/08\/richmond-virginia-usa-downtown-cityscape-2025-03-24-00-40-19-utc1.jpg 1200w\" sizes=\"(max-width: 800px) 100vw, 800px\" \/>\t\t\t\t\t\t\t\t\t\t\t\t\t\t\t<\/div>\n\t\t\t\t<div class=\"elementor-element elementor-element-68031dd at-heading-animation at-animation-heading-none elementor-widget elementor-widget-heading\" data-id=\"68031dd\" data-element_type=\"widget\" data-e-type=\"widget\" data-settings=\"{&quot;ekit_we_effect_on&quot;:&quot;none&quot;}\" data-widget_type=\"heading.default\">\n\t\t\t\t\t<h3 class=\"elementor-heading-title elementor-size-default\">Virginia<\/h3>\t\t\t\t<\/div>\n\t\t\t\t<div class=\"elementor-element elementor-element-5782a25 elementor-widget elementor-widget-text-editor\" data-id=\"5782a25\" data-element_type=\"widget\" data-e-type=\"widget\" data-settings=\"{&quot;ekit_we_effect_on&quot;:&quot;none&quot;}\" data-widget_type=\"text-editor.default\">\n\t\t\t\t\t\t\t\t\t<p>Hurt123 apoya a las v\u00edctimas lesionadas en Virginia con representaci\u00f3n legal calificada cuando m\u00e1s importa.<\/p>\t\t\t\t\t\t\t\t<\/div>\n\t\t\t\t<\/a>\n\t\t<div class=\"elementor-element elementor-element-89503a4 e-con-full e-flex e-con e-child\" data-id=\"89503a4\" data-element_type=\"container\" data-e-type=\"container\" data-settings=\"{&quot;background_background&quot;:&quot;classic&quot;}\">\n\t\t\t\t<div class=\"elementor-element elementor-element-b5c6eb2 at-image-animation at-animation-image-style-1 at-shiny-glass-effect elementor-widget elementor-widget-image\" data-id=\"b5c6eb2\" data-element_type=\"widget\" data-e-type=\"widget\" data-settings=\"{&quot;ekit_we_effect_on&quot;:&quot;none&quot;}\" data-widget_type=\"image.default\">\n\t\t\t\t\t\t\t\t\t\t\t\t\t\t\t<img loading=\"lazy\" decoding=\"async\" width=\"800\" height=\"534\" src=\"https:\/\/hurt123.com\/wp-content\/uploads\/2025\/08\/united-states-capitol-building-washington-dc-u-2025-03-26-22-50-02-utc-e1755726638551-1024x684.jpg\" class=\"attachment-large size-large wp-image-40758\" alt=\"\" srcset=\"https:\/\/hurt123.com\/wp-content\/uploads\/2025\/08\/united-states-capitol-building-washington-dc-u-2025-03-26-22-50-02-utc-e1755726638551-1024x684.jpg 1024w, https:\/\/hurt123.com\/wp-content\/uploads\/2025\/08\/united-states-capitol-building-washington-dc-u-2025-03-26-22-50-02-utc-e1755726638551-300x200.jpg 300w, https:\/\/hurt123.com\/wp-content\/uploads\/2025\/08\/united-states-capitol-building-washington-dc-u-2025-03-26-22-50-02-utc-e1755726638551-768x513.jpg 768w, https:\/\/hurt123.com\/wp-content\/uploads\/2025\/08\/united-states-capitol-building-washington-dc-u-2025-03-26-22-50-02-utc-e1755726638551.jpg 1198w\" sizes=\"(max-width: 800px) 100vw, 800px\" \/>\t\t\t\t\t\t\t\t\t\t\t\t\t\t\t<\/div>\n\t\t\t\t<div class=\"elementor-element elementor-element-7fbcea8 at-heading-animation at-animation-heading-none elementor-widget elementor-widget-heading\" data-id=\"7fbcea8\" data-element_type=\"widget\" data-e-type=\"widget\" data-settings=\"{&quot;ekit_we_effect_on&quot;:&quot;none&quot;}\" data-widget_type=\"heading.default\">\n\t\t\t\t\t<h3 class=\"elementor-heading-title elementor-size-default\">Washington DC<\/h3>\t\t\t\t<\/div>\n\t\t\t\t<div class=\"elementor-element elementor-element-13f927b elementor-widget elementor-widget-text-editor\" data-id=\"13f927b\" data-element_type=\"widget\" data-e-type=\"widget\" data-settings=\"{&quot;ekit_we_effect_on&quot;:&quot;none&quot;}\" data-widget_type=\"text-editor.default\">\n\t\t\t\t\t\t\t\t\t<p>El abogado Big Al lucha por los heridos en la capital de nuestra naci\u00f3n, protegiendo los derechos de las v\u00edctimas en cada paso del camino.<\/p>\t\t\t\t\t\t\t\t<\/div>\n\t\t\t\t<\/div>\n\t\t\t\t<\/div>\n\t\t\t\t\t<\/div>\n\t\t\t\t<\/div>\n\t\t\t\t<\/div>\n\t\t","protected":false},"excerpt":{"rendered":"<p>Ubicaciones Home Quiero hablar con \u00bfAbogado Big Al? Hurt123 se enorgullece de [&hellip;]<\/p>\n","protected":false},"author":12,"featured_media":0,"parent":0,"menu_order":0,"comment_status":"open","ping_status":"open","template":"elementor_header_footer","meta":{"_acf_changed":false,"footnotes":""},"class_list":["post-40935","page","type-page","status-publish","hentry"],"acf":[],"_links":{"self":[{"href":"https:\/\/hurt123.com\/es\/wp-json\/wp\/v2\/pages\/40935","targetHints":{"allow":["GET"]}}],"collection":[{"href":"https:\/\/hurt123.com\/es\/wp-json\/wp\/v2\/pages"}],"about":[{"href":"https:\/\/hurt123.com\/es\/wp-json\/wp\/v2\/types\/page"}],"author":[{"embeddable":true,"href":"https:\/\/hurt123.com\/es\/wp-json\/wp\/v2\/users\/12"}],"replies":[{"embeddable":true,"href":"https:\/\/hurt123.com\/es\/wp-json\/wp\/v2\/comments?post=40935"}],"version-history":[{"count":3,"href":"https:\/\/hurt123.com\/es\/wp-json\/wp\/v2\/pages\/40935\/revisions"}],"predecessor-version":[{"id":42394,"href":"https:\/\/hurt123.com\/es\/wp-json\/wp\/v2\/pages\/40935\/revisions\/42394"}],"wp:attachment":[{"href":"https:\/\/hurt123.com\/es\/wp-json\/wp\/v2\/media?parent=40935"}],"curies":[{"name":"wp","href":"https:\/\/api.w.org\/{rel}","templated":true}]}}