{"id":40951,"date":"2015-03-10T10:57:30","date_gmt":"2015-03-10T10:57:30","guid":{"rendered":"https:\/\/hurt123.com\/ubicaciones\/houston\/"},"modified":"2025-09-30T23:10:03","modified_gmt":"2025-09-30T23:10:03","slug":"houston","status":"publish","type":"page","link":"https:\/\/hurt123.com\/es\/ubicaciones\/houston\/","title":{"rendered":"Houston"},"content":{"rendered":"\n\n\t<h4><strong>ACERCA DE ERIC L. PINES, ESQ.<\/strong><\/h4>\n<p>Durante m\u00e1s de veinticuatro a\u00f1os, el abogado Eric Pines ha sido un defensor y asesor de confianza para clientes en todo Texas, Estados Unidos y el mundo. Actualmente se encuentra en Houston, Texas. Es miembro de los Colegios de Abogados de los Estados de Maryland, California y Texas. Adem\u00e1s de representar a clientes de lesiones personales en todo Texas, el Sr. Pines representa a empleados de todas las ramas de las Fuerzas Armadas de los EE. UU. (Ej\u00e9rcito, Marina, Fuerza A\u00e9rea) y el VA, as\u00ed como otras agencias federales.   <\/p>\n<p>Eric Pines toca la guitarra cl\u00e1sica y le gusta jugar hockey sobre hielo, correr y andar en bicicleta. Tiene cinco hijos, de 7 a 16 a\u00f1os y forma parte de la Junta de cuatro organizaciones c\u00edvicas y religiosas separadas. Ha vivido en el extranjero y estudi\u00f3 la Ley Talm\u00fadica durante tres a\u00f1os cuando viv\u00eda en Jerusal\u00e9n, donde conoci\u00f3 a su esposa.  <\/p>\n\t\t\t<p>Mi experiencia con Big Al fue incre\u00edble. Trabajaron duro para representarme y obtener el mejor resultado para mi accidente. Extremadamente comunicativo yo mientras pasaba por el proceso. \u00a1No hay otro abogado de lesiones al que acudir\u00eda! <strong>Junio T.<\/strong><br>Cliente de Florida   <\/p>\t\t\n\t\t\t<p>El abogado Big Al y su personal fueron maravillosos. Desde el momento en que lo contrat\u00e9 como mi abogado durante el proceso de liquidaci\u00f3n, Big Al no solo me mantuvo informado sobre lo que estaba sucediendo con mi caso, sino que siempre me trat\u00f3 como a una familia. Incluso despu\u00e9s de que mi caso se resolvi\u00f3, Big Al se asegur\u00f3 de que se resolvieran todas mis facturas m\u00e9dicas. Cada vez que me preguntan sobre la contrataci\u00f3n de un abogado de lesiones personales, les digo que llamen a Big <strong>Al.Theresa O.<\/strong><br>Cliente de Florida   <\/p>\t\t\n\t\t\t<p>Lo que me encanta de esta firma es que todos parecen preocuparse realmente por los clientes. <strong>Linda R.<\/strong><br>Cliente de Atlanta  <\/p>\t\t\n\t\t\t<p>Lo que me encanta de esta firma es que todos parecen preocuparse realmente por los clientes. <strong>Linda R.<\/strong><br>Cliente de Atlanta<\/p>\t\t\n\t\t\t<p>S\u00e9 que llam\u00e9 mucho, pero siempre me ayudaste y fuiste muy amable. Incluso llamaste para ver c\u00f3mo estaba. Eres el m\u00e1s grande. <strong>Betty M.<\/strong><br>Cliente de Atlanta  <\/p>\t\t\n\t\t\t\t<img fetchpriority=\"high\" decoding=\"async\" src=\"https:\/\/hurt123.com\/wp-content\/uploads\/2018\/11\/DSC_2568-2.jpg\" alt=\"DSC_2568\" itemprop=\"image\" height=\"346\" width=\"346\" title=\"DSC_2568\" onerror=\"this.style.display='none'\">\n\t<p><strong>LAS OFICINAS LEGALES DE ERIC L. PINES, PLLC<\/strong><\/p>\n<p><strong>Abogado de lesiones personales<\/strong><\/p>\n10101 Fondren Road Suite 575<br>Houston, TX 77096<br>Tel\u00e9fono: 1-800-487-8123\n\t<iframe src=\"https:\/\/www.google.com\/maps\/embed?pb=!1m14!1m8!1m3!1d13866.817464948139!2d-95.507893!3d29.670352000000005!3m2!1i1024!2i768!4f13.1!3m3!1m2!1s0x8640e9d995457b9f%3A0xef9b4b14ce047c12!2s10101%20Fondren%20Rd%20%23575%2C%20Houston%2C%20TX%2077096!5e0!3m2!1sen!2sus!4v1710957888940!5m2!1sen!2sus\" width=\"600\" height=\"250\" allowfullscreen=\"\" loading=\"lazy\" referrerpolicy=\"no-referrer-when-downgrade\"><\/iframe>\n\n","protected":false},"excerpt":{"rendered":"","protected":false},"author":12,"featured_media":38058,"parent":40935,"menu_order":0,"comment_status":"open","ping_status":"closed","template":"","meta":{"_acf_changed":false,"footnotes":""},"class_list":["post-40951","page","type-page","status-publish","has-post-thumbnail","hentry"],"acf":[],"_links":{"self":[{"href":"https:\/\/hurt123.com\/es\/wp-json\/wp\/v2\/pages\/40951","targetHints":{"allow":["GET"]}}],"collection":[{"href":"https:\/\/hurt123.com\/es\/wp-json\/wp\/v2\/pages"}],"about":[{"href":"https:\/\/hurt123.com\/es\/wp-json\/wp\/v2\/types\/page"}],"author":[{"embeddable":true,"href":"https:\/\/hurt123.com\/es\/wp-json\/wp\/v2\/users\/12"}],"replies":[{"embeddable":true,"href":"https:\/\/hurt123.com\/es\/wp-json\/wp\/v2\/comments?post=40951"}],"version-history":[{"count":0,"href":"https:\/\/hurt123.com\/es\/wp-json\/wp\/v2\/pages\/40951\/revisions"}],"up":[{"embeddable":true,"href":"https:\/\/hurt123.com\/es\/wp-json\/wp\/v2\/pages\/40935"}],"wp:featuredmedia":[{"embeddable":true,"href":"https:\/\/hurt123.com\/es\/wp-json\/wp\/v2\/media\/38058"}],"wp:attachment":[{"href":"https:\/\/hurt123.com\/es\/wp-json\/wp\/v2\/media?parent=40951"}],"curies":[{"name":"wp","href":"https:\/\/api.w.org\/{rel}","templated":true}]}}