{"id":41047,"date":"2024-10-04T13:59:24","date_gmt":"2024-10-04T13:59:24","guid":{"rendered":"https:\/\/hurt123.com\/fort-lauderdale\/abogado-de-mordeduras-de-perro-en-fort-lauderdale-florida\/"},"modified":"2025-10-01T20:43:25","modified_gmt":"2025-10-01T20:43:25","slug":"abogado-de-mordeduras-de-perro-en-fort-lauderdale-florida","status":"publish","type":"page","link":"https:\/\/hurt123.com\/es\/fort-lauderdale\/abogado-de-mordeduras-de-perro-en-fort-lauderdale-florida\/","title":{"rendered":"Abogado de mordeduras de perro en Fort Lauderdale, Florida"},"content":{"rendered":"\n<p>Si ha sufrido una mordedura de perro en Fort Lauderdale, Florida, es posible que est\u00e9 lidiando con lesiones f\u00edsicas, traumas emocionales y cargas financieras. Es importante saber que la ley de Florida protege a las v\u00edctimas de mordeduras de perros, lo que le permite obtener una compensaci\u00f3n por sus facturas m\u00e9dicas, salarios perdidos, dolor y sufrimiento, y m\u00e1s. Un abogado experto en mordeduras de perro en Fort Lauderdale, Florida, puede ayudarlo a navegar el proceso legal y luchar por sus derechos. En Hurt123, el abogado Big Al tiene a\u00f1os de experiencia ayudando a las v\u00edctimas lesionadas a obtener una compensaci\u00f3n justa.   <\/p>\n\n<p>Esta gu\u00eda lo guiar\u00e1 a trav\u00e9s de los aspectos esenciales de los casos de mordeduras de perros en Fort Lauderdale, las leyes que se aplican y c\u00f3mo nuestro <a href=\"https:\/\/hurt123.com\/\" data-type=\"link\" data-id=\"https:\/\/hurt123.com\/es\/\">abogado de mordeduras de perros<\/a> en Fort Lauderdale puede ayudarlo a obtener justicia y alivio financiero.<\/p>\n\n<h2 class=\"wp-block-heading\">Comprender las leyes de mordeduras de perro de Florida<\/h2>\n\n<p>Las mordeduras de perro pueden causar lesiones graves, incluidas heridas profundas, da\u00f1o a los nervios, infecciones e incluso desfiguraci\u00f3n. Si usted es una v\u00edctima, es fundamental comprender el marco legal que rige los casos de mordeduras de perros en Florida. <\/p>\n\n<h3 class=\"wp-block-heading\"><strong>Regla de responsabilidad estricta de Florida<\/strong><\/h3>\n\n<p>A diferencia de algunos estados, Florida sigue una regla de responsabilidad estricta por mordeduras de perros. Esto significa que los due\u00f1os de perros pueden ser considerados responsables de las lesiones causadas por su perro, incluso si el perro no tiene antecedentes de agresi\u00f3n o incidentes previos de mordeduras. Seg\u00fan el Estatuto de Florida 767.04, el due\u00f1o de un perro es responsable de cualquier mordedura que ocurra en p\u00fablico o cuando la v\u00edctima se encuentre legalmente en una propiedad privada, independientemente de si se sab\u00eda que el perro era peligroso.  <\/p>\n\n<p>En t\u00e9rminos m\u00e1s simples, si un perro lo muerde en Fort Lauderdale y usted estaba en un lugar donde ten\u00eda derecho a estar, el due\u00f1o del perro puede ser considerado responsable de sus lesiones.<\/p>\n\n<h3 class=\"wp-block-heading\"><strong>Excepciones a la regla<\/strong><\/h3>\n\n<p>Si bien la regla de responsabilidad estricta de Florida es favorable para las v\u00edctimas, existen ciertas excepciones en las que el due\u00f1o de un perro puede no ser responsable:<\/p>\n\n<ul class=\"wp-block-list\">\n<li><strong>Provocaci\u00f3n<\/strong>: Si se descubre que la v\u00edctima provoc\u00f3 que el perro atacara, la responsabilidad del propietario podr\u00eda reducirse o eliminarse.<\/li>\n\n\n\n<li><strong>Allanamiento de morada<\/strong>: Si la mordedura ocurri\u00f3 mientras la v\u00edctima estaba ilegalmente en una propiedad privada, es posible que el due\u00f1o del perro no sea responsable.<\/li>\n<\/ul>\n\n<h3 class=\"wp-block-heading\"><strong>Negligencia comparativa<\/strong><\/h3>\n\n<p>Florida tambi\u00e9n sigue el principio de negligencia comparativa, lo que significa que si la v\u00edctima es parcialmente responsable del incidente, su compensaci\u00f3n puede reducirse. Por ejemplo, si un tribunal determina que usted provoc\u00f3 al perro o contribuy\u00f3 a las circunstancias que llevaron a la mordedura, su recuperaci\u00f3n podr\u00eda reducirse por el porcentaje de su culpa. <\/p>\n\n<p>Es por eso que es esencial contar con un abogado con experiencia en mordeduras de perro en Fort Lauderdale, Florida, como el abogado Big Al, para garantizar que sus derechos est\u00e9n completamente protegidos y que no se le culpe injustamente por el incidente.<\/p>\n\n<h2 class=\"wp-block-heading\">Lesiones comunes en casos de mordedura de perro<\/h2>\n\n<p>Las mordeduras de perro pueden provocar una variedad de lesiones graves, algunas de las cuales pueden requerir un tratamiento m\u00e9dico extenso y atenci\u00f3n a largo plazo. Las lesiones comunes en los casos de mordeduras de perros incluyen: <\/p>\n\n<ul class=\"wp-block-list\">\n<li><strong>Heridas punzantes<\/strong>: Las heridas profundas causadas por los dientes del perro pueden provocar infecciones, especialmente si no se tratan adecuadamente.<\/li>\n\n\n\n<li><strong>Laceraciones<\/strong>: Los cortes severos pueden provocar una p\u00e9rdida significativa de sangre y pueden requerir puntos de sutura o cirug\u00eda para repararlos.<\/li>\n\n\n\n<li><strong>Huesos rotos<\/strong>: Un perro grande o agresivo puede derribar a una persona, lo que provoca fracturas de huesos, particularmente en los brazos, las manos y las piernas.<\/li>\n\n\n\n<li><strong>Da\u00f1o a los nervios<\/strong>: una mordedura que penetra profundamente en la piel puede da\u00f1ar los nervios, lo que puede causar p\u00e9rdida de sensibilidad o movilidad a largo plazo.<\/li>\n\n\n\n<li><strong>Cicatrices y desfiguraci\u00f3n<\/strong>: Las cicatrices permanentes, particularmente en \u00e1reas visibles como la cara o los brazos, son un resultado com\u00fan de los ataques de perros.<\/li>\n\n\n\n<li><strong>Trauma psicol\u00f3gico<\/strong>: Las v\u00edctimas de mordeduras de perro a menudo sufren angustia emocional, ansiedad e incluso trastorno de estr\u00e9s postraum\u00e1tico (TEPT).<\/li>\n<\/ul>\n\n<p>Con consecuencias tan graves, es crucial trabajar con un abogado de mordeduras de perro en Fort Lauderdale que pueda ayudarlo a recuperar el monto total de la compensaci\u00f3n necesaria para cubrir sus gastos m\u00e9dicos y otras p\u00e9rdidas.<\/p>\n\n<h2 class=\"wp-block-heading\">Pasos a seguir despu\u00e9s de una mordedura de perro en Fort Lauderdale<\/h2>\n\n<p>Si usted o un ser querido ha sido mordido por un perro en Fort Lauderdale, hay varios pasos que debe seguir para proteger su salud y sus derechos legales:<\/p>\n\n<h4 class=\"wp-block-heading\"><strong>1. Busque atenci\u00f3n m\u00e9dica inmediata<\/strong><\/h4>\n\n<p>Las mordeduras de perro pueden ser peligrosas debido al riesgo de infecci\u00f3n, incluso si la herida no parece grave al principio. Debe consultar a un m\u00e9dico de inmediato para evaluar sus lesiones y recibir el tratamiento necesario. Tener registros m\u00e9dicos tambi\u00e9n servir\u00e1 como evidencia crucial si decide presentar un reclamo.  <\/p>\n\n<h4 class=\"wp-block-heading\"><strong>2. Identificar al perro y a su due\u00f1o<\/strong><\/h4>\n\n<p>Si es posible, trate de identificar al perro y a su due\u00f1o. Esta informaci\u00f3n ser\u00e1 fundamental para presentar un reclamo y determinar qui\u00e9n es responsable del ataque. <\/p>\n\n<h4 class=\"wp-block-heading\"><strong>3. Reporte el incidente<\/strong><\/h4>\n\n<p>En Fort Lauderdale, es esencial informar la mordedura de perro a las autoridades locales o al control de animales. Esto crea un registro oficial del incidente y asegura que el comportamiento del perro est\u00e9 documentado. <\/p>\n\n<h4 class=\"wp-block-heading\"><strong>4. Documente el ataque<\/strong><\/h4>\n\n<p>Tome fotograf\u00edas de sus lesiones, el lugar donde ocurri\u00f3 la mordedura y cualquier otra evidencia relevante. Si hubo testigos, recopile su informaci\u00f3n de contacto, ya que su testimonio podr\u00eda respaldar su caso. <\/p>\n\n<h4 class=\"wp-block-heading\"><strong>5. P\u00f3ngase en contacto con un abogado especializado en mordeduras de perro<\/strong><\/h4>\n\n<p>Despu\u00e9s de una mordedura de perro, es importante consultar con un abogado con experiencia en mordeduras de perro en Fort Lauderdale que comprenda las leyes. El abogado Big Al de Hurt123 puede ayudarlo a reunir pruebas, construir un caso s\u00f3lido y negociar con las compa\u00f1\u00edas de seguros para garantizar que reciba una compensaci\u00f3n justa. <\/p>\n\n<h2 class=\"wp-block-heading\">Compensaci\u00f3n disponible en casos de mordedura de perro<\/h2>\n\n<p>Si ha sido mordido por un perro en Fort Lauderdale, es posible que pueda obtener una compensaci\u00f3n por una variedad de da\u00f1os, que incluyen:<\/p>\n\n<ul class=\"wp-block-list\">\n<li><strong>Gastos m\u00e9dicos<\/strong>: Esto incluye visitas a la sala de emergencias, cirug\u00edas, medicamentos y tratamientos de seguimiento como fisioterapia.<\/li>\n\n\n\n<li><strong>Salarios perdidos<\/strong>: Si sus lesiones le impiden trabajar, es posible que pueda recuperar una compensaci\u00f3n por los ingresos que ha perdido.<\/li>\n\n\n\n<li><strong>Dolor y sufrimiento<\/strong>: El dolor f\u00edsico y la angustia emocional causados por el ataque pueden resultar en una compensaci\u00f3n adicional.<\/li>\n\n\n\n<li><strong>Cicatrices y desfiguraci\u00f3n<\/strong>: Las cicatrices o desfiguraciones permanentes pueden conducir a una mayor compensaci\u00f3n debido al impacto duradero en su vida.<\/li>\n\n\n\n<li><strong>Costos de rehabilitaci\u00f3n<\/strong>: Si necesita atenci\u00f3n a largo plazo o rehabilitaci\u00f3n para recuperarse de sus lesiones, estos costos tambi\u00e9n pueden incluirse en su reclamo.<\/li>\n<\/ul>\n\n<p>El abogado Big Al tiene un historial de ayudar a las v\u00edctimas de mordeduras de perros en Fort Lauderdale a recuperar una compensaci\u00f3n justa seg\u00fan la ley de Florida.<\/p>\n\n<h2 class=\"wp-block-heading\">\u00bfPor qu\u00e9 elegir al abogado Big Al en Hurt123?<\/h2>\n\n<p>Elegir al abogado de mordeduras de perro adecuado en Fort Lauderdale para manejar su caso de mordedura de perro es fundamental para el resultado de su reclamo. Aqu\u00ed hay algunas razones por las que el abogado Big Al y el equipo de Hurt123 son la opci\u00f3n correcta para usted: <\/p>\n\n<h4 class=\"wp-block-heading\"><strong>1. Experiencia calificada<\/strong><\/h4>\n\n<p>Con a\u00f1os de experiencia en el manejo de casos de lesiones personales, incluidos incidentes de mordeduras de perros, el abogado Big Al conoce los entresijos de la ley de Florida. Comprende los desaf\u00edos \u00fanicos que presentan estos casos y c\u00f3mo superarlos para asegurar un resultado favorable para sus clientes. <\/p>\n\n<h4 class=\"wp-block-heading\"><strong>2. Atenci\u00f3n personalizada<\/strong><\/h4>\n\n<p>En Hurt123, cada cliente recibe atenci\u00f3n personalizada y estrategias legales a medida. El abogado Big Al se tomar\u00e1 el tiempo para escuchar su historia, responder sus preguntas y guiarlo a trav\u00e9s de cada paso del proceso legal. <\/p>\n\n<h4 class=\"wp-block-heading\"><strong>3. Representaci\u00f3n agresiva<\/strong><\/h4>\n\n<p>Los casos de mordeduras de perros a menudo implican tratar con compa\u00f1\u00edas de seguros que buscan minimizar sus pagos. El abogado Big Al es conocido por su representaci\u00f3n agresiva, luchando incansablemente para garantizar que las compa\u00f1\u00edas de seguros no se aprovechen de sus clientes. <\/p>\n\n<h4 class=\"wp-block-heading\"><strong>4. Sin tarifas a menos que gane<\/strong><\/h4>\n\n<p>En Hurt123, operamos con honorarios de contingencia, lo que significa que no paga honorarios legales a menos que ganemos su caso. Esto garantiza que todos tengan acceso a una representaci\u00f3n legal de alta calidad, independientemente de su situaci\u00f3n financiera. <\/p>\n\n<h4 class=\"wp-block-heading\"><strong>5. Historial de \u00e9xito<\/strong><\/h4>\n\n<p>El abogado Big Al ha ayudado a numerosas v\u00edctimas de mordeduras de perros en Fort Lauderdale y en toda Florida a obtener una compensaci\u00f3n justa. Su historial comprobado de \u00e9xito habla de su dedicaci\u00f3n y habilidad como abogado de mordeduras de perros en Fort Lauderdale. <\/p>\n\n<h2 class=\"wp-block-heading\">Preguntas frecuentes sobre casos de mordeduras de perros en Fort Lauderdale<\/h2>\n\n<h4 class=\"wp-block-heading\"><strong>1. \u00bfCu\u00e1nto tiempo tengo para presentar un reclamo por mordedura de perro en Florida?<\/strong><\/h4>\n\n<p>En Florida, el plazo de prescripci\u00f3n para presentar un reclamo por lesiones personales, incluidas las mordeduras de perro, suele ser de cuatro a\u00f1os a partir de la fecha de la lesi\u00f3n. Sin embargo, es mejor ponerse en contacto con un abogado de mordeduras de perro en Fort Lauderdale lo antes posible para preservar la evidencia y construir un caso s\u00f3lido. <\/p>\n\n<h4 class=\"wp-block-heading\"><strong>2. \u00bfPuedo presentar un reclamo si el due\u00f1o del perro es un amigo o familiar?<\/strong><\/h4>\n\n<p>S\u00ed. Si bien puede resultar inc\u00f3modo, el reclamo generalmente se presenta contra el seguro del propietario del perro, no contra el individuo en s\u00ed. Su relaci\u00f3n con el due\u00f1o del perro no deber\u00eda impedirle buscar la compensaci\u00f3n que necesita para su recuperaci\u00f3n.  <\/p>\n\n<h4 class=\"wp-block-heading\"><strong>3. \u00bfQu\u00e9 pasa si tuve parte de la culpa de la mordedura de perro?<\/strong><\/h4>\n\n<p>La regla de negligencia comparativa de Florida significa que incluso si usted tuvo parte de la culpa del incidente, a\u00fan podr\u00eda recuperar una compensaci\u00f3n. Sin embargo, su compensaci\u00f3n se reducir\u00e1 por el porcentaje de su culpa. <\/p>\n\n<h4 class=\"wp-block-heading\"><strong>4. \u00bfSacrificar\u00e1n al perro si presento un reclamo?<\/strong><\/h4>\n\n<p>Presentar un reclamo por lesiones personales no resulta autom\u00e1ticamente en la eutanasia del perro. El destino del perro depende de las leyes locales y de las circunstancias espec\u00edficas del caso. <\/p>\n\n<h2 class=\"wp-block-heading\">P\u00f3ngase en contacto con el abogado Big Al: su abogado de confianza sobre mordeduras de perro en Fort Lauderdale, Florida<\/h2>\n\n<p>Si ha sido mordido por un perro en Fort Lauderdale, una representaci\u00f3n legal con experiencia puede ayudarlo a recuperar una compensaci\u00f3n justa. El abogado Big Al de Hurt123 est\u00e1 comprometido a luchar por las v\u00edctimas de mordeduras de perros y garantizar que los due\u00f1os de perros negligentes rindan cuentas. Para programar una consulta gratuita y obtener m\u00e1s informaci\u00f3n sobre c\u00f3mo podemos ayudarlo, ll\u00e1menos a Hurt123 o <g id=\"gid_0\">visite nuestro sitio web<\/g>. Deje que nuestro <a href=\"https:\/\/maps.app.goo.gl\/UbVgqXx8xE1wrTCT8\" data-type=\"link\" data-id=\"https:\/\/maps.app.goo.gl\/UbVgqXx8xE1wrTCT8\" target=\"_blank\" rel=\"noopener\">abogado de mordeduras de perro<\/a> luche por sus derechos y obtenga justicia justa.   <\/p>\n","protected":false},"excerpt":{"rendered":"<p>Si ha sufrido una mordedura de perro en Fort Lauderdale, Florida, es [&hellip;]<\/p>\n","protected":false},"author":12,"featured_media":38229,"parent":5638,"menu_order":0,"comment_status":"closed","ping_status":"closed","template":"","meta":{"_acf_changed":false,"footnotes":""},"class_list":["post-41047","page","type-page","status-publish","has-post-thumbnail","hentry"],"acf":[],"_links":{"self":[{"href":"https:\/\/hurt123.com\/es\/wp-json\/wp\/v2\/pages\/41047","targetHints":{"allow":["GET"]}}],"collection":[{"href":"https:\/\/hurt123.com\/es\/wp-json\/wp\/v2\/pages"}],"about":[{"href":"https:\/\/hurt123.com\/es\/wp-json\/wp\/v2\/types\/page"}],"author":[{"embeddable":true,"href":"https:\/\/hurt123.com\/es\/wp-json\/wp\/v2\/users\/12"}],"replies":[{"embeddable":true,"href":"https:\/\/hurt123.com\/es\/wp-json\/wp\/v2\/comments?post=41047"}],"version-history":[{"count":0,"href":"https:\/\/hurt123.com\/es\/wp-json\/wp\/v2\/pages\/41047\/revisions"}],"up":[{"embeddable":true,"href":"https:\/\/hurt123.com\/es\/wp-json\/wp\/v2\/pages\/5638"}],"wp:featuredmedia":[{"embeddable":true,"href":"https:\/\/hurt123.com\/es\/wp-json\/wp\/v2\/media\/38229"}],"wp:attachment":[{"href":"https:\/\/hurt123.com\/es\/wp-json\/wp\/v2\/media?parent=41047"}],"curies":[{"name":"wp","href":"https:\/\/api.w.org\/{rel}","templated":true}]}}