{"id":41422,"date":"2024-09-18T12:35:18","date_gmt":"2024-09-18T12:35:18","guid":{"rendered":"https:\/\/hurt123.com\/programa\/"},"modified":"2025-10-13T16:26:04","modified_gmt":"2025-10-13T16:26:04","slug":"programa","status":"publish","type":"page","link":"https:\/\/hurt123.com\/es\/programa\/","title":{"rendered":"Programa"},"content":{"rendered":"\n<h1>\n  El programa de marketing\n\t<\/h1>\n<h2>\n  Publicidad digital\n\t<\/h2>\n\t<p>SEO | B\u00fasqueda pagada | Redes sociales | V\u00eddeo | Identificar<\/p>\n\t\t\t<a href=\"https:\/\/hurt123.com\/program\/online\/\" target=\"_self\" rel=\"noopener\">\n  Aprende m\u00e1s\n\t\t\t<\/a>\n<h2>\n  Marketing tradicional\n\t<\/h2>\n\t<p>Medios de comunicaci\u00f3n | Vallas publicitarias | TV\/Radio<\/p>\n\t\t\t<a href=\"https:\/\/hurt123.com\/program\/traditional\/\" target=\"_self\" rel=\"noopener\">\n  Aprende m\u00e1s\n\t\t\t<\/a>\n<h2>\n  Una estrategia espec\u00edfica para asegurar casos de lesiones personales de alto valor.\n\t<\/h2>\n\t<strong>HAGA CRECER SU BUFETE DE ABOGADOS DE LESIONES PERSONALES<\/strong><br><strong>JUNTO A UNA COMUNIDAD DE PROFESIONALES LEGALES EXPERIMENTADOS<\/strong>\n<p>Para los miembros de Hurt123, proporcionamos clientes potenciales c\u00e1lidos que resultan en casos de lesiones personales de alto valor a trav\u00e9s de nuestros esfuerzos de marketing dirigidos, participaci\u00f3n en eventos y fuertes conexiones con la comunidad.<\/p>\n<p>Los bufetes de abogados que se asocian con Hurt123 se centran en llevar su negocio al siguiente nivel. Est\u00e1n buscando un nicho vertical de alto retorno de la inversi\u00f3n para hacer crecer su pr\u00e1ctica. Hacer esto de forma independiente puede llevar mucho tiempo y ser costoso, por lo que se asocian con Hurt123 para aprovechar nuestra experiencia, presencia comunitaria y marca nacional. Esta asociaci\u00f3n les permite concentrarse en lo que hacen mejor: practicar la ley, mientras que Hurt123 genera reconocimiento de marca dentro de la comunidad legal de lesiones personales, impulsando nuevos negocios a su manera.   <\/p>\n\t\t\t <a href=\"https:\/\/hurt123.com\/program\/get-started\/\" target=\"_self\" rel=\"noopener\">\n Haga clic para iniciar el proceso\n\t\t\t\t\t<\/a>\n \u00bfPor qu\u00e9 elegirnos?\n\t\t<h2>\n  Mercado altamente rentable, sin explotar y fragmentado\n\t\t<\/h2>\n\t\t\t<article data-aos=\"fade-up\" data-aos-delay=\"300\"><ul><li>En promedio, hay alrededor de 6 millones de accidentes automovil\u00edsticos en los EE. UU. cada a\u00f1o. Esto se traduce en un accidente automovil\u00edstico que ocurre cada 60 segundos. <\/li><li>En 2021, se inform\u00f3 que 5,788 personas murieron en accidentes de camiones grandes a nivel nacional. Esto marca un aumento del 13% con respecto al a\u00f1o anterior y contin\u00faa una tendencia al alza en los accidentes fatales de camiones. <\/li><li>Aproximadamente 82,000 motociclistas resultaron heridos en choques en 2020, lo que a menudo result\u00f3 en lesiones graves debido a la falta de protecci\u00f3n en comparaci\u00f3n con los veh\u00edculos de pasajeros.<\/li><li>Logre resultados de casos impresionantes con un alto porcentaje de veredictos y acuerdos favorables.<\/li><li>Asegure los pagos de p\u00f3lizas con acuerdos de casos m\u00e1s r\u00e1pidos, lo que aumenta la eficiencia.<\/li><li>Ampl\u00ede su pr\u00e1ctica sin esfuerzo mientras mantiene un rendimiento s\u00f3lido en todos los casos.<\/li><li>Opere a gastos m\u00e1s bajos, con solo el 1-2% de los honorarios de los abogados, lo que lo hace m\u00e1s asequible que las pr\u00e1cticas est\u00e1ndar de lesiones personales.<\/li><li>Mejore la reputaci\u00f3n y la comerciabilidad de su empresa mediante la creaci\u00f3n de un fuerte valor de marca.<\/li><\/ul><\/article> \t\t\n\t\t\t\t<img fetchpriority=\"high\" decoding=\"async\" src=\"https:\/\/hurt123.com\/wp-content\/uploads\/2015\/03\/5-scaled.jpg\" alt=\"El abogado Big Al mirando a la c\u00e1mara sonriendo mientras toma notas y trabaja en un caso.\" itemprop=\"image\" height=\"1707\" width=\"2560\" title=\"El abogado Big Al trabajando en un caso\" onerror=\"this.style.display='none'\">\n\t<iframe allowfullscreen=\"\" allow=\"autoplay\" data-src=\"https:\/\/www.youtube.com\/embed\/N9Tnxgt5ZNI?feature=oembed&amp;start&amp;end&amp;wmode=opaque&amp;loop=0&amp;controls=1&amp;mute=0&amp;rel=0&amp;modestbranding=0\"><\/iframe>\t\t\n Reproducir video\n Comenzar\n\t\t<h2>\n  Haga crecer su empresa con<br>Big Al Hurt123\n\t\t<\/h2>\n\t<ul>\n\t\t\t<li>\n  Territorios exclusivos\n\t\t\t<\/li>\n\t\t\t<li>\n  Potencial de ingresos excepcional\n\t\t\t<\/li>\n\t\t\t<li>\n  Soporte de marketing experimentado\n\t\t\t<\/li>\n\t\t\t<li>\n  Visibilidad de marca a nivel nacional\n\t\t\t<\/li>\n\t\t<\/ul>\n\t<ul>\n\t\t\t<li>\n  Vacantes de asociaci\u00f3n disponibles\n\t\t\t<\/li>\n\t\t\t<li>\n  Lucrativos Casos de Lesiones Personales\n\t\t\t<\/li>\n\t\t\t<li>\n  Estrategia Publicitaria Integral\n\t\t\t<\/li>\n\t\t\t<li>\n  Fuerte lealtad de los miembros\n\t\t\t<\/li>\n\t\t<\/ul>\n\t\t\t<a href=\"https:\/\/hurt123.com\/program\/get-started\/\" target=\"_self\" rel=\"noopener\">\n  Haga clic para iniciar el proceso\n\t\t\t\t\t<\/a>\n\n","protected":false},"excerpt":{"rendered":"","protected":false},"author":12,"featured_media":0,"parent":0,"menu_order":0,"comment_status":"closed","ping_status":"closed","template":"","meta":{"_acf_changed":false,"footnotes":""},"class_list":["post-41422","page","type-page","status-publish","hentry"],"acf":[],"_links":{"self":[{"href":"https:\/\/hurt123.com\/es\/wp-json\/wp\/v2\/pages\/41422","targetHints":{"allow":["GET"]}}],"collection":[{"href":"https:\/\/hurt123.com\/es\/wp-json\/wp\/v2\/pages"}],"about":[{"href":"https:\/\/hurt123.com\/es\/wp-json\/wp\/v2\/types\/page"}],"author":[{"embeddable":true,"href":"https:\/\/hurt123.com\/es\/wp-json\/wp\/v2\/users\/12"}],"replies":[{"embeddable":true,"href":"https:\/\/hurt123.com\/es\/wp-json\/wp\/v2\/comments?post=41422"}],"version-history":[{"count":0,"href":"https:\/\/hurt123.com\/es\/wp-json\/wp\/v2\/pages\/41422\/revisions"}],"wp:attachment":[{"href":"https:\/\/hurt123.com\/es\/wp-json\/wp\/v2\/media?parent=41422"}],"curies":[{"name":"wp","href":"https:\/\/api.w.org\/{rel}","templated":true}]}}