{"id":41479,"date":"2015-05-16T15:58:00","date_gmt":"2015-05-16T15:58:00","guid":{"rendered":"https:\/\/hurt123.com\/pagina-de-destino\/"},"modified":"2025-10-13T18:00:48","modified_gmt":"2025-10-13T18:00:48","slug":"pagina-de-destino","status":"publish","type":"page","link":"https:\/\/hurt123.com\/es\/pagina-de-destino\/","title":{"rendered":"P\u00e1gina de destino"},"content":{"rendered":"\n<h3>\n  \u00bfQuieres hablar con el \u00abAbogado Big Al\u00bb?\n\t<\/h3>\n<h1>\n  LLAME AL 1-800-HURT-123\n\t<\/h1>\n\t\t\t\t<img fetchpriority=\"high\" decoding=\"async\" src=\"https:\/\/hurt123.com\/wp-content\/uploads\/2024\/03\/divider-square-white-center.png\" alt=\"divisor-cuadrado-blanco-centro\" itemprop=\"image\" height=\"86\" width=\"847\" title=\"divisor-cuadrado-blanco-centro\" onerror=\"this.style.display='none'\">\n\t\t\t<a href=\"\" target=\"_self\" rel=\"noopener\">\n  CONSULTA GRATIS\n\t\t\t\t\t<\/a>\n\t<p>\u00bfGravemente herido?<\/p>\n<h2>\n  Deje que el abogado Big Al le haga justicia\n\t<\/h2>\n\t\t    <form data-form_id=\"4\" id=\"fluentform_4\" data-form_instance=\"ff_form_instance_4_1\" method=\"POST\"><fieldset>\n                    <legend>Formulario de selecci\u00f3n estatal<\/legend>        <input type=\"checkbox\" name=\"item__4__fluent_checkme_\" value=\"1\" tabindex=\"-1\" aria-hidden=\"true\">\n        <input type=\"hidden\" name=\"__fluent_form_embded_post_id\" value=\"604\"><input type=\"hidden\" id=\"_fluentform_4_fluentformnonce\" name=\"_fluentform_4_fluentformnonce\" value=\"bc44a343e7\"><input type=\"hidden\" name=\"_wp_http_referer\" value=\"\/?page_id=604&amp;fl_builder\"><label for=\"ff_4_dropdown\" aria-label=\"What state were you injured in?\">\u00bfEn qu\u00e9 estado se lesion\u00f3?<\/label><select name=\"dropdown\" id=\"ff_4_dropdown\" data-name=\"dropdown\" data-calc_value=\"0\" aria-invalid=\"false\" aria-required=\"false\"><option value=\"\">&#8211; Seleccione su estado &#8211;<\/option><option value=\"California\">California<\/option><option value=\"Florida\">Florida<\/option><option value=\"Georgia\">Georgia<\/option><option value=\"Maryland\">Maryland<\/option><option value=\"New York\">Nueva York<\/option><option value=\"Pennsylvania\">Pensilvania<\/option><option value=\"Virgina\">Virgina<\/option><option value=\"Washington D.C.\">Washington D.C.<\/option><\/select><button type=\"submit\" name=\"custom_submit_button-4_1\" data-name=\"custom_submit_button-4_1\">Enviar<\/button><style>form.fluent_form_4 .wpf_has_custom_css.ff-btn-submit { background-color:#1a7efb;border-color:#1a7efb;color:#ffffff;min-width:100%; }form.fluent_form_4 .wpf_has_custom_css.ff-btn-submit:hover { background-color:#ffffff;border-color:#1a7efb;color:#1a7efb;min-width:100%; } <\/style><\/fieldset><\/form>        \n<h2>\n \u00bfQui\u00e9n es el \u00abAbogado Big Al\u00bb?\n\t<\/h2>\n<p>\u00abAbogado Big Al\u00bb es el apodo del abogado a cargo de un bufete de abogados local e independiente al que se puede contactar directamente a trav\u00e9s del n\u00famero de tel\u00e9fono 1-800-HURT-123. Estas oficinas legales est\u00e1n encabezadas por el \u00abAbogado Big Al\u00bb\u00bb. Este nombre humor\u00edstico est\u00e1 dise\u00f1ado para recordar los rasgos de car\u00e1cter que tiene cada uno de estos abogados, que son importantes para los clientes: dedicaci\u00f3n al servicio atento y profesional; esforzarse por alcanzar la excelencia; y una actitud de \u00abte respaldo\u00bb que pone a los clientes en primer lugar.<\/p>\n<p>Cada \u00abAbogado Big Al\u00bb local tiene la tradici\u00f3n de brindar a sus clientes la mejor representaci\u00f3n legal profesional durante su momento de necesidad. A diferencia de otros abogados que incursionan en una amplia gama de \u00e1reas de pr\u00e1ctica, cada pr\u00e1ctica local de \u00abAttorney Big Al\u00bb se dedica exclusivamente a representar a v\u00edctimas de negligencia lesionadas en accidentes automovil\u00edsticos, lesiones relacionadas con el trabajo, abuso en hogares de ancianos, negligencia m\u00e9dica, muerte por negligencia y m\u00e1s. Nuestra misi\u00f3n es que todas y cada una de las v\u00edctimas de negligencia sean compensadas de manera justa y r\u00e1pida. El equipo legal de cada oficina local, incluidos el abogado, los asistentes legales, los investigadores y los profesionales m\u00e9dicos, ha sido seleccionado para garantizar la mejor representaci\u00f3n legal para nuestros clientes. Tenga la seguridad de que su \u00abAbogado Big Al\u00bb local no solo tiene los conocimientos legales para representar a una v\u00edctima lesionada, sino que tambi\u00e9n tiene los recursos financieros para consultar y retener a los mejores expertos en cualquier campo, lo que nos permite enfrentarnos a las compa\u00f1\u00edas de seguros m\u00e1s grandes con confianza. Esto ha convertido a cada \u00abAbogado Big Al\u00bb en su \u00e1rea local en un abogado de lesiones personales experimentado, calificado, dedicado y comprometido.     <\/p>\nEst\u00e1 invitado a pasar los pr\u00f3ximos minutos navegando por nuestro sitio web, si tiene alguna pregunta, llame y hable directamente con su local<br>\u00abAbogado Big Al\u00bb al 1-800-HURT-123.\n<h3>\n  CASOS QUE MANEJAMOS\n\t<\/h3>\n\t<p>C\u00f3mo podemos ayudarlo<\/p>\n Accidentes automovil\u00edsticos<br>Abuso en hogares de ancianos<br>Muerte por negligencia<br>Negligencia m\u00e9dica<br>Mordeduras de perro<br>Lesiones relacionadas con el trabajo<br>Responsabilidad de las instalaciones<br>Lesi\u00f3n cerebral traum\u00e1tica\n\t\t\t<a href=\"\" target=\"_self\" rel=\"noopener\">\n  VER TODO\n\t\t\t\t\t<\/a>\n\t\t\t\t<img decoding=\"async\" src=\"https:\/\/hurt123.com\/wp-content\/uploads\/2023\/01\/a9cdc6cc990e1fbac80f4cab622ccc5a.jpeg\" alt=\"a9cdc6cc990e1fbac80f4cab622ccc5a\" itemprop=\"image\" height=\"522\" width=\"746\" title=\"a9cdc6cc990e1fbac80f4cab622ccc5a\" onerror=\"this.style.display='none'\">\n<h2>\n  DA EL SIGUIENTE PASO\n\t<\/h2>\n\t<p>Cont\u00e1ctenos hoy<\/p>\n\t\t\t\t<img decoding=\"async\" src=\"https:\/\/hurt123.com\/wp-content\/uploads\/2024\/03\/divider-square-red-center.png\" alt=\"divisor-cuadrado-rojo-centro\" itemprop=\"image\" height=\"86\" width=\"847\" title=\"divisor-cuadrado-rojo-centro\" onerror=\"this.style.display='none'\">\n\t\t    <form data-form_id=\"3\" id=\"fluentform_3\" data-form_instance=\"ff_form_instance_3_2\" method=\"POST\"><fieldset>\n                    <legend>Formulario de contacto principal<\/legend>        <input type=\"checkbox\" name=\"item__3__fluent_checkme_\" value=\"1\" tabindex=\"-1\" aria-hidden=\"true\">\n        <input type=\"hidden\" name=\"__fluent_form_embded_post_id\" value=\"604\"><input type=\"hidden\" id=\"_fluentform_3_fluentformnonce\" name=\"_fluentform_3_fluentformnonce\" value=\"bc44a343e7\"><input type=\"hidden\" name=\"_wp_http_referer\" value=\"\/?page_id=604&amp;fl_builder\"><label for=\"ff_3_2_names_first_name_\" aria-label=\"First Name\">Nombre<\/label><input type=\"text\" name=\"names[first_name]\" id=\"ff_3_2_names_first_name_\" placeholder=\"Nombre\" aria-invalid=\"false\" aria-required=\"true\/\"><label for=\"ff_3_2_names_last_name_\" aria-label=\"Last Name\">Apellido<\/label><input type=\"text\" name=\"names[last_name]\" id=\"ff_3_2_names_last_name_\" placeholder=\"Apellido\" aria-invalid=\"false\" aria-required=\"true\/\"><label for=\"ff_3_2_email\" aria-label=\"Email\">Correo electr\u00f3nico<\/label><input type=\"email\" name=\"email\" id=\"ff_3_2_email\" placeholder=\"Direcci\u00f3n de correo electr\u00f3nico\" data-name=\"email\" aria-invalid=\"false\" aria-required=\"true\/\"><label for=\"ff_3_2_phone\" aria-label=\"Phone\">Tel\u00e9fono<\/label><input name=\"phone\" type=\"tel\" placeholder=\"(123) 123-1234\" data-name=\"phone\" id=\"ff_3_2_phone\" inputmode=\"tel\" aria-invalid=\"false\" aria-required=\"true\/\"><label for=\"ff_3_2_message\" aria-label=\"Case summary\">Resumen del caso<\/label><textarea aria-invalid=\"false\" aria-required=\"true\" name=\"message\" id=\"ff_3_2_message\" placeholder=\"Descripci\u00f3n breve del caso\" rows=\"4\" cols=\"2\" data-name=\"message\"><\/textarea><label aria-label=\"terms &amp; conditions\" class=\"ff-el-form-check-label ff_tc_label\" for=\"terms-n-condition_63ae1fe0456b60e9349486dfc513a673\"><input type=\"checkbox\" name=\"terms-n-condition\" data-name=\"terms-n-condition\" id=\"terms-n-condition_63ae1fe0456b60e9349486dfc513a673\" value=\"on\" aria-invalid=\"false\" aria-required=\"false\/\">  Al enviar, acepta recibir comunicaciones automatizadas, incluidas llamadas, mensajes de texto, correos electr\u00f3nicos y\/o mensajes pregrabados. Se pueden aplicar tarifas de mensajes y datos. <\/label><button type=\"submit\">Enviar formulario<\/button><\/fieldset><\/form>        \n<h2>\n  NOS PREOCUPAMOS POR TU RECUPERACI\u00d3N\n\t<\/h2>\n\t\t\t\t<img loading=\"lazy\" decoding=\"async\" src=\"https:\/\/hurt123.com\/wp-content\/uploads\/2024\/03\/divider-square-red-right.png\" alt=\"divisor-cuadrado-rojo-derecha\" itemprop=\"image\" height=\"86\" width=\"847\" title=\"divisor-cuadrado-rojo-derecha\" onerror=\"this.style.display='none'\">\n\t<p>\u00bfGravemente herido? \u00bfNo tiene cobertura? Queremos hablar contigo y podemos ayudarte. Cuando ha resultado herido en Florida, 1-800-HURT-123 es el \u00fanico n\u00famero que debe recordar.   <\/p>\n<h3>\n  \u00bfCU\u00c1L ES MI CASO DE ACCIDENTE AUTOMOVIL\u00cdSTICO?<br>\u00bfVALOR? &#8211; \u00a1HAGA CLIC AQU\u00cd PARA AVERIGUARLO! \n\t<\/h3>\n\t<p>Oficina principal<\/p>\n\t<p>Mapa y direcciones [+]<\/p>\n\t<p>Cont\u00e1ctenos<\/p>\n\t<p>1-800-HER-123<\/p>\n<h2>\n  Recursos\n\t<\/h2>\n\t\t\t\t<img fetchpriority=\"high\" decoding=\"async\" src=\"https:\/\/hurt123.com\/wp-content\/uploads\/2024\/03\/divider-square-white-center.png\" alt=\"divisor-cuadrado-blanco-centro\" itemprop=\"image\" height=\"86\" width=\"847\" title=\"divisor-cuadrado-blanco-centro\" onerror=\"this.style.display='none'\">\n<h4>\n  Videos\n\t<\/h4>\n\t<p>Echa un vistazo a nuestros videos de la firma para obtener los \u00faltimos consejos.<\/p>\n\t\t\t<a href=\"\" target=\"_self\" rel=\"noopener\">\n  VIDEOS DE AL\n\t\t\t\t\t<\/a>\n<h4>\n Consultas gratuitas\n\t<\/h4>\n\t<p>\u00bfTiene preguntas sobre su problema de lesiones personales?<\/p>\n\t\t\t<a href=\"\" target=\"_self\" rel=\"noopener\">\n  PREGUNTAR\n\t\t\t\t\t<\/a>\n<h4>\n  Noticias de la firma\n\t<\/h4>\n\t<p>Mant\u00e9ngase informado sobre las \u00faltimas noticias de la empresa.<\/p>\n\t\t\t<a href=\"\" target=\"_self\" rel=\"noopener\">\n  PREG\u00daNTALE AL BLOG\n\t\t\t\t\t<\/a>\n","protected":false},"excerpt":{"rendered":"","protected":false},"author":12,"featured_media":0,"parent":0,"menu_order":0,"comment_status":"open","ping_status":"open","template":"","meta":{"_acf_changed":false,"footnotes":""},"class_list":["post-41479","page","type-page","status-publish","hentry"],"acf":[],"_links":{"self":[{"href":"https:\/\/hurt123.com\/es\/wp-json\/wp\/v2\/pages\/41479","targetHints":{"allow":["GET"]}}],"collection":[{"href":"https:\/\/hurt123.com\/es\/wp-json\/wp\/v2\/pages"}],"about":[{"href":"https:\/\/hurt123.com\/es\/wp-json\/wp\/v2\/types\/page"}],"author":[{"embeddable":true,"href":"https:\/\/hurt123.com\/es\/wp-json\/wp\/v2\/users\/12"}],"replies":[{"embeddable":true,"href":"https:\/\/hurt123.com\/es\/wp-json\/wp\/v2\/comments?post=41479"}],"version-history":[{"count":0,"href":"https:\/\/hurt123.com\/es\/wp-json\/wp\/v2\/pages\/41479\/revisions"}],"wp:attachment":[{"href":"https:\/\/hurt123.com\/es\/wp-json\/wp\/v2\/media?parent=41479"}],"curies":[{"name":"wp","href":"https:\/\/api.w.org\/{rel}","templated":true}]}}