{"id":41485,"date":"2015-04-16T15:54:58","date_gmt":"2015-04-16T15:54:58","guid":{"rendered":"https:\/\/hurt123.com\/informacion-del-licenciatario\/"},"modified":"2025-10-13T18:07:42","modified_gmt":"2025-10-13T18:07:42","slug":"informacion-del-licenciatario","status":"publish","type":"page","link":"https:\/\/hurt123.com\/es\/informacion-del-licenciatario\/","title":{"rendered":"Informaci\u00f3n del licenciatario"},"content":{"rendered":"\n<ul class=\"wp-block-list\">\n<li><strong>Promovemos:<\/strong> Nuestro equipo utiliza m\u00faltiples canales de marketing para ayudar a promover el \u00abAttorney Big Al\u00bb local en cada mercado a nivel nacional.<\/li>\n\n\n\n<li><strong>Dise\u00f1amos tus promociones:<\/strong> Tendr\u00e1 acceso ilimitado a todos nuestros innumerables y hermosos activos multimedia para usar en sus vallas publicitarias, pancartas y promociones. Si no tenemos algo que desea, nuestro equipo lo dise\u00f1ar\u00e1 sin costo alguno para usted. <\/li>\n\n\n\n<li><strong>Recibes las llamadas telef\u00f3nicas:<\/strong> Cuando un cliente llama al 1-800-HURT-123 en su \u00e1rea geogr\u00e1fica, la llamada se enruta directamente a usted.<\/li>\n\n\n\n<li><strong>Cont\u00e1ctenos ahora para obtener m\u00e1s informaci\u00f3n<\/strong><\/li>\n<\/ul>\n","protected":false},"excerpt":{"rendered":"","protected":false},"author":12,"featured_media":0,"parent":0,"menu_order":0,"comment_status":"open","ping_status":"open","template":"","meta":{"_acf_changed":false,"footnotes":""},"class_list":["post-41485","page","type-page","status-publish","hentry"],"acf":[],"_links":{"self":[{"href":"https:\/\/hurt123.com\/es\/wp-json\/wp\/v2\/pages\/41485","targetHints":{"allow":["GET"]}}],"collection":[{"href":"https:\/\/hurt123.com\/es\/wp-json\/wp\/v2\/pages"}],"about":[{"href":"https:\/\/hurt123.com\/es\/wp-json\/wp\/v2\/types\/page"}],"author":[{"embeddable":true,"href":"https:\/\/hurt123.com\/es\/wp-json\/wp\/v2\/users\/12"}],"replies":[{"embeddable":true,"href":"https:\/\/hurt123.com\/es\/wp-json\/wp\/v2\/comments?post=41485"}],"version-history":[{"count":0,"href":"https:\/\/hurt123.com\/es\/wp-json\/wp\/v2\/pages\/41485\/revisions"}],"wp:attachment":[{"href":"https:\/\/hurt123.com\/es\/wp-json\/wp\/v2\/media?parent=41485"}],"curies":[{"name":"wp","href":"https:\/\/api.w.org\/{rel}","templated":true}]}}