{"id":41487,"date":"2015-03-10T11:05:23","date_gmt":"2015-03-10T11:05:23","guid":{"rendered":"https:\/\/hurt123.com\/ubicaciones\/san-diego\/"},"modified":"2015-03-10T11:05:23","modified_gmt":"2015-03-10T11:05:23","slug":"san-diego","status":"publish","type":"page","link":"https:\/\/hurt123.com\/es\/ubicaciones\/san-diego\/","title":{"rendered":"San Diego"},"content":{"rendered":"<p>[mk_page_section layout_structure=\u00bbfull\u00bb bg_color=\u00bb#000000&#8243; attachment=\u00bbscroll\u00bb bg_position=\u00bbleft top\u00bb bg_repeat=\u00bbrepeat\u00bb bg_stretch=\u00bbfalse\u00bb enable_3d=\u00bbfalse\u00bb speed_factor=\u00bb0.3&#8243; bg_video=\u00bbno\u00bb video_source=\u00bbself\u00bb stream_host_website=\u00bbyoutube\u00bb video_mask=\u00bbfalse\u00bb bg_gradient=\u00bbfalse\u00bb gr_end=\u00bb#1e73be\u00bb video_opacity=\u00bb0.6&#8243; top_shadow=\u00bbfalse\u00bb section_layout=\u00bbfull\u00bb sidebar=\u00bbsidebar-1&#8243; min_height=\u00bb100&#8243; full_width=\u00bbfalse\u00bb full_height=\u00bbfalse\u00bb intro_effect=\u00bbfalse\u00bb padding_top=\u00bb10&#8243; padding_bottom=\u00bb10&#8243; margin_bottom=\u00bb0&#8243; skip_arrow=\u00bbfalse\u00bb skip_arrow_skin=\u00bblight\u00bb first_page=\u00bbfalse\u00bb last_page=\u00bbfalse\u00bb][vc_column width=\u00bb2\/3&#8243; css=\u00bb.vc_custom_1426647418028{padding-top: 10px !important;padding-bottom: 10px !important;}\u00bb][mk_padding_divider size=\u00bb25&#8243;][mk_fancy_title tag_name=\u00bbh3&#8243; style=\u00bbfalse\u00bb color=\u00bb#dd3333&#8243; size=\u00bb24&#8243; font_weight=\u00bb900&#8243; font_style=\u00bbinhert\u00bb txt_transform=\u00bbuppercase\u00bb letter_spacing=\u00bb3&#8243; margin_top=\u00bb0&#8243; margin_bottom=\u00bb0&#8243; font_family=\u00bbnone\u00bb align=\u00bbcenter\u00bb animation=\u00bbleft-to-right\u00bb]\u00bfResult\u00f3 herido en un accidente?[\/mk_fancy_title][\/vc_column][vc_column width=\u00bb1\/3&#8243;][mk_button dimension=\u00bbthree\u00bb corner_style=\u00bbrounded\u00bb size=\u00bblarge\u00bb outline_skin=\u00bbdark\u00bb outline_active_color=\u00bb#ffffff\u00bb outline_hover_color=\u00bb#333333&#8243; bg_color=\u00bb#dd3333&#8243; btn_hover_bg=\u00bb#252525&#8243; text_color=\u00bblight\u00bb icon=\u00bbmk-moon-phone-4&#8243; icon_anim=\u00bbside\u00bb url=\u00bbtel:18004878123&#8243; target=\u00bb_self\u00bb align=\u00bbcenter\u00bb fullwidth=\u00bbtrue\u00bb button_custom_width=\u00bb10&#8243; margin_top=\u00bb24&#8243; margin_bottom=\u00bb24&#8243; animation=\u00bbright-to-left\u00bb]\u00a1Llame al 1-800-HURT-123 ahora![\/mk_button][\/vc_column][\/mk_page_section][vc_row fullwidth=\u00bbtrue\u00bb attached=\u00bbfalse\u00bb padding=\u00bb0&#8243;][vc_column width=\u00bb1\/1&#8243;][mk_layerslider id=\u00bb24&#8243;][\/vc_column][\/vc_row][vc_row][vc_column width=\u00bb1\/1&#8243;][mk_padding_divider size=\u00bb30&#8243;][\/vc_column][\/vc_row][vc_row][vc_column width=\u00bb1\/4&#8243;][vc_single_image image=\u00bb526&#8243; border_color=\u00bbgrey\u00bb img_link_large=\u00bb\u00bb img_link_target=\u00bb_self\u00bb img_size=\u00bbfull\u00bb alignment=\u00bbcenter\u00bb style=\u00bbvc_box_rounded\u00bb css_animation=\u00bbleft-to-right\u00bb][mk_social_networks size=\u00bblarge\u00bb style=\u00bbrounded\u00bb margin=\u00bb4&#8243; border_color=\u00bb#cccccc\u00bb bg_hover_color=\u00bb#232323&#8243; icon_color=\u00bb#cccccc\u00bb icon_hover_color=\u00bb#eeeeee\u00bb align=\u00bbcenter\u00bb][mk_button dimension=\u00bbthree\u00bb corner_style=\u00bbrounded\u00bb size=\u00bbmedium\u00bb outline_skin=\u00bbdark\u00bb outline_active_color=\u00bb#ffffff\u00bb outline_hover_color=\u00bb#333333&#8243; bg_color=\u00bb#dd3333&#8243; btn_hover_bg=\u00bb#252525&#8243; text_color=\u00bblight\u00bb icon_anim=\u00bbnone\u00bb url=\u00bbhttp:\/\/www.garyberklaw.com\/\u00bb target=\u00bb_self\u00bb align=\u00bbcenter\u00bb fullwidth=\u00bbfalse\u00bb button_custom_width=\u00bb0&#8243; margin_top=\u00bb0&#8243; margin_bottom=\u00bb0&#8243;]Visite nuestro sitio web[\/mk_button][mk_divider style=\u00bbthin_solid\u00bb divider_width=\u00bbone_half\u00bb custom_width=\u00bb10&#8243; align=\u00bbcenter\u00bb thickness=\u00bb1&#8243; margin_top=\u00bb20&#8243; margin_bottom=\u00bb20&#8243;][vc_raw_html]JTNDZGl2JTIwaXRlbXNjb3BlJTIwaXRlbXR5cGUlM0QlMjJodHRwJTNBJTJGJTJGc2NoZW1hLm9yZyUyRkxvY2FsQnVzaW5lc3MlMjIlM0UlMEElMjAlMjAlM0NoMiUyMHN0eWxlJTNEJTIydGV4dC1hbGlnbiUzQSUyMGNlbnRlciUzQiUyMiUzRSUzQ3NwYW4lMjBpdGVtcHJvcCUzRCUyMm5hbWUlMjIlM0VHYXJ5JTIwQmVya292aWNoJTIwTGF3JTIwRmlybSUzQyUyRmgyJTNFJTNDJTJGc3BhbiUzRSUzQyUyRmgyJTNFJTBBJTIwJTIwJTNDc3BhbiUyMGl0ZW1wcm9wJTNEJTIyZGVzY3JpcHRpb24lMjIlM0VQZXJzb25hbCUyMEluanVyeSUyMEF0dG9ybmV5JTNDJTJGc3BhbiUzRSUwQSUyMCUyMCUzQ2RpdiUyMGl0ZW1wcm9wJTNEJTIyYWRkcmVzcyUyMiUyMGl0ZW1zY29wZSUyMGl0ZW10eXBlJTNEJTIyaHR0cCUzQSUyRiUyRnNjaGVtYS5vcmclMkZQb3N0YWxBZGRyZXNzJTIyJTNFJTBBJTIwJTIwJTIwJTIwJTNDc3BhbiUyMGl0ZW1wcm9wJTNEJTIyc3RyZWV0QWRkcmVzcyUyMiUzRTE0OTAwJTIwVmVudHVyYSUyMEJvdWxldmFyZCUyMFN1aXRlJTIwMjIwJTNDJTJGc3BhbiUzRSUzQ2JyJTIwJTJGJTNFJTBBJTIwJTIwJTIwJTIwJTNDc3BhbiUyMGl0ZW1wcm9wJTNEJTIyYWRkcmVzc0xvY2FsaXR5JTIyJTNFU2hlcm1hbiUyME9ha3MlM0MlMkZzcGFuJTNFJTJDJTIwJTNDc3BhbiUyMGl0ZW1wcm9wJTNEJTIyYWRkcmVzc1JlZ2lvbiUyMiUzRUNBJTNDJTJGc3BhbiUzRSUyMCUzQ3NwYW4lMjBpdGVtcHJvcCUzRCUyMnBvc3RhbENvZGUlMjIlM0U5MTQwMyUzQyUyRnNwYW4lM0UlMEElM0MlMkZkaXYlM0UlMEFQaG9uZSUzQSUyMCUzQ3NwYW4lMjBpdGVtcHJvcCUzRCUyMnRlbGVwaG9uZSUyMiUzRTEtODAwLUhVUlQtMTIzJTNDJTJGc3BhbiUzRSUwQSUzQyUyRmRpdiUzRQ==[\/vc_raw_html][mk_advanced_gmaps latitude=\u00bb34.152011&#8243; longitude=\u00bb-118.457632&#8243; address=\u00bb14900 Ventura Boulevard, Suite 220 Sherman Oaks CA 91403-3465&#8243; map_height=\u00bbcustom\u00bb height=\u00bb300&#8243; zoom=\u00bb12&#8243; pan_control=\u00bbfalse\u00bb draggable=\u00bbfalse\u00bb zoom_control=\u00bbfalse\u00bb map_type=\u00bbROADMAP\u00bb map_type_control=\u00bbtrue\u00bb scale_control=\u00bbtrue\u00bb modify_coloring=\u00bbfalse\u00bb hue=\u00bb#cccccc\u00bb saturation=\u00bb1&#8243; lightness=\u00bb1&#8243;][\/vc_column][vc_column width=\u00bb3\/4&#8243;][mk_fancy_title tag_name=\u00bbh3&#8243; style=\u00bbfalse\u00bb color=\u00bb#393836&#8243; size=\u00bb24&#8243; font_weight=\u00bbbold\u00bb font_style=\u00bbinhert\u00bb letter_spacing=\u00bb0&#8243; margin_top=\u00bb0&#8243; margin_bottom=\u00bb0&#8243; font_family=\u00bbnone\u00bb align=\u00bbleft\u00bb txt_transform=\u00bbuppercase\u00bb]Acerca de Gary Berkovich[\/mk_fancy_title][vc_column_text disable_pattern=\u00bbtrue\u00bb align=\u00bbleft\u00bb margin_bottom=\u00bb0&#8243; animation=\u00bbfade-in\u00bb]<strong>Admitido<\/strong><br \/>\n1997, Tribunal de Distrito de California y de los Estados Unidos, Distrito Central de California<\/p>\n<p><strong>Facultad de<\/strong><br \/>\n DerechoFacultad de Derecho de Loyola, J.D.<\/p>\n<p><strong>Miembro<\/strong><br \/>\nColegio de Abogados del Consumidor del Estado de California<br \/>\nAsociaci\u00f3n de Abogados del Consumidor de Los \u00c1ngeles<\/p>\n<p><strong>Biograf\u00eda<\/strong><br \/>\nGary Berkovich es el presidente y miembro fundador de las Oficinas Legales de Gary Berkovich, APC. El Sr. Berkovich obtuvo su Licenciatura en Ciencias en Estudios Paralegales de la Universidad de La Verne en 1994. A continuaci\u00f3n, se gradu\u00f3 de la Facultad de Derecho de Loyola en 1997, logrando un GPA final dentro del 15% superior de su clase. Durante la facultad de derecho, el Sr. Berkovich particip\u00f3 en la Competencia Scott Moot Court, fue miembro de la Sociedad de Honor de Derecho de St. Thomas More y recibi\u00f3 premios de Jurisprudencia Estadounidense en Redacci\u00f3n Legal, Agravios e Impuestos Federales sobre la Renta. M\u00e1s tarde, el Sr. Berkovich trabaj\u00f3 para la Fundaci\u00f3n de Ayuda Legal, el Honorable Barry Russell, Juez de Quiebras, Bet Tzedek Legal Services y la Comisi\u00f3n Federal de Comercio. Antes de comenzar su propia firma, el Sr. Berkovich trabaj\u00f3 para las Oficinas Legales de Bremer Whyte Brown &amp; O&#8217;Meara LLP&#8217;s, concentr\u00e1ndose en todos los aspectos de los litigios de defensa de seguros. Antes de trabajar con Bremer Whyte Brown &amp; O&#8217;Meara LLP, el Sr. Berkovich trabaj\u00f3 para las Oficinas Legales de Tharpe &amp; Howell especializ\u00e1ndose en la defensa de acciones por lesiones personales.      <\/p>\n<p><strong>Nacer<\/strong><br \/>\n14 de enero de 1968<\/p>\n<p>Estamos ubicados en el coraz\u00f3n del Valle de San Fernando y damos servicio a toda el \u00e1rea metropolitana de Los \u00c1ngeles.[\/vc_column_text][vc_accordions heading_title=\u00bb\u00bb style=\u00bbfancy-style\u00bb action_style=\u00bbaccordion-action\u00bb open_toggle=\u00bb0&#8243; container_bg_color=\u00bb#fff\u00bb][vc_accordion_tab title=\u00bbDescripci\u00f3n general de la empresa\u00bb][vc_column_text disable_pattern=\u00bbtrue\u00bb align=\u00bbleft\u00bb margin_bottom=\u00bb0&#8243;]El bufete de abogados Gary Berkovich es un bufete de abogados que se enorgullece de ofrecer atenci\u00f3n personalizada y asesoramiento legal agresivo a las v\u00edctimas de accidentes y lesiones en todo el condado de Los \u00c1ngeles y sus alrededores. Trabajamos estrictamente sobre una base de contingencia. \u00a1Nunca hay una tarifa o costos iniciales hasta que ganemos su caso!  <\/p>\n<p>Nuestro personal no solo tiene experiencia y conocimientos; tambi\u00e9n est\u00e1n dedicados a las v\u00edctimas de lesiones personales en California y se esforzar\u00e1n por proteger sus intereses con todo el peso de la ley. Estamos muy familiarizados con la ley de California que se aplica a los casos de accidentes causados por negligencia y trabajaremos para hacer todo lo posible para proteger sus derechos y ayudar a garantizar que obtenga la compensaci\u00f3n que necesita. <\/p>\n<p>Comience su recuperaci\u00f3n hoy. Ll\u00e1menos al 1-800-HURT-123 o cont\u00e1ctenos a trav\u00e9s de nuestra p\u00e1gina de contacto. Podemos reunirnos con usted en su hogar, hospital o cualquier lugar conveniente para revisar su caso.  <\/p>\n<p>Nuestro personal es cort\u00e9s, capacitado, multiling\u00fce y siempre disponible para ayudarlo y responder sus preguntas. Usted merece atenci\u00f3n personalizada en su proceso de recuperaci\u00f3n y estaremos all\u00ed para luchar por su recuperaci\u00f3n. [\/vc_column_text][\/vc_accordion_tab][vc_accordion_tab title=\u00bbResultados de casos\u00bb][vc_column_text disable_pattern=\u00bbtrue\u00bb align=\u00bbleft\u00bb margin_bottom=\u00bb0&#8243;]\u00a1Pr\u00f3ximamente![\/vc_column_text][\/vc_accordion_tab][\/vc_accordions][mk_padding_divider size=\u00bb10&#8243;][mk_testimonials style=\u00bbsimple\u00bb show_as=\u00bbslideshow\u00bb column=\u00bb3&#8243; skin=\u00bbdark\u00bb count=\u00bb-1&#8243; order=\u00bbASC\u00bb orderby=\u00bbdate\u00bb animation_speed=\u00bb700&#8243; slideshow_speed=\u00bb7000&#8243;][mk_fancy_title tag_name=\u00bbh3&#8243; style=\u00bbfalse\u00bb color=\u00bb#393836&#8243; size=\u00bb24&#8243; font_weight=\u00bbbold\u00bb font_style=\u00bbinhert\u00bb letter_spacing=\u00bb0&#8243; margin_top=\u00bb0&#8243; margin_bottom=\u00bb0&#8243; font_family=\u00bbnone\u00bb align=\u00bbleft\u00bb txt_transform=\u00bbuppercase\u00bb]\u00daltimos blogs[\/mk_fancy_title][mk_blog style=\u00bbmagazine\u00bb column=\u00bb3&#8243; thumbnail_align=\u00bbleft\u00bb magazine_strcutre=\u00bb2&#8243; image_size=\u00bbcrop\u00bb grid_image_height=\u00bb350&#8243; image_quality=\u00bb1&#8243; count=\u00bb5&#8243; offset=\u00bb0&#8243; transparent_border=\u00bbfalse\u00bb disable_meta=\u00bbtrue\u00bb disable_lightbox=\u00bbtrue\u00bb disable_comments_share=\u00bbtrue\u00bb full_content=\u00bbfalse\u00bb excerpt_length=\u00bb200&#8243; pagination=\u00bbtrue\u00bb pagination_style=\u00bb1&#8243; order=\u00bbDESC\u00bb orderby=\u00bbdate\u00bb item_id=\u00bb1425981263-54febf4f41589&#8243; cat=\u00bb5&#8243;][\/vc_column][\/vc_row][mk_page_section layout_structure=\u00bbfull\u00bb bg_color=\u00bb#dd3333&#8243; attachment=\u00bbscroll\u00bb bg_position=\u00bbleft top\u00bb bg_repeat=\u00bbrepeat\u00bb bg_stretch=\u00bbfalse\u00bb enable_3d=\u00bbfalse\u00bb speed_factor=\u00bb0.3&#8243; bg_video=\u00bbno\u00bb video_source=\u00bbself\u00bb stream_host_website=\u00bbyoutube\u00bb video_mask=\u00bbfalse\u00bb bg_gradient=\u00bbfalse\u00bb gr_end=\u00bb#1e73be\u00bb video_opacity=\u00bb0.6&#8243; top_shadow=\u00bbfalse\u00bb section_layout=\u00bbfull\u00bb sidebar=\u00bbsidebar-1&#8243; min_height=\u00bb100&#8243; full_width=\u00bbfalse\u00bb full_height=\u00bbfalse\u00bb intro_effect=\u00bbfalse\u00bb padding_top=\u00bb10&#8243; padding_bottom=\u00bb10&#8243; margin_bottom=\u00bb0&#8243; skip_arrow=\u00bbfalse\u00bb skip_arrow_skin=\u00bblight\u00bb first_page=\u00bbfalse\u00bb last_page=\u00bbfalse\u00bb][vc_column width=\u00bb1\/1&#8243;][mk_fancy_title tag_name=\u00bbh2&#8243; style=\u00bbfalse\u00bb color=\u00bb#000000&#8243; size=\u00bb24&#8243; font_weight=\u00bb900&#8243; font_style=\u00bbinhert\u00bb txt_transform=\u00bbuppercase\u00bb letter_spacing=\u00bb3&#8243; margin_top=\u00bb0&#8243; margin_bottom=\u00bb0&#8243; font_family=\u00bbnone\u00bb align=\u00bbcenter\u00bb animation=\u00bbleft-to-right\u00bb]Tipos de casos en los que Big Al puede ayudar:[\/mk_fancy_title][mk_fancy_title tag_name=\u00bbh6&#8243; style=\u00bbfalse\u00bb color=\u00bb#000000&#8243; size=\u00bb20&#8243; font_weight=\u00bb900&#8243; font_style=\u00bbinhert\u00bb txt_transform=\u00bbuppercase\u00bb letter_spacing=\u00bb0&#8243; margin_top=\u00bb0&#8243; margin_bottom=\u00bb2&#8243; font_family=\u00bbnone\u00bb align=\u00bbcenter\u00bb animation=\u00bbbottom-to-top\u00bb]<a href=\"https:\/\/hurt123.com\/es\/areas-de-practica\/\">Accidentes de veh\u00edculos<\/a> | <a href=\"https:\/\/hurt123.com\/es\/areas-de-practica\/\">Muerte por negligencia<\/a> | <a href=\"https:\/\/hurt123.com\/es\/areas-de-practica\/\">Negligencia m\u00e9dica<\/a> | <a href=\"https:\/\/hurt123.com\/es\/areas-de-practica\/\">Responsabilidad de las instalaciones<\/a> | <a href=\"https:\/\/hurt123.com\/es\/areas-de-practica\/\">Abuso en hogares de ancianos<\/a> | <a href=\"https:\/\/hurt123.com\/es\/areas-de-practica\/\">Mordeduras de perro<\/a> | <a href=\"https:\/\/hurt123.com\/es\/areas-de-practica\/\">Lesiones relacionadas con el trabajo<\/a> | <a href=\"https:\/\/hurt123.com\/es\/areas-de-practica\/\">Lesi\u00f3n cerebral traum\u00e1tica<\/a>[\/mk_fancy_title][\/vc_column][\/mk_page_section][mk_page_section layout_structure=\u00bbfull\u00bb bg_color=\u00bb#1e73be\u00bb attachment=\u00bbscroll\u00bb bg_position=\u00bbleft top\u00bb bg_repeat=\u00bbrepeat\u00bb bg_stretch=\u00bbfalse\u00bb enable_3d=\u00bbfalse\u00bb speed_factor=\u00bb0.3&#8243; bg_video=\u00bbno\u00bb video_source=\u00bbself\u00bb stream_host_website=\u00bbyoutube\u00bb video_mask=\u00bbfalse\u00bb bg_gradient=\u00bbfalse\u00bb gr_end=\u00bb#1e73be\u00bb video_opacity=\u00bb0.6&#8243; top_shadow=\u00bbfalse\u00bb section_layout=\u00bbfull\u00bb sidebar=\u00bbsidebar-1&#8243; min_height=\u00bb100&#8243; full_width=\u00bbfalse\u00bb full_height=\u00bbfalse\u00bb intro_effect=\u00bbfalse\u00bb padding_top=\u00bb10&#8243; padding_bottom=\u00bb10&#8243; margin_bottom=\u00bb0&#8243; skip_arrow=\u00bbfalse\u00bb skip_arrow_skin=\u00bblight\u00bb first_page=\u00bbfalse\u00bb last_page=\u00bbfalse\u00bb][vc_column width=\u00bb2\/3&#8243;][mk_padding_divider size=\u00bb40&#8243;][mk_fancy_title tag_name=\u00bbh4&#8243; style=\u00bbfalse\u00bb color=\u00bb#ffffff\u00bb size=\u00bb18&#8243; font_weight=\u00bb900&#8243; font_style=\u00bbinhert\u00bb txt_transform=\u00bbuppercase\u00bb letter_spacing=\u00bb3&#8243; margin_top=\u00bb0&#8243; margin_bottom=\u00bb24&#8243; font_family=\u00bbnone\u00bb align=\u00bbcenter\u00bb animation=\u00bbleft-to-right\u00bb]\u00bfLesionado en un accidente, resbal\u00f3n o ca\u00edda en San Diego?[\/mk_fancy_title][\/vc_column][vc_column width=\u00bb1\/3&#8243;][mk_button dimension=\u00bbthree\u00bb corner_style=\u00bbrounded\u00bb size=\u00bblarge\u00bb outline_skin=\u00bbdark\u00bb outline_active_color=\u00bb#ffffff\u00bb outline_hover_color=\u00bb#333333&#8243; bg_color=\u00bb#ffffff\u00bb btn_hover_bg=\u00bb#252525&#8243; text_color=\u00bbdark\u00bb icon_anim=\u00bbnone\u00bb url=\u00bbtel:180044878123&#8243; target=\u00bb_self\u00bb align=\u00bbcenter\u00bb fullwidth=\u00bbfalse\u00bb button_custom_width=\u00bb0&#8243; margin_top=\u00bb24&#8243; margin_bottom=\u00bb24&#8243; animation=\u00bbright-to-left\u00bb icon=\u00bbmk-moon-phone-4&#8243;]\u00a1Llame al 1-800-HURT-123 ahora![\/mk_button][\/vc_column][\/mk_page_section]<\/p>\n","protected":false},"excerpt":{"rendered":"<p>[mk_page_section layout_structure=\u00bbfull\u00bb bg_color=\u00bb#000000&#8243; attachment=\u00bbscroll\u00bb bg_position=\u00bbleft top\u00bb bg_repeat=\u00bbrepeat\u00bb bg_stretch=\u00bbfalse\u00bb enable_3d=\u00bbfalse\u00bb speed_factor=\u00bb0.3&#8243; bg_video=\u00bbno\u00bb video_source=\u00bbself\u00bb [&hellip;]<\/p>\n","protected":false},"author":12,"featured_media":0,"parent":40935,"menu_order":0,"comment_status":"open","ping_status":"open","template":"","meta":{"_acf_changed":false,"footnotes":""},"class_list":["post-41487","page","type-page","status-publish","hentry"],"acf":[],"_links":{"self":[{"href":"https:\/\/hurt123.com\/es\/wp-json\/wp\/v2\/pages\/41487","targetHints":{"allow":["GET"]}}],"collection":[{"href":"https:\/\/hurt123.com\/es\/wp-json\/wp\/v2\/pages"}],"about":[{"href":"https:\/\/hurt123.com\/es\/wp-json\/wp\/v2\/types\/page"}],"author":[{"embeddable":true,"href":"https:\/\/hurt123.com\/es\/wp-json\/wp\/v2\/users\/12"}],"replies":[{"embeddable":true,"href":"https:\/\/hurt123.com\/es\/wp-json\/wp\/v2\/comments?post=41487"}],"version-history":[{"count":0,"href":"https:\/\/hurt123.com\/es\/wp-json\/wp\/v2\/pages\/41487\/revisions"}],"up":[{"embeddable":true,"href":"https:\/\/hurt123.com\/es\/wp-json\/wp\/v2\/pages\/40935"}],"wp:attachment":[{"href":"https:\/\/hurt123.com\/es\/wp-json\/wp\/v2\/media?parent=41487"}],"curies":[{"name":"wp","href":"https:\/\/api.w.org\/{rel}","templated":true}]}}