{"id":41488,"date":"2015-03-10T11:06:40","date_gmt":"2015-03-10T11:06:40","guid":{"rendered":"https:\/\/hurt123.com\/ubicaciones\/san-luis\/"},"modified":"2015-03-10T11:06:40","modified_gmt":"2015-03-10T11:06:40","slug":"san-luis","status":"publish","type":"page","link":"https:\/\/hurt123.com\/es\/ubicaciones\/san-luis\/","title":{"rendered":"San Luis"},"content":{"rendered":"<p>[mk_page_section layout_structure=\u00bbfull\u00bb bg_color=\u00bb#000000&#8243; attachment=\u00bbscroll\u00bb bg_position=\u00bbleft top\u00bb bg_repeat=\u00bbrepeat\u00bb bg_stretch=\u00bbfalse\u00bb enable_3d=\u00bbfalse\u00bb speed_factor=\u00bb0.3&#8243; bg_video=\u00bbno\u00bb video_source=\u00bbself\u00bb stream_host_website=\u00bbyoutube\u00bb video_mask=\u00bbfalse\u00bb bg_gradient=\u00bbfalse\u00bb gr_end=\u00bb#1e73be\u00bb video_opacity=\u00bb0.6&#8243; top_shadow=\u00bbfalse\u00bb section_layout=\u00bbfull\u00bb sidebar=\u00bbsidebar-1&#8243; min_height=\u00bb100&#8243; full_width=\u00bbfalse\u00bb full_height=\u00bbfalse\u00bb intro_effect=\u00bbfalse\u00bb padding_top=\u00bb10&#8243; padding_bottom=\u00bb10&#8243; margin_bottom=\u00bb0&#8243; skip_arrow=\u00bbfalse\u00bb skip_arrow_skin=\u00bblight\u00bb first_page=\u00bbfalse\u00bb last_page=\u00bbfalse\u00bb][vc_column width=\u00bb2\/3&#8243; css=\u00bb.vc_custom_1426647418028{padding-top: 10px !important;padding-bottom: 10px !important;}\u00bb][mk_padding_divider size=\u00bb25&#8243;][mk_fancy_title tag_name=\u00bbh3&#8243; style=\u00bbfalse\u00bb color=\u00bb#dd3333&#8243; size=\u00bb24&#8243; font_weight=\u00bb900&#8243; font_style=\u00bbinhert\u00bb txt_transform=\u00bbuppercase\u00bb letter_spacing=\u00bb3&#8243; margin_top=\u00bb0&#8243; margin_bottom=\u00bb0&#8243; font_family=\u00bbnone\u00bb align=\u00bbcenter\u00bb animation=\u00bbleft-to-right\u00bb]\u00bfResult\u00f3 herido en un accidente?[\/mk_fancy_title][\/vc_column][vc_column width=\u00bb1\/3&#8243;][mk_button dimension=\u00bbthree\u00bb corner_style=\u00bbrounded\u00bb size=\u00bblarge\u00bb outline_skin=\u00bbdark\u00bb outline_active_color=\u00bb#ffffff\u00bb outline_hover_color=\u00bb#333333&#8243; bg_color=\u00bb#dd3333&#8243; btn_hover_bg=\u00bb#252525&#8243; text_color=\u00bblight\u00bb icon=\u00bbmk-moon-phone-4&#8243; icon_anim=\u00bbside\u00bb url=\u00bbtel:18004878123&#8243; target=\u00bb_self\u00bb align=\u00bbcenter\u00bb fullwidth=\u00bbtrue\u00bb button_custom_width=\u00bb10&#8243; margin_top=\u00bb24&#8243; margin_bottom=\u00bb24&#8243; animation=\u00bbright-to-left\u00bb]\u00a1Llame al 1-800-HURT-123 ahora![\/mk_button][\/vc_column][\/mk_page_section][vc_row fullwidth=\u00bbtrue\u00bb attached=\u00bbfalse\u00bb padding=\u00bb0&#8243;][vc_column width=\u00bb1\/1&#8243;][mk_layerslider id=\u00bb25&#8243;][\/vc_column][\/vc_row][vc_row][vc_column width=\u00bb1\/1&#8243;][mk_padding_divider size=\u00bb30&#8243;][\/vc_column][\/vc_row][vc_row][vc_column width=\u00bb1\/4&#8243;][vc_single_image image=\u00bb199&#8243; border_color=\u00bbgrey\u00bb img_link_large=\u00bb\u00bb img_link_target=\u00bb_self\u00bb img_size=\u00bbfull\u00bb alignment=\u00bbcenter\u00bb style=\u00bbvc_box_rounded\u00bb css_animation=\u00bbleft-to-right\u00bb][mk_social_networks size=\u00bblarge\u00bb style=\u00bbrounded\u00bb margin=\u00bb4&#8243; border_color=\u00bb#cccccc\u00bb bg_hover_color=\u00bb#232323&#8243; icon_color=\u00bb#cccccc\u00bb icon_hover_color=\u00bb#eeeeee\u00bb align=\u00bbcenter\u00bb][mk_button dimension=\u00bbthree\u00bb corner_style=\u00bbrounded\u00bb size=\u00bbmedium\u00bb outline_skin=\u00bbdark\u00bb outline_active_color=\u00bb#ffffff\u00bb outline_hover_color=\u00bb#333333&#8243; bg_color=\u00bb#dd3333&#8243; btn_hover_bg=\u00bb#252525&#8243; text_color=\u00bblight\u00bb icon_anim=\u00bbnone\u00bb url=\u00bbhttp:\/\/barzakaylaw.com\/\u00bb target=\u00bb_self\u00bb align=\u00bbcenter\u00bb fullwidth=\u00bbfalse\u00bb button_custom_width=\u00bb0&#8243; margin_top=\u00bb0&#8243; margin_bottom=\u00bb0&#8243;]Visite nuestro sitio web[\/mk_button][mk_divider style=\u00bbthin_solid\u00bb divider_width=\u00bbone_half\u00bb custom_width=\u00bb10&#8243; align=\u00bbcenter\u00bb thickness=\u00bb1&#8243; margin_top=\u00bb20&#8243; margin_bottom=\u00bb20&#8243;][vc_raw_html]JTNDZGl2JTIwaXRlbXNjb3BlJTIwaXRlbXR5cGUlM0QlMjJodHRwJTNBJTJGJTJGc2NoZW1hLm9yZyUyRkxvY2FsQnVzaW5lc3MlMjIlM0UlMEElMjAlMjAlM0NoMiUyMHN0eWxlJTNEJTIydGV4dC1hbGlnbiUzQSUyMGNlbnRlciUzQiUyMiUzRSUzQ3NwYW4lMjBpdGVtcHJvcCUzRCUyMm5hbWUlMjIlM0VUaGUlMjBCYXJ6YWtheSUyMExhdyUyMEZpcm0lM0MlMkZoMiUzRSUzQyUyRnNwYW4lM0UlM0MlMkZoMiUzRSUwQSUyMCUyMCUzQ3NwYW4lMjBpdGVtcHJvcCUzRCUyMmRlc2NyaXB0aW9uJTIyJTNFUGVyc29uYWwlMjBJbmp1cnklMjBBdHRvcm5leSUzQyUyRnNwYW4lM0UlMEElMjAlMjAlM0NkaXYlMjBpdGVtcHJvcCUzRCUyMmFkZHJlc3MlMjIlMjBpdGVtc2NvcGUlMjBpdGVtdHlwZSUzRCUyMmh0dHAlM0ElMkYlMkZzY2hlbWEub3JnJTJGUG9zdGFsQWRkcmVzcyUyMiUzRSUwQSUyMCUyMCUyMCUyMCUzQ3NwYW4lMjBpdGVtcHJvcCUzRCUyMnN0cmVldEFkZHJlc3MlMjIlM0UyNDUwJTIwSG9sbHl3b29kJTIwQmx2ZCUyMCUyMzUwMCUzQyUyRnNwYW4lM0UlM0NiciUyMCUyRiUzRSUwQSUyMCUyMCUyMCUyMCUzQ3NwYW4lMjBpdGVtcHJvcCUzRCUyMmFkZHJlc3NMb2NhbGl0eSUyMiUzRUhvbGx5d29vZCUzQyUyRnNwYW4lM0UlMkMlMjAlM0NzcGFuJTIwaXRlbXByb3AlM0QlMjJhZGRyZXNzUmVnaW9uJTIyJTNFRkwlM0MlMkZzcGFuJTNFJTIwJTNDc3BhbiUyMGl0ZW1wcm9wJTNEJTIycG9zdGFsQ29kZSUyMiUzRTMzMDIwJTNDJTJGc3BhbiUzRSUwQSUzQyUyRmRpdiUzRSUwQVBob25lJTNBJTIwJTNDc3BhbiUyMGl0ZW1wcm9wJTNEJTIydGVsZXBob25lJTIyJTNFODUwLTY0OC00MjAwJTNDJTJGc3BhbiUzRSUwQSUzQyUyRmRpdiUzRQ==[\/vc_raw_html][mk_advanced_gmaps latitude=\u00bb26.01085&#8243; longitude=\u00bb-80.156612&#8243; address=\u00bb2450 Hollywood Blvd #500Hollywood, FL 33020&#8243; map_height=\u00bbcustom\u00bb height=\u00bb300&#8243; zoom=\u00bb12&#8243; pan_control=\u00bbfalse\u00bb draggable=\u00bbfalse\u00bb zoom_control=\u00bbfalse\u00bb map_type=\u00bbROADMAP\u00bb map_type_control=\u00bbtrue\u00bb scale_control=\u00bbtrue\u00bb modify_coloring=\u00bbfalse\u00bb hue=\u00bb#cccccc\u00bb saturation=\u00bb1&#8243; lightness=\u00bb1&#8243;][\/vc_column][vc_column width=\u00bb3\/4&#8243;][mk_fancy_title tag_name=\u00bbh3&#8243; style=\u00bbfalse\u00bb color=\u00bb#393836&#8243; size=\u00bb24&#8243; font_weight=\u00bbbold\u00bb font_style=\u00bbinhert\u00bb letter_spacing=\u00bb0&#8243; margin_top=\u00bb0&#8243; margin_bottom=\u00bb0&#8243; font_family=\u00bbnone\u00bb align=\u00bbleft\u00bb txt_transform=\u00bbuppercase\u00bb]Acerca de Barzakay Law[\/mk_fancy_title][vc_column_text disable_pattern=\u00bbtrue\u00bb align=\u00bbleft\u00bb margin_bottom=\u00bb0&#8243; animation=\u00bbfade-in\u00bb]Alon Barzakay, socio gerente de Barzakay Law, que enfoca su pr\u00e1ctica en la ley de lesiones personales y muerte por negligencia. Con sus estudios universitarios en la Universidad de York en Toronto, Canad\u00e1, con una licenciatura en Ciencias Pol\u00edticas en cuesti\u00f3n de tres a\u00f1os. El Sr. Barzakay fue aceptado en 1996 en la Facultad de Derecho de la Universidad Estatal de Michigan. Durante su segundo a\u00f1o en la facultad de derecho, fue honrado y seleccionado como miembro de la Junta de Revisi\u00f3n de Leyes, donde finalmente se convirti\u00f3 en uno de los \u00fanicos cuatro editores gerentes. Luego, en 1999, Alon Barzakay Esq. se gradu\u00f3 cum laude de la Facultad de Derecho de la Universidad Estatal de Michigan y se mud\u00f3 a Hollywood, FL, donde ejerce la abogac\u00eda en la actualidad. Es un hombre de familia con esposa y tres hijos.     <\/p>\n<p>Sus colegas saben que es un abogado litigante directo y sensato que siempre est\u00e1 dispuesto a asumir los casos de lesiones personales m\u00e1s complejos. Es un miembro estimado del Colegio de Abogados de Florida y tiene licencia para ejercer en tribunales estatales y federales. Alon Barzakay tambi\u00e9n se enorgullece de ser miembro de la Asociaci\u00f3n de Justicia de Florida, anteriormente conocida como la Academia de Abogados Litigantes de Florida, y de los Colegios de Abogados de los Condados de Broward y Dade.  [\/vc_column_text][vc_accordions heading_title=\u00bb\u00bb style=\u00bbfancy-style\u00bb action_style=\u00bbaccordion-action\u00bb open_toggle=\u00bb0&#8243; container_bg_color=\u00bb#fff\u00bb][vc_accordion_tab title=\u00bbDescripci\u00f3n general de la empresa\u00bb][vc_column_text disable_pattern=\u00bbtrue\u00bb align=\u00bbleft\u00bb margin_bottom=\u00bb0&#8243;]La mayor\u00eda de las personas pasan por la vida sin haber resultado de la negligencia de otra persona. La desafortunada realidad es que a medida que la sociedad avanza y m\u00e1s personas ocupan la cantidad limitada de espacio que tenemos, se ha vuelto cada vez m\u00e1s com\u00fan ser v\u00edctima de negligencia. En un abrir y cerrar de ojos, tu vida tal como la conoces puede cambiar para siempre. Si se convierte en la desafortunada v\u00edctima de negligencia, puede consolarse con el hecho de que las Oficinas Legales del Bufete de Abogados Barzakay est\u00e1n aqu\u00ed para ayudarlo con todas sus necesidades. Manejamos casos en base a honorarios de contingencia, que es un porcentaje de su recuperaci\u00f3n. Nuestra firma no cobra honorarios ni costos a menos que haya un acuerdo o veredicto a su favor.     <\/p>\n<p>Al comunicarse por primera vez con nuestra oficina, hablar\u00e1 de inmediato con un abogado que le pedir\u00e1 informaci\u00f3n de antecedentes y programar\u00e1 una consulta inicial. Con reclamos por lesiones personales, es imperativo obtener la mayor cantidad de informaci\u00f3n lo antes posible antes de que desaparezcan los posibles testigos o documentaci\u00f3n. En consecuencia, generalmente preferimos reunirnos con usted a las pocas horas de su llamada, que puede ser en su casa, en el trabajo o en el hospital.  <\/p>\n<p>Una vez que hayamos tenido la oportunidad de reunirnos y seamos contratados como sus abogados, podemos hacer arreglos para que vea a un m\u00e9dico calificado para su lesi\u00f3n espec\u00edfica si no conoce uno. Luego nos comunicaremos con todas las compa\u00f1\u00edas de seguros aplicables con respecto a sus lesiones y permaneceremos en estrecho contacto con usted durante todo el proceso. En las Oficinas Legales de The Barzakay Law Firm, nuestra pr\u00e1ctica est\u00e1 100% dedicada a la ley de lesiones personales. Nuestro equipo legal profesional est\u00e1 comprometido con la excelencia y la b\u00fasqueda de justicia. Manejamos casos en todo Estados Unidos y tenemos oficinas en los condados de Dade, Broward y Palm Beach.    [\/vc_column_text][\/vc_accordion_tab][vc_accordion_tab title=\u00bbResultados de casos\u00bb][mk_custom_list icon_color=\u00bb#1e73be\u00bb margin_bottom=\u00bb10&#8243; align=\u00bbleft\u00bb]<\/p>\n<ul>\n<li>$2,200,000.00 para una mujer que fue atropellada como peat\u00f3n por un cami\u00f3n que pasaba y sufri\u00f3 m\u00faltiples fracturas que requirieron varias cirug\u00edas<\/li>\n<li>$2,100,000.00 a la familia de un hombre diagnosticado err\u00f3neamente con c\u00e1ncer, que luego falleci\u00f3<\/li>\n<li>$1,800,000.00 para un caballero que fue diagnosticado err\u00f3neamente en el hospital mientras sufr\u00eda un derrame cerebral, dej\u00e1ndolo parcialmente discapacitado<\/li>\n<li>$1,450,000.00 a un joven que sufri\u00f3 una lesi\u00f3n cerebral como resultado de una negligencia m\u00e9dica relacionada con la anestesia durante la cirug\u00eda.<\/li>\n<li>$500,000.00 a una mujer que tuvo un accidente de tropiezo y ca\u00edda dentro de una tienda minorista sufriendo un tobillo y una mu\u00f1eca fracturados que requirieron cirug\u00eda.<\/li>\n<li>$390,000.00 a un hombre que sufri\u00f3 una lesi\u00f3n en la columna vertebral que requiri\u00f3 cirug\u00eda despu\u00e9s de una colisi\u00f3n trasera.<\/li>\n<li>$120,000.00 para una mujer que estuvo involucrada en un accidente automovil\u00edstico \u00abt-bone\u00bb, sufriendo una hernia de disco cervical<\/li>\n<li>L\u00edmites de p\u00f3liza de $ 100,000.00 obtenidos para un caballero que fue atropellado por un veh\u00edculo que requiri\u00f3 cirug\u00eda de rodilla<\/li>\n<li>$72,500.00 para una mujer que fue golpeada por la puerta de un ascensor que requiri\u00f3 cirug\u00eda de tobillo<\/li>\n<li>$90,000.00 para una mujer que resbal\u00f3 y cay\u00f3 en una escalera mal iluminada que requiri\u00f3 un procedimiento en la parte baja de la espalda<\/li>\n<li>L\u00edmites de p\u00f3liza de $100,000.00 obtenidos para una mujer que estuvo involucrada en un accidente automovil\u00edstico que requiri\u00f3 cirug\u00eda para reparar una pierna derecha fracturada<\/li>\n<li>$340,000.00 a un caballero involucrado en un accidente automovil\u00edstico que se someti\u00f3 a una cirug\u00eda de cuello para corregir una hernia de disco cervical<\/li>\n<li>L\u00edmites de p\u00f3liza de $ 150,000.00 obtenidos para un caballero involucrado en un accidente de vuelco que requiere m\u00faltiples cirug\u00edas<\/li>\n<li>$435,000.00 a una mujer que no fue diagnosticada oportunamente con c\u00e1ncer<\/li>\n<li>$150,000.00 para un caballero que estuvo involucrado en un accidente de motocicleta que requiri\u00f3 cirug\u00eda<\/li>\n<li>$320,000.00 para un caballero que se fractur\u00f3 el dedo gordo del pie y requiri\u00f3 una cirug\u00eda menor<\/li>\n<li>$300,000.00 para un caballero que tropez\u00f3 y cay\u00f3 sobre una tuber\u00eda rota que requiri\u00f3 cirug\u00eda de tobillo<\/li>\n<li>$130,000.00 a un joven que result\u00f3 herido en un accidente automovil\u00edstico, sufriendo una hernia de disco lumbar<\/li>\n<li>$115,000.00, a un caballero que result\u00f3 herido en un accidente automovil\u00edstico sufriendo una hernia de disco cervical<\/li>\n<li>L\u00edmites de p\u00f3liza de $ 110,000.00 obtenidos para un caballero involucrado en un accidente automovil\u00edstico que requiere cirug\u00eda de disco lumbar<\/li>\n<li>$180,000.00 a una mujer que fue sobreirradiada durante el tratamiento del c\u00e1ncer<\/li>\n<li>$90,000.00 a una mujer joven involucrada en un accidente automovil\u00edstico que requiere artroscopia de rodilla<\/li>\n<li>L\u00edmites de p\u00f3liza de $100,000.00 obtenidos para una mujer joven que fue interceptada por un autom\u00f3vil mientras andaba en bicicleta, lo que provoc\u00f3 una ca\u00edda que requiri\u00f3 cirug\u00eda de hombro<\/li>\n<li>L\u00edmites de p\u00f3liza de $ 150,000.00 obtenidos para un caballero involucrado en un accidente de vuelco que requiere m\u00faltiples cirug\u00edas<\/li>\n<li>L\u00edmites de p\u00f3liza de $ 100,000.00 obtenidos para un caballero que result\u00f3 lesionado en un accidente automovil\u00edstico y sufri\u00f3 una hernia de disco lumbar<\/li>\n<li>$150,000.00 a un ni\u00f1o que se lesion\u00f3 gravemente el dedo del pie en una piscina de condominio que requiri\u00f3 cirug\u00eda<\/li>\n<li>$120,000.00 a una mujer que estuvo involucrada en una colisi\u00f3n trasera sufriendo una hernia de disco cervical<\/li>\n<\/ul>\n<p>[\/mk_custom_list][\/vc_accordion_tab][\/vc_accordions][mk_padding_divider size=\u00bb10&#8243;][mk_testimonials style=\u00bbsimple\u00bb show_as=\u00bbslideshow\u00bb column=\u00bb3&#8243; skin=\u00bbdark\u00bb count=\u00bb-1&#8243; order=\u00bbASC\u00bb orderby=\u00bbdate\u00bb animation_speed=\u00bb700&#8243; slideshow_speed=\u00bb7000&#8243;][mk_fancy_title tag_name=\u00bbh3&#8243; style=\u00bbfalse\u00bb color=\u00bb#393836&#8243; size=\u00bb24&#8243; font_weight=\u00bbbold\u00bb font_style=\u00bbinhert\u00bb letter_spacing=\u00bb0&#8243; margin_top=\u00bb0&#8243; margin_bottom=\u00bb0&#8243; font_family=\u00bbnone\u00bb align=\u00bbleft\u00bb txt_transform=\u00bbuppercase\u00bb]\u00daltimos blogs[\/mk_fancy_title][mk_blog style=\u00bbmagazine\u00bb column=\u00bb3&#8243; thumbnail_align=\u00bbleft\u00bb magazine_strcutre=\u00bb2&#8243; image_size=\u00bbcrop\u00bb grid_image_height=\u00bb350&#8243; image_quality=\u00bb1&#8243; count=\u00bb5&#8243; offset=\u00bb0&#8243; transparent_border=\u00bbfalse\u00bb disable_meta=\u00bbtrue\u00bb disable_lightbox=\u00bbtrue\u00bb disable_comments_share=\u00bbtrue\u00bb full_content=\u00bbfalse\u00bb excerpt_length=\u00bb200&#8243; pagination=\u00bbtrue\u00bb pagination_style=\u00bb1&#8243; order=\u00bbDESC\u00bb orderby=\u00bbdate\u00bb item_id=\u00bb1425981263-54febf4f41589&#8243; cat=\u00bb5&#8243;][\/vc_column][\/vc_row][mk_page_section layout_structure=\u00bbfull\u00bb bg_color=\u00bb#dd3333&#8243; attachment=\u00bbscroll\u00bb bg_position=\u00bbleft top\u00bb bg_repeat=\u00bbrepeat\u00bb bg_stretch=\u00bbfalse\u00bb enable_3d=\u00bbfalse\u00bb speed_factor=\u00bb0.3&#8243; bg_video=\u00bbno\u00bb video_source=\u00bbself\u00bb stream_host_website=\u00bbyoutube\u00bb video_mask=\u00bbfalse\u00bb bg_gradient=\u00bbfalse\u00bb gr_end=\u00bb#1e73be\u00bb video_opacity=\u00bb0.6&#8243; top_shadow=\u00bbfalse\u00bb section_layout=\u00bbfull\u00bb sidebar=\u00bbsidebar-1&#8243; min_height=\u00bb100&#8243; full_width=\u00bbfalse\u00bb full_height=\u00bbfalse\u00bb intro_effect=\u00bbfalse\u00bb padding_top=\u00bb10&#8243; padding_bottom=\u00bb10&#8243; margin_bottom=\u00bb0&#8243; skip_arrow=\u00bbfalse\u00bb skip_arrow_skin=\u00bblight\u00bb first_page=\u00bbfalse\u00bb last_page=\u00bbfalse\u00bb][vc_column width=\u00bb1\/1&#8243;][mk_fancy_title tag_name=\u00bbh2&#8243; style=\u00bbfalse\u00bb color=\u00bb#000000&#8243; size=\u00bb24&#8243; font_weight=\u00bb900&#8243; font_style=\u00bbinhert\u00bb txt_transform=\u00bbuppercase\u00bb letter_spacing=\u00bb3&#8243; margin_top=\u00bb0&#8243; margin_bottom=\u00bb0&#8243; font_family=\u00bbnone\u00bb align=\u00bbcenter\u00bb animation=\u00bbleft-to-right\u00bb]Tipos de casos en los que Big Al puede ayudar:[\/mk_fancy_title][mk_fancy_title tag_name=\u00bbh6&#8243; style=\u00bbfalse\u00bb color=\u00bb#393836&#8243; size=\u00bb20&#8243; font_weight=\u00bb900&#8243; font_style=\u00bbinhert\u00bb txt_transform=\u00bbuppercase\u00bb letter_spacing=\u00bb0&#8243; margin_top=\u00bb0&#8243; margin_bottom=\u00bb2&#8243; font_family=\u00bbnone\u00bb align=\u00bbcenter\u00bb animation=\u00bbbottom-to-top\u00bb]<a href=\"https:\/\/hurt123.com\/es\/areas-de-practica\/\">Accidentes de veh\u00edculos<\/a> | <a href=\"https:\/\/hurt123.com\/es\/areas-de-practica\/\">Muerte por negligencia<\/a> | <a href=\"https:\/\/hurt123.com\/es\/areas-de-practica\/\">Negligencia m\u00e9dica<\/a> | <a href=\"https:\/\/hurt123.com\/es\/areas-de-practica\/\">Responsabilidad de las instalaciones<\/a> | <a href=\"https:\/\/hurt123.com\/es\/areas-de-practica\/\">Abuso en hogares de ancianos<\/a> | <a href=\"https:\/\/hurt123.com\/es\/areas-de-practica\/\">Mordeduras de perro<\/a> | <a href=\"https:\/\/hurt123.com\/es\/areas-de-practica\/\">Lesiones relacionadas con el trabajo<\/a> | <a href=\"https:\/\/hurt123.com\/es\/areas-de-practica\/\">Lesi\u00f3n cerebral traum\u00e1tica<\/a>[\/mk_fancy_title][\/vc_column][\/mk_page_section][mk_page_section layout_structure=\u00bbfull\u00bb bg_color=\u00bb#1e73be\u00bb attachment=\u00bbscroll\u00bb bg_position=\u00bbleft top\u00bb bg_repeat=\u00bbrepeat\u00bb bg_stretch=\u00bbfalse\u00bb enable_3d=\u00bbfalse\u00bb speed_factor=\u00bb0.3&#8243; bg_video=\u00bbno\u00bb video_source=\u00bbself\u00bb stream_host_website=\u00bbyoutube\u00bb video_mask=\u00bbfalse\u00bb bg_gradient=\u00bbfalse\u00bb gr_end=\u00bb#1e73be\u00bb video_opacity=\u00bb0.6&#8243; top_shadow=\u00bbfalse\u00bb section_layout=\u00bbfull\u00bb sidebar=\u00bbsidebar-1&#8243; min_height=\u00bb100&#8243; full_width=\u00bbfalse\u00bb full_height=\u00bbfalse\u00bb intro_effect=\u00bbfalse\u00bb padding_top=\u00bb10&#8243; padding_bottom=\u00bb10&#8243; margin_bottom=\u00bb0&#8243; skip_arrow=\u00bbfalse\u00bb skip_arrow_skin=\u00bblight\u00bb first_page=\u00bbfalse\u00bb last_page=\u00bbfalse\u00bb][vc_column width=\u00bb2\/3&#8243;][mk_padding_divider size=\u00bb40&#8243;][mk_fancy_title tag_name=\u00bbh4&#8243; style=\u00bbfalse\u00bb color=\u00bb#ffffff\u00bb size=\u00bb18&#8243; font_weight=\u00bb900&#8243; font_style=\u00bbinhert\u00bb txt_transform=\u00bbuppercase\u00bb letter_spacing=\u00bb3&#8243; margin_top=\u00bb0&#8243; margin_bottom=\u00bb24&#8243; font_family=\u00bbnone\u00bb align=\u00bbcenter\u00bb animation=\u00bbleft-to-right\u00bb]\u00bfLesionado en un accidente, resbal\u00f3n o ca\u00edda en St. Louis?[\/mk_fancy_title][\/vc_column][vc_column width=\u00bb1\/3&#8243;][mk_button dimension=\u00bbthree\u00bb corner_style=\u00bbrounded\u00bb size=\u00bblarge\u00bb outline_skin=\u00bbdark\u00bb outline_active_color=\u00bb#ffffff\u00bb outline_hover_color=\u00bb#333333&#8243; bg_color=\u00bb#ffffff\u00bb btn_hover_bg=\u00bb#252525&#8243; text_color=\u00bbdark\u00bb icon_anim=\u00bbnone\u00bb url=\u00bbtel:180044878123&#8243; target=\u00bb_self\u00bb align=\u00bbcenter\u00bb fullwidth=\u00bbfalse\u00bb button_custom_width=\u00bb0&#8243; margin_top=\u00bb24&#8243; margin_bottom=\u00bb24&#8243; animation=\u00bbright-to-left\u00bb icon=\u00bbmk-moon-phone-4&#8243;]\u00a1Llame al 1-800-HURT-123 ahora![\/mk_button][\/vc_column][\/mk_page_section]<\/p>\n","protected":false},"excerpt":{"rendered":"<p>[mk_page_section layout_structure=\u00bbfull\u00bb bg_color=\u00bb#000000&#8243; attachment=\u00bbscroll\u00bb bg_position=\u00bbleft top\u00bb bg_repeat=\u00bbrepeat\u00bb bg_stretch=\u00bbfalse\u00bb enable_3d=\u00bbfalse\u00bb speed_factor=\u00bb0.3&#8243; bg_video=\u00bbno\u00bb video_source=\u00bbself\u00bb [&hellip;]<\/p>\n","protected":false},"author":12,"featured_media":0,"parent":40935,"menu_order":0,"comment_status":"open","ping_status":"open","template":"","meta":{"_acf_changed":false,"footnotes":""},"class_list":["post-41488","page","type-page","status-publish","hentry"],"acf":[],"_links":{"self":[{"href":"https:\/\/hurt123.com\/es\/wp-json\/wp\/v2\/pages\/41488","targetHints":{"allow":["GET"]}}],"collection":[{"href":"https:\/\/hurt123.com\/es\/wp-json\/wp\/v2\/pages"}],"about":[{"href":"https:\/\/hurt123.com\/es\/wp-json\/wp\/v2\/types\/page"}],"author":[{"embeddable":true,"href":"https:\/\/hurt123.com\/es\/wp-json\/wp\/v2\/users\/12"}],"replies":[{"embeddable":true,"href":"https:\/\/hurt123.com\/es\/wp-json\/wp\/v2\/comments?post=41488"}],"version-history":[{"count":0,"href":"https:\/\/hurt123.com\/es\/wp-json\/wp\/v2\/pages\/41488\/revisions"}],"up":[{"embeddable":true,"href":"https:\/\/hurt123.com\/es\/wp-json\/wp\/v2\/pages\/40935"}],"wp:attachment":[{"href":"https:\/\/hurt123.com\/es\/wp-json\/wp\/v2\/media?parent=41488"}],"curies":[{"name":"wp","href":"https:\/\/api.w.org\/{rel}","templated":true}]}}