{"id":42088,"date":"2025-10-15T19:39:02","date_gmt":"2025-10-15T19:39:02","guid":{"rendered":"https:\/\/hurt123.com\/recursos\/"},"modified":"2025-11-06T18:08:09","modified_gmt":"2025-11-06T18:08:09","slug":"recursos","status":"publish","type":"page","link":"https:\/\/hurt123.com\/es\/recursos\/","title":{"rendered":"Recursos"},"content":{"rendered":"\t\t<div data-elementor-type=\"wp-page\" data-elementor-id=\"42088\" class=\"elementor elementor-42088 elementor-41755\">\n\t\t\t\t<div data-ekitparallax=\"{&quot;ekit_section_parallax_bg&quot;:&quot;yes&quot;,&quot;ekit_section_parallax_bg_speed&quot;:0.5,&quot;elementor_lazy_load&quot;:&quot;1&quot;}\" class=\"elementor-element elementor-element-1591a59 page-header-ultimate e-flex e-con-boxed e-con e-parent\" data-id=\"1591a59\" data-element_type=\"container\" data-e-type=\"container\" data-settings=\"{&quot;background_background&quot;:&quot;classic&quot;}\">\n\t\t\t\t\t<div class=\"e-con-inner\">\n\t\t<div class=\"elementor-element elementor-element-950ec5d e-con-full e-flex e-con e-child\" data-id=\"950ec5d\" data-element_type=\"container\" data-e-type=\"container\">\n\t\t\t\t<div class=\"elementor-element elementor-element-6709bb4 at-heading-animation at-animation-heading-style-2 elementor-widget elementor-widget-heading\" data-id=\"6709bb4\" data-element_type=\"widget\" data-e-type=\"widget\" data-settings=\"{&quot;ekit_we_effect_on&quot;:&quot;none&quot;}\" data-widget_type=\"heading.default\">\n\t\t\t\t\t<h2 class=\"elementor-heading-title elementor-size-default\">Recursos<\/h2>\t\t\t\t<\/div>\n\t\t\t\t<div class=\"elementor-element elementor-element-577ec57 animated-slow elementor-invisible elementor-widget elementor-widget-justiq-breadcrumb\" data-id=\"577ec57\" data-element_type=\"widget\" data-e-type=\"widget\" data-settings=\"{&quot;_animation&quot;:&quot;fadeInRight&quot;,&quot;ekit_we_effect_on&quot;:&quot;none&quot;}\" data-widget_type=\"justiq-breadcrumb.default\">\n\t\t\t\t<div class=\"elementor-widget-container\">\n\t\t\t\t\t<div role=\"navigation\" aria-label=\"Breadcrumbs\" class=\"breadcrumb-trail breadcrumbs\"><ol class=\"trail-items\"><li class=\"trail-item trail-begin\"><a href=\"https:\/\/hurt123.com\/es\/\" rel=\"home\"><span>Home<\/span><\/a><\/li><li class=\"trail-item trail-end\"><span><span>Recursos<\/span><\/span><\/li><\/ol><\/div>\t\t\t\t<\/div>\n\t\t\t\t<\/div>\n\t\t\t\t<\/div>\n\t\t\t\t\t<\/div>\n\t\t\t\t<\/div>\n\t\t<div class=\"elementor-element elementor-element-e81e1f8 e-flex e-con-boxed e-con e-parent\" data-id=\"e81e1f8\" data-element_type=\"container\" data-e-type=\"container\">\n\t\t\t\t\t<div class=\"e-con-inner\">\n\t\t\t\t<div class=\"elementor-element elementor-element-d8d33cc section-title at-heading-animation at-animation-heading-none elementor-widget elementor-widget-heading\" data-id=\"d8d33cc\" data-element_type=\"widget\" data-e-type=\"widget\" data-settings=\"{&quot;ekit_we_effect_on&quot;:&quot;none&quot;}\" data-widget_type=\"heading.default\">\n\t\t\t\t\t<h3 class=\"elementor-heading-title elementor-size-default\">Obtenga las respuestas que necesita sobre su caso de lesiones<\/h3>\t\t\t\t<\/div>\n\t\t\t\t<div class=\"elementor-element elementor-element-b8e8ba5 at-heading-animation at-animation-heading-none elementor-widget elementor-widget-heading\" data-id=\"b8e8ba5\" data-element_type=\"widget\" data-e-type=\"widget\" data-settings=\"{&quot;ekit_we_effect_on&quot;:&quot;none&quot;}\" data-widget_type=\"heading.default\">\n\t\t\t\t\t<h2 class=\"elementor-heading-title elementor-size-default\">Su biblioteca de recursos de lesiones personales<\/h2>\t\t\t\t<\/div>\n\t\t\t\t\t<\/div>\n\t\t\t\t<\/div>\n\t\t<div class=\"elementor-element elementor-element-5870d966 e-flex e-con-boxed e-con e-parent\" data-id=\"5870d966\" data-element_type=\"container\" data-e-type=\"container\">\n\t\t\t\t\t<div class=\"e-con-inner\">\n\t\t<div class=\"elementor-element elementor-element-18938aca e-grid e-con-full e-con e-child\" data-id=\"18938aca\" data-element_type=\"container\" data-e-type=\"container\">\n\t\t<a class=\"elementor-element elementor-element-25887514 e-con-full e-flex e-con e-child\" data-id=\"25887514\" data-element_type=\"container\" data-e-type=\"container\" data-settings=\"{&quot;background_background&quot;:&quot;classic&quot;}\" href=\"https:\/\/hurt123.com\/resources\/what-should-i-look-for-when-comparing-accident-attorneys-in-my-area\/\">\n\t\t\t\t<div class=\"elementor-element elementor-element-729db6d8 at-image-animation at-animation-image-style-1 at-shiny-glass-effect elementor-widget elementor-widget-image\" data-id=\"729db6d8\" data-element_type=\"widget\" data-e-type=\"widget\" data-settings=\"{&quot;ekit_we_effect_on&quot;:&quot;none&quot;}\" data-widget_type=\"image.default\">\n\t\t\t\t\t\t\t\t\t\t\t\t\t\t\t<img fetchpriority=\"high\" decoding=\"async\" width=\"800\" height=\"450\" src=\"https:\/\/hurt123.com\/wp-content\/uploads\/2025\/10\/What-Should-I-Look-for-When-Comparing-Accident-Attorneys-in-My-Area--1024x576.jpg\" class=\"attachment-large size-large wp-image-41772\" alt=\"What Should I Look for When Comparing Accident Attorneys in My Area?\" srcset=\"https:\/\/hurt123.com\/wp-content\/uploads\/2025\/10\/What-Should-I-Look-for-When-Comparing-Accident-Attorneys-in-My-Area--1024x576.jpg 1024w, https:\/\/hurt123.com\/wp-content\/uploads\/2025\/10\/What-Should-I-Look-for-When-Comparing-Accident-Attorneys-in-My-Area--300x169.jpg 300w, https:\/\/hurt123.com\/wp-content\/uploads\/2025\/10\/What-Should-I-Look-for-When-Comparing-Accident-Attorneys-in-My-Area--768x432.jpg 768w, https:\/\/hurt123.com\/wp-content\/uploads\/2025\/10\/What-Should-I-Look-for-When-Comparing-Accident-Attorneys-in-My-Area-.jpg 1366w\" sizes=\"(max-width: 800px) 100vw, 800px\" \/>\t\t\t\t\t\t\t\t\t\t\t\t\t\t\t<\/div>\n\t\t\t\t<div class=\"elementor-element elementor-element-2120214f at-heading-animation at-animation-heading-none elementor-widget elementor-widget-heading\" data-id=\"2120214f\" data-element_type=\"widget\" data-e-type=\"widget\" data-settings=\"{&quot;ekit_we_effect_on&quot;:&quot;none&quot;}\" data-widget_type=\"heading.default\">\n\t\t\t\t\t<h3 class=\"elementor-heading-title elementor-size-default\">Comparaci\u00f3n de abogados de accidentes<\/h3>\t\t\t\t<\/div>\n\t\t\t\t<div class=\"elementor-element elementor-element-5bb64d76 elementor-widget elementor-widget-text-editor\" data-id=\"5bb64d76\" data-element_type=\"widget\" data-e-type=\"widget\" data-settings=\"{&quot;ekit_we_effect_on&quot;:&quot;none&quot;}\" data-widget_type=\"text-editor.default\">\n\t\t\t\t\t\t\t\t\t\u00bfQu\u00e9 debo buscar al comparar abogados de accidentes en mi \u00e1rea?\t\t\t\t\t\t\t\t<\/div>\n\t\t\t\t<\/a>\n\t\t<a class=\"elementor-element elementor-element-440fe728 e-con-full e-flex e-con e-child\" data-id=\"440fe728\" data-element_type=\"container\" data-e-type=\"container\" data-settings=\"{&quot;background_background&quot;:&quot;classic&quot;}\" href=\"https:\/\/hurt123.com\/resources\/where-can-i-book-a-consultation-with-a-workplace-injury-lawyer-in-hollywood\/\">\n\t\t\t\t<div class=\"elementor-element elementor-element-e513197 at-image-animation at-animation-image-style-1 at-shiny-glass-effect elementor-widget elementor-widget-image\" data-id=\"e513197\" data-element_type=\"widget\" data-e-type=\"widget\" data-settings=\"{&quot;ekit_we_effect_on&quot;:&quot;none&quot;}\" data-widget_type=\"image.default\">\n\t\t\t\t\t\t\t\t\t\t\t\t\t\t\t<img decoding=\"async\" width=\"800\" height=\"450\" src=\"https:\/\/hurt123.com\/wp-content\/uploads\/2025\/10\/Where-Can-I-Book-a-Consultation-With-a-Workplace-Injury-Lawyer-in-Hollywood--1024x576.jpg\" class=\"attachment-large size-large wp-image-41806\" alt=\"Where Can I Book a Consultation With a Workplace Injury Lawyer in Hollywood?\" srcset=\"https:\/\/hurt123.com\/wp-content\/uploads\/2025\/10\/Where-Can-I-Book-a-Consultation-With-a-Workplace-Injury-Lawyer-in-Hollywood--1024x576.jpg 1024w, https:\/\/hurt123.com\/wp-content\/uploads\/2025\/10\/Where-Can-I-Book-a-Consultation-With-a-Workplace-Injury-Lawyer-in-Hollywood--300x169.jpg 300w, https:\/\/hurt123.com\/wp-content\/uploads\/2025\/10\/Where-Can-I-Book-a-Consultation-With-a-Workplace-Injury-Lawyer-in-Hollywood--768x432.jpg 768w, https:\/\/hurt123.com\/wp-content\/uploads\/2025\/10\/Where-Can-I-Book-a-Consultation-With-a-Workplace-Injury-Lawyer-in-Hollywood-.jpg 1366w\" sizes=\"(max-width: 800px) 100vw, 800px\" \/>\t\t\t\t\t\t\t\t\t\t\t\t\t\t\t<\/div>\n\t\t\t\t<div class=\"elementor-element elementor-element-76ba8efa at-heading-animation at-animation-heading-none elementor-widget elementor-widget-heading\" data-id=\"76ba8efa\" data-element_type=\"widget\" data-e-type=\"widget\" data-settings=\"{&quot;ekit_we_effect_on&quot;:&quot;none&quot;}\" data-widget_type=\"heading.default\">\n\t\t\t\t\t<h3 class=\"elementor-heading-title elementor-size-default\">Lesi\u00f3n en el lugar de trabajo <br>en Hollywood?<\/h3>\t\t\t\t<\/div>\n\t\t\t\t<div class=\"elementor-element elementor-element-1fe6eb69 elementor-widget elementor-widget-text-editor\" data-id=\"1fe6eb69\" data-element_type=\"widget\" data-e-type=\"widget\" data-settings=\"{&quot;ekit_we_effect_on&quot;:&quot;none&quot;}\" data-widget_type=\"text-editor.default\">\n\t\t\t\t\t\t\t\t\t<p>\u00bfD\u00f3nde puedo reservar una consulta con un abogado de lesiones laborales en Hollywood?<\/p>\t\t\t\t\t\t\t\t<\/div>\n\t\t\t\t<\/a>\n\t\t<a class=\"elementor-element elementor-element-ca5dc5 e-con-full e-flex e-con e-child\" data-id=\"ca5dc5\" data-element_type=\"container\" data-e-type=\"container\" data-settings=\"{&quot;background_background&quot;:&quot;classic&quot;}\" href=\"https:\/\/hurt123.com\/resources\/how-do-i-know-if-i-need-a-lawyer-for-my-slip-and-fall-case-in-fort-lauderdale\/\">\n\t\t\t\t<div class=\"elementor-element elementor-element-61bab187 at-image-animation at-animation-image-style-1 at-shiny-glass-effect elementor-widget elementor-widget-image\" data-id=\"61bab187\" data-element_type=\"widget\" data-e-type=\"widget\" data-settings=\"{&quot;ekit_we_effect_on&quot;:&quot;none&quot;}\" data-widget_type=\"image.default\">\n\t\t\t\t\t\t\t\t\t\t\t\t\t\t\t<img decoding=\"async\" width=\"800\" height=\"450\" src=\"https:\/\/hurt123.com\/wp-content\/uploads\/2025\/10\/How-Do-I-Know-If-I-Need-a-Lawyer-for-My-Slip-and-Fall-Case-in-Fort-Lauderdale--1024x576.jpg\" class=\"attachment-large size-large wp-image-41814\" alt=\"How Do I Know If I Need a Lawyer for My Slip and Fall Case in Fort Lauderdale?\" srcset=\"https:\/\/hurt123.com\/wp-content\/uploads\/2025\/10\/How-Do-I-Know-If-I-Need-a-Lawyer-for-My-Slip-and-Fall-Case-in-Fort-Lauderdale--1024x576.jpg 1024w, https:\/\/hurt123.com\/wp-content\/uploads\/2025\/10\/How-Do-I-Know-If-I-Need-a-Lawyer-for-My-Slip-and-Fall-Case-in-Fort-Lauderdale--300x169.jpg 300w, https:\/\/hurt123.com\/wp-content\/uploads\/2025\/10\/How-Do-I-Know-If-I-Need-a-Lawyer-for-My-Slip-and-Fall-Case-in-Fort-Lauderdale--768x432.jpg 768w, https:\/\/hurt123.com\/wp-content\/uploads\/2025\/10\/How-Do-I-Know-If-I-Need-a-Lawyer-for-My-Slip-and-Fall-Case-in-Fort-Lauderdale-.jpg 1366w\" sizes=\"(max-width: 800px) 100vw, 800px\" \/>\t\t\t\t\t\t\t\t\t\t\t\t\t\t\t<\/div>\n\t\t\t\t<div class=\"elementor-element elementor-element-1abb28c3 at-heading-animation at-animation-heading-none elementor-widget elementor-widget-heading\" data-id=\"1abb28c3\" data-element_type=\"widget\" data-e-type=\"widget\" data-settings=\"{&quot;ekit_we_effect_on&quot;:&quot;none&quot;}\" data-widget_type=\"heading.default\">\n\t\t\t\t\t<h3 class=\"elementor-heading-title elementor-size-default\">Resbalones y ca\u00eddas en <br>\u00bfFort Lauderdale?<\/h3>\t\t\t\t<\/div>\n\t\t\t\t<div class=\"elementor-element elementor-element-57dae835 elementor-widget elementor-widget-text-editor\" data-id=\"57dae835\" data-element_type=\"widget\" data-e-type=\"widget\" data-settings=\"{&quot;ekit_we_effect_on&quot;:&quot;none&quot;}\" data-widget_type=\"text-editor.default\">\n\t\t\t\t\t\t\t\t\t<p>\u00bfC\u00f3mo s\u00e9 si necesito un abogado para mi caso de resbal\u00f3n y ca\u00edda en Fort Lauderdale?<\/p>\t\t\t\t\t\t\t\t<\/div>\n\t\t\t\t<\/a>\n\t\t\t\t<\/div>\n\t\t\t\t\t<\/div>\n\t\t\t\t<\/div>\n\t\t\t\t<\/div>\n\t\t","protected":false},"excerpt":{"rendered":"<p>Recursos Home Obtenga las respuestas que necesita sobre su caso de lesiones [&hellip;]<\/p>\n","protected":false},"author":12,"featured_media":41758,"parent":0,"menu_order":0,"comment_status":"open","ping_status":"closed","template":"elementor_header_footer","meta":{"_acf_changed":false,"footnotes":""},"class_list":["post-42088","page","type-page","status-publish","has-post-thumbnail","hentry"],"acf":[],"_links":{"self":[{"href":"https:\/\/hurt123.com\/es\/wp-json\/wp\/v2\/pages\/42088","targetHints":{"allow":["GET"]}}],"collection":[{"href":"https:\/\/hurt123.com\/es\/wp-json\/wp\/v2\/pages"}],"about":[{"href":"https:\/\/hurt123.com\/es\/wp-json\/wp\/v2\/types\/page"}],"author":[{"embeddable":true,"href":"https:\/\/hurt123.com\/es\/wp-json\/wp\/v2\/users\/12"}],"replies":[{"embeddable":true,"href":"https:\/\/hurt123.com\/es\/wp-json\/wp\/v2\/comments?post=42088"}],"version-history":[{"count":0,"href":"https:\/\/hurt123.com\/es\/wp-json\/wp\/v2\/pages\/42088\/revisions"}],"wp:featuredmedia":[{"embeddable":true,"href":"https:\/\/hurt123.com\/es\/wp-json\/wp\/v2\/media\/41758"}],"wp:attachment":[{"href":"https:\/\/hurt123.com\/es\/wp-json\/wp\/v2\/media?parent=42088"}],"curies":[{"name":"wp","href":"https:\/\/api.w.org\/{rel}","templated":true}]}}